{"id":180,"date":"2022-11-28T10:44:22","date_gmt":"2022-11-28T09:44:22","guid":{"rendered":"https:\/\/nawydmie.com.pl\/?page_id=180"},"modified":"2026-01-21T11:13:38","modified_gmt":"2026-01-21T10:13:38","slug":"pokoj-family-budynek-b","status":"publish","type":"page","link":"https:\/\/nawydmie.com.pl\/de\/pokoj-family-budynek-b\/","title":{"rendered":"Pok\u00f3j Family \u2013 budynek B"},"content":{"rendered":"<p><\/p>\n\n\n\n<h3><strong>Pok\u00f3j Family \u2013 budynek B<\/strong><\/h3>\n\n\n<style>#kt-layout-id_360bdd-63 > .kt-row-column-wrap{align-content:start;}:where(#kt-layout-id_360bdd-63 > .kt-row-column-wrap) > .wp-block-kadence-column{justify-content:start;}#kt-layout-id_360bdd-63 > .kt-row-column-wrap{column-gap:var(--global-kb-gap-md, 2rem);row-gap:var(--global-kb-gap-md, 2rem);padding-top:var( --global-kb-row-default-top, 25px );padding-bottom:var( --global-kb-row-default-bottom, 25px );padding-top:var(--global-kb-spacing-sm, 1.5rem);padding-bottom:var(--global-kb-spacing-sm, 1.5rem);grid-template-columns:repeat(2, minmax(0, 1fr));}#kt-layout-id_360bdd-63 > .kt-row-layout-overlay{opacity:0.30;}@media all and (max-width: 1024px){#kt-layout-id_360bdd-63 > .kt-row-column-wrap{grid-template-columns:repeat(2, minmax(0, 1fr));}}@media all and (max-width: 767px){#kt-layout-id_360bdd-63 > .kt-row-column-wrap{grid-template-columns:minmax(0, 1fr);}}<\/style>\n<div class=\"wp-block-kadence-rowlayout alignnone\"><div id=\"kt-layout-id_360bdd-63\" class=\"kt-row-layout-inner kt-layout-id_360bdd-63\"><div class=\"kt-row-column-wrap kt-has-2-columns kt-gutter-default kt-v-gutter-default kt-row-valign-top kt-row-layout-equal kt-tab-layout-inherit kt-m-colapse-left-to-right kt-mobile-layout-row\"><style>.kadence-column_f9272a-56 > .kt-inside-inner-col{border-top-width:0px;border-right-width:0px;border-bottom-width:0px;border-left-width:0px;}.kadence-column_f9272a-56 > .kt-inside-inner-col,.kadence-column_f9272a-56 > .kt-inside-inner-col:before{border-top-left-radius:0px;border-top-right-radius:0px;border-bottom-right-radius:0px;border-bottom-left-radius:0px;}.kadence-column_f9272a-56 > .kt-inside-inner-col{column-gap:var(--global-kb-gap-sm, 1rem);}.kadence-column_f9272a-56 > .kt-inside-inner-col{flex-direction:column;}.kadence-column_f9272a-56 > .kt-inside-inner-col > .aligncenter{width:100%;}.kadence-column_f9272a-56 > .kt-inside-inner-col:before{opacity:0.3;}.kadence-column_f9272a-56{position:relative;}@media all and (max-width: 1024px){.kadence-column_f9272a-56 > .kt-inside-inner-col{flex-direction:column;}}@media all and (max-width: 767px){.kadence-column_f9272a-56 > .kt-inside-inner-col{flex-direction:column;}}<\/style>\n<div class=\"wp-block-kadence-column inner-column-1 kadence-column_f9272a-56\"><div class=\"kt-inside-inner-col\">\n<p>Pok\u00f3j Family \u2013&nbsp;s\u0105 to dwa pokoje o numerach 23 oraz 24, znajduj\u0105ce si\u0119 na pi\u0119trze budynku B. Pok\u00f3j nr 23 jest o powierzchni ok. 23 m2 + wiatro\u0142ap, natomiast pok\u00f3j nr 24 ma ok. 22 m2. Pokoje posiadaj\u0105 \u0142azienk\u0119 z pe\u0142nym w\u0119z\u0142em sanitarnym, TV-SAT, Wi-Fi, lod\u00f3wka, czajnik elektryczny, naczynia sto\u0142owe (talerze, szklanki, kubki, sztu\u0107ce), lampa stoj\u0105ca oraz suszarka na bielizn\u0119.<br>Przed pokojami znajduj\u0105 si\u0119 meble ogrodowe (stolik + 2 krzes\u0142a).<\/p>\n<p>&nbsp;<\/p>\n<\/div><\/div>\n\n\n<style>.kadence-column_e278e4-65 > .kt-inside-inner-col{border-top-width:0px;border-right-width:0px;border-bottom-width:0px;border-left-width:0px;}.kadence-column_e278e4-65 > .kt-inside-inner-col,.kadence-column_e278e4-65 > .kt-inside-inner-col:before{border-top-left-radius:0px;border-top-right-radius:0px;border-bottom-right-radius:0px;border-bottom-left-radius:0px;}.kadence-column_e278e4-65 > .kt-inside-inner-col{column-gap:var(--global-kb-gap-sm, 1rem);}.kadence-column_e278e4-65 > .kt-inside-inner-col{flex-direction:column;}.kadence-column_e278e4-65 > .kt-inside-inner-col > .aligncenter{width:100%;}.kadence-column_e278e4-65 > .kt-inside-inner-col:before{opacity:0.3;}.kadence-column_e278e4-65{position:relative;}@media all and (max-width: 1024px){.kadence-column_e278e4-65 > .kt-inside-inner-col{flex-direction:column;}}@media all and (max-width: 767px){.kadence-column_e278e4-65 > .kt-inside-inner-col{flex-direction:column;}}<\/style>\n<div class=\"wp-block-kadence-column inner-column-2 kadence-column_e278e4-65\"><div class=\"kt-inside-inner-col\">\n<p><strong>Dost\u0119pne konfiguracje miejsc do spania:<\/strong><\/p>\n<ul>\n<li>P-23 \u2013 dwa \u0142\u00f3\u017cka pojedyncze + naro\u017cnik rozk\u0142adany<\/li>\n<li>P-24 \u2013 \u0142\u00f3\u017cko ma\u0142\u017ce\u0144skie + wersalka 2-osobowa rozk\u0142adana<\/li>\n<\/ul>\n<p>Sprz\u0119t pla\u017cowy (le\u017caki i parawany) wypo\u017cyczamy bezp\u0142atnie za kaucj\u0105 w<br \/>Recepcji O\u015brodka.<\/p>\n<p>\u00a0<\/p>\n<\/div><\/div>\n<\/div><\/div><\/div>\n\n\n<style>.wp-block-kadence-advancedgallery.kb-gallery-wrap-id-_9af590-c4{margin-top:0px;margin-right:0px;margin-bottom:0px;margin-left:0px;}.wp-block-kadence-advancedgallery .kb-gallery-type-grid.kb-gallery-id-_9af590-c4{margin:-11px;}.kb-gallery-type-grid.kb-gallery-id-_9af590-c4 .kadence-blocks-gallery-item{padding:11px;}.kb-gallery-id-_9af590-c4 .kadence-blocks-gallery-item .kb-gal-image-radius{border-radius:15px 15px 15px 15px;}<\/style>\n<div class=\"wp-block-kadence-advancedgallery kb-gallery-wrap-id-_9af590-c4\"><ul class=\"kb-gallery-ul kb-gallery-type-grid kb-gallery-id-_9af590-c4 kb-gallery-caption-style-bottom-hover kb-gallery-filter-none kb-gallery-magnific-init\" data-item-selector=\".kadence-blocks-gallery-item\" data-image-filter=\"none\" data-lightbox-caption=\"true\" data-columns-xxl=\"3\" data-columns-xl=\"3\" data-columns-lg=\"3\" data-columns-md=\"2\" data-columns-sm=\"1\" data-columns-xs=\"1\" data-columns-ss=\"1\"><li class=\"kadence-blocks-gallery-item\"><div class=\"kadence-blocks-gallery-item-inner\"><figure class=\"kb-gallery-figure kb-gallery-item-has-link kadence-blocks-gallery-item-hide-caption kb-has-image-ratio-land32\"><a href=\"https:\/\/nawydmie.com.pl\/wp-content\/uploads\/2022\/11\/NA_WYDMIE_NOWE_pomniejszone-13-of-84-min.jpg\" class=\"kb-gallery-item-link\"><div class=\"kb-gal-image-radius\"><div class=\"kb-gallery-image-contain kadence-blocks-gallery-intrinsic kb-gallery-image-ratio-land32\"><img loading=\"lazy\" decoding=\"async\" src=\"https:\/\/nawydmie.com.pl\/wp-content\/uploads\/2022\/11\/NA_WYDMIE_NOWE_pomniejszone-13-of-84-min.jpg\" width=\"1400\" height=\"862\" alt=\"Budynek B\" data-full-image=\"https:\/\/nawydmie.com.pl\/wp-content\/uploads\/2022\/11\/NA_WYDMIE_NOWE_pomniejszone-13-of-84-min.jpg\" data-light-image=\"https:\/\/nawydmie.com.pl\/wp-content\/uploads\/2022\/11\/NA_WYDMIE_NOWE_pomniejszone-13-of-84-min.jpg\" data-id=\"183\" data-link=\"https:\/\/nawydmie.com.pl\/pokoj-family-budynek-b\/na_wydmie_nowe_pomniejszone-13-of-84-min\/\" data-custom-link=\"\" data-custom-link-target=\"\" data-sponsored=\"\" class=\"wp-image-183\"\/><\/div><div class=\"kadence-blocks-gallery-item__caption\">Widok na budynek B<\/div><\/div><\/a><\/figure><\/div><\/li><\/ul><\/div>","protected":false},"excerpt":{"rendered":"<p>Pok\u00f3j Family \u2013 budynek B Pok\u00f3j Family \u2013&nbsp;s\u0105 to dwa pokoje o numerach 23 oraz 24, znajduj\u0105ce si\u0119 na pi\u0119trze budynku B. Pok\u00f3j nr 23 [&hellip;]<\/p>\n","protected":false},"author":2,"featured_media":0,"parent":0,"menu_order":0,"comment_status":"closed","ping_status":"closed","template":"","meta":{"_acf_changed":false,"footnotes":""},"class_list":["post-180","page","type-page","status-publish","hentry"],"acf":[],"yoast_head":"<!-- This site is optimized with the Yoast SEO plugin v22.4 - https:\/\/yoast.com\/wordpress\/plugins\/seo\/ -->\n<title>Pok\u00f3j Family \u2013 budynek B - Na Wydmie<\/title>\n<meta name=\"robots\" content=\"index, follow, max-snippet:-1, max-image-preview:large, max-video-preview:-1\" \/>\n<link rel=\"canonical\" href=\"https:\/\/nawydmie.com.pl\/de\/pokoj-family-budynek-b\/\" \/>\n<meta property=\"og:locale\" content=\"de_DE\" \/>\n<meta property=\"og:type\" content=\"article\" \/>\n<meta property=\"og:title\" content=\"Pok\u00f3j Family \u2013 budynek B - Na Wydmie\" \/>\n<meta property=\"og:description\" content=\"Pok\u00f3j Family \u2013 budynek B Pok\u00f3j Family \u2013&nbsp;s\u0105 to dwa pokoje o numerach 23 oraz 24, znajduj\u0105ce si\u0119 na pi\u0119trze budynku B. Pok\u00f3j nr 23 [&hellip;]\" \/>\n<meta property=\"og:url\" content=\"https:\/\/nawydmie.com.pl\/de\/pokoj-family-budynek-b\/\" \/>\n<meta property=\"og:site_name\" content=\"Na Wydmie\" \/>\n<meta property=\"article:modified_time\" content=\"2026-01-21T10:13:38+00:00\" \/>\n<meta property=\"og:image\" content=\"https:\/\/nawydmie.com.pl\/wp-content\/uploads\/2022\/12\/IMG_20220813_124347-min.jpg\" \/>\n<meta name=\"twitter:card\" content=\"summary_large_image\" \/>\n<meta name=\"twitter:label1\" content=\"Gesch\u00e4tzte Lesezeit\" \/>\n\t<meta name=\"twitter:data1\" content=\"1\u00a0Minute\" \/>\n<script type=\"application\/ld+json\" class=\"yoast-schema-graph\">{\"@context\":\"https:\/\/schema.org\",\"@graph\":[{\"@type\":\"WebPage\",\"@id\":\"https:\/\/nawydmie.com.pl\/de\/pokoj-family-budynek-b\/\",\"url\":\"https:\/\/nawydmie.com.pl\/de\/pokoj-family-budynek-b\/\",\"name\":\"Pok\u00f3j Family \u2013 budynek B - Na Wydmie\",\"isPartOf\":{\"@id\":\"https:\/\/nawydmie.com.pl\/de\/#website\"},\"primaryImageOfPage\":{\"@id\":\"https:\/\/nawydmie.com.pl\/de\/pokoj-family-budynek-b\/#primaryimage\"},\"image\":{\"@id\":\"https:\/\/nawydmie.com.pl\/pokoj-family-budynek-b\/#primaryimage\"},\"thumbnailUrl\":\"https:\/\/nawydmie.com.pl\/wp-content\/uploads\/2022\/12\/IMG_20220813_124347-min.jpg\",\"datePublished\":\"2022-11-28T09:44:22+00:00\",\"dateModified\":\"2026-01-21T10:13:38+00:00\",\"breadcrumb\":{\"@id\":\"https:\/\/nawydmie.com.pl\/de\/pokoj-family-budynek-b\/#breadcrumb\"},\"inLanguage\":\"de\",\"potentialAction\":[{\"@type\":\"ReadAction\",\"target\":[[\"https:\/\/nawydmie.com.pl\/de\/pokoj-family-budynek-b\/\"]]}]},{\"@type\":\"ImageObject\",\"inLanguage\":\"de\",\"@id\":\"https:\/\/nawydmie.com.pl\/de\/pokoj-family-budynek-b\/#primaryimage\",\"url\":\"https:\/\/nawydmie.com.pl\/wp-content\/uploads\/2022\/12\/IMG_20220813_124347-min.jpg\",\"contentUrl\":\"https:\/\/nawydmie.com.pl\/wp-content\/uploads\/2022\/12\/IMG_20220813_124347-min.jpg\"},{\"@type\":\"BreadcrumbList\",\"@id\":\"https:\/\/nawydmie.com.pl\/de\/pokoj-family-budynek-b\/#breadcrumb\",\"itemListElement\":[{\"@type\":\"ListItem\",\"position\":1,\"name\":\"Strona g\u0142\u00f3wna\",\"item\":\"https:\/\/nawydmie.com.pl\/de\/\"},{\"@type\":\"ListItem\",\"position\":2,\"name\":\"Pok\u00f3j Family \u2013 budynek B\"}]},{\"@type\":\"WebSite\",\"@id\":\"https:\/\/nawydmie.com.pl\/de\/#website\",\"url\":\"https:\/\/nawydmie.com.pl\/de\/\",\"name\":\"Na Wydmie\",\"description\":\"Kolejna witryna oparta na WordPressie\",\"potentialAction\":[{\"@type\":\"SearchAction\",\"target\":{\"@type\":\"EntryPoint\",\"urlTemplate\":\"https:\/\/nawydmie.com.pl\/de\/?s={search_term_string}\"},\"query-input\":\"required name=search_term_string\"}],\"inLanguage\":\"de\"}]}<\/script>\n<!-- \/ Yoast SEO plugin. -->","yoast_head_json":{"title":"Pok\u00f3j Family \u2013 budynek B - Na Wydmie","robots":{"index":"index","follow":"follow","max-snippet":"max-snippet:-1","max-image-preview":"max-image-preview:large","max-video-preview":"max-video-preview:-1"},"canonical":"https:\/\/nawydmie.com.pl\/de\/pokoj-family-budynek-b\/","og_locale":"de_DE","og_type":"article","og_title":"Pok\u00f3j Family \u2013 budynek B - Na Wydmie","og_description":"Pok\u00f3j Family \u2013 budynek B Pok\u00f3j Family \u2013&nbsp;s\u0105 to dwa pokoje o numerach 23 oraz 24, znajduj\u0105ce si\u0119 na pi\u0119trze budynku B. Pok\u00f3j nr 23 [&hellip;]","og_url":"https:\/\/nawydmie.com.pl\/de\/pokoj-family-budynek-b\/","og_site_name":"Na Wydmie","article_modified_time":"2026-01-21T10:13:38+00:00","og_image":[{"url":"https:\/\/nawydmie.com.pl\/wp-content\/uploads\/2022\/12\/IMG_20220813_124347-min.jpg"}],"twitter_card":"summary_large_image","twitter_misc":{"Gesch\u00e4tzte Lesezeit":"1\u00a0Minute"},"schema":{"@context":"https:\/\/schema.org","@graph":[{"@type":"WebPage","@id":"https:\/\/nawydmie.com.pl\/de\/pokoj-family-budynek-b\/","url":"https:\/\/nawydmie.com.pl\/de\/pokoj-family-budynek-b\/","name":"Pok\u00f3j Family \u2013 budynek B - Na Wydmie","isPartOf":{"@id":"https:\/\/nawydmie.com.pl\/de\/#website"},"primaryImageOfPage":{"@id":"https:\/\/nawydmie.com.pl\/de\/pokoj-family-budynek-b\/#primaryimage"},"image":{"@id":"https:\/\/nawydmie.com.pl\/pokoj-family-budynek-b\/#primaryimage"},"thumbnailUrl":"https:\/\/nawydmie.com.pl\/wp-content\/uploads\/2022\/12\/IMG_20220813_124347-min.jpg","datePublished":"2022-11-28T09:44:22+00:00","dateModified":"2026-01-21T10:13:38+00:00","breadcrumb":{"@id":"https:\/\/nawydmie.com.pl\/de\/pokoj-family-budynek-b\/#breadcrumb"},"inLanguage":"de","potentialAction":[{"@type":"ReadAction","target":[["https:\/\/nawydmie.com.pl\/de\/pokoj-family-budynek-b\/"]]}]},{"@type":"ImageObject","inLanguage":"de","@id":"https:\/\/nawydmie.com.pl\/de\/pokoj-family-budynek-b\/#primaryimage","url":"https:\/\/nawydmie.com.pl\/wp-content\/uploads\/2022\/12\/IMG_20220813_124347-min.jpg","contentUrl":"https:\/\/nawydmie.com.pl\/wp-content\/uploads\/2022\/12\/IMG_20220813_124347-min.jpg"},{"@type":"BreadcrumbList","@id":"https:\/\/nawydmie.com.pl\/de\/pokoj-family-budynek-b\/#breadcrumb","itemListElement":[{"@type":"ListItem","position":1,"name":"Strona g\u0142\u00f3wna","item":"https:\/\/nawydmie.com.pl\/de\/"},{"@type":"ListItem","position":2,"name":"Pok\u00f3j Family \u2013 budynek B"}]},{"@type":"WebSite","@id":"https:\/\/nawydmie.com.pl\/de\/#website","url":"https:\/\/nawydmie.com.pl\/de\/","name":"Na Wydmie","description":"Kolejna witryna oparta na WordPressie","potentialAction":[{"@type":"SearchAction","target":{"@type":"EntryPoint","urlTemplate":"https:\/\/nawydmie.com.pl\/de\/?s={search_term_string}"},"query-input":"required name=search_term_string"}],"inLanguage":"de"}]}},"_links":{"self":[{"href":"https:\/\/nawydmie.com.pl\/de\/wp-json\/wp\/v2\/pages\/180","targetHints":{"allow":["GET"]}}],"collection":[{"href":"https:\/\/nawydmie.com.pl\/de\/wp-json\/wp\/v2\/pages"}],"about":[{"href":"https:\/\/nawydmie.com.pl\/de\/wp-json\/wp\/v2\/types\/page"}],"author":[{"embeddable":true,"href":"https:\/\/nawydmie.com.pl\/de\/wp-json\/wp\/v2\/users\/2"}],"replies":[{"embeddable":true,"href":"https:\/\/nawydmie.com.pl\/de\/wp-json\/wp\/v2\/comments?post=180"}],"version-history":[{"count":38,"href":"https:\/\/nawydmie.com.pl\/de\/wp-json\/wp\/v2\/pages\/180\/revisions"}],"predecessor-version":[{"id":2376,"href":"https:\/\/nawydmie.com.pl\/de\/wp-json\/wp\/v2\/pages\/180\/revisions\/2376"}],"wp:attachment":[{"href":"https:\/\/nawydmie.com.pl\/de\/wp-json\/wp\/v2\/media?parent=180"}],"curies":[{"name":"wp","href":"https:\/\/api.w.org\/{rel}","templated":true}]}}