{"id":213,"date":"2022-11-28T11:34:03","date_gmt":"2022-11-28T10:34:03","guid":{"rendered":"https:\/\/nawydmie.com.pl\/?page_id=213"},"modified":"2024-04-22T13:42:04","modified_gmt":"2024-04-22T11:42:04","slug":"osrodek","status":"publish","type":"page","link":"https:\/\/nawydmie.com.pl\/de\/osrodek\/","title":{"rendered":"O\u015brodek"},"content":{"rendered":"<h1>O\u015brodek <strong>Na Wydmie<\/strong><\/h1>\n\n\n<style>#kt-layout-id_99cfc9-8b > .kt-row-column-wrap{align-content:start;}:where(#kt-layout-id_99cfc9-8b > .kt-row-column-wrap) > .wp-block-kadence-column{justify-content:start;}#kt-layout-id_99cfc9-8b > .kt-row-column-wrap{column-gap:40px;row-gap:var(--global-kb-gap-md, 2rem);padding-top:var( --global-kb-row-default-top, 25px );padding-bottom:var( --global-kb-row-default-bottom, 25px );padding-top:var(--global-kb-spacing-sm, 1.5rem);padding-bottom:var(--global-kb-spacing-sm, 1.5rem);grid-template-columns:repeat(2, minmax(0, 1fr));}#kt-layout-id_99cfc9-8b > .kt-row-layout-overlay{opacity:0.30;}@media all and (max-width: 1024px){#kt-layout-id_99cfc9-8b > .kt-row-column-wrap{grid-template-columns:repeat(2, minmax(0, 1fr));}}@media all and (max-width: 767px){#kt-layout-id_99cfc9-8b > .kt-row-column-wrap{grid-template-columns:minmax(0, 1fr);}}<\/style>\n<div class=\"wp-block-kadence-rowlayout alignnone\"><div id=\"kt-layout-id_99cfc9-8b\" class=\"kt-row-layout-inner kt-layout-id_99cfc9-8b\"><div class=\"kt-row-column-wrap kt-has-2-columns kt-gutter-wide kt-v-gutter-default kt-row-valign-top kt-row-layout-equal kt-tab-layout-inherit kt-m-colapse-left-to-right kt-mobile-layout-row\"><style>.kadence-column_a0d28a-c2 > .kt-inside-inner-col{border-top-width:0px;border-right-width:0px;border-bottom-width:0px;border-left-width:0px;}.kadence-column_a0d28a-c2 > .kt-inside-inner-col,.kadence-column_a0d28a-c2 > .kt-inside-inner-col:before{border-top-left-radius:0px;border-top-right-radius:0px;border-bottom-right-radius:0px;border-bottom-left-radius:0px;}.kadence-column_a0d28a-c2 > .kt-inside-inner-col{column-gap:var(--global-kb-gap-sm, 1rem);}.kadence-column_a0d28a-c2 > .kt-inside-inner-col{flex-direction:column;}.kadence-column_a0d28a-c2 > .kt-inside-inner-col > .aligncenter{width:100%;}.kadence-column_a0d28a-c2 > .kt-inside-inner-col:before{opacity:0.3;}.kadence-column_a0d28a-c2{position:relative;}@media all and (max-width: 1024px){.kadence-column_a0d28a-c2 > .kt-inside-inner-col{flex-direction:column;}}@media all and (max-width: 767px){.kadence-column_a0d28a-c2 > .kt-inside-inner-col{flex-direction:column;}}<\/style>\n<div class=\"wp-block-kadence-column inner-column-1 kadence-column_a0d28a-c2\"><div class=\"kt-inside-inner-col\">\n<h3><span style=\"color: #fcac3c;\"><strong>Zapraszamy do sp\u0119dzenia urlopu w naszym O\u015brodku Wypoczynkowym \u201eNA WYDMIE\u201d w Dziwnowie.<\/strong><\/span><\/h3>\n<p>\u00a0<\/p>\n<p>Obiekt po\u0142o\u017cony jest przy szerokiej piaszczystej pla\u017cy, w pobli\u017cu rzeki Dziwny i Zalewu Kamie\u0144skiego, w samym centrum Dziwnowa. Niezwykle dogodne usytuowanie obiektu z w\u0142asnym zej\u015bciem na pla\u017c\u0119, stwarza wspania\u0142e warunki do rodzinnego wypoczynku.<\/p>\n<p>Mi\u0142o\u015bnicy pla\u017cowania znajd\u0105 tu pi\u0119kn\u0105 piaszczyst\u0105 pla\u017c\u0119, kt\u00f3ra oddzielona jest od O\u015brodka pasem wydm, wzd\u0142u\u017c kt\u00f3rych ci\u0105gnie si\u0119 promenada wysadzona smuk\u0142ymi topolami. Zwolennicy relaksu i w\u0119dkowania \u2013 urokliwe zak\u0105tki nad rzek\u0105, zalewem i jeziorami.<\/p>\n<p>Wielk\u0105 atrakcj\u0105 naszego O\u015brodka jest bardzo du\u017cy plac zabaw,\u00a0 ze zje\u017cd\u017calniami, hu\u015btawkami, piaskownicami oraz niezliczon\u0105 ilo\u015bci\u0105 innych zabawek. Dla zapracowanych klient\u00f3w oferujemy bezp\u0142atny i sta\u0142y dost\u0119p do internetu na terenie ca\u0142ego obiektu. Dla os\u00f3b aktywnych mamy do zaoferowania wypo\u017cyczalnie rower\u00f3w holenderskich. Domowa kuchnia oraz fachowa i \u017cyczliwa obs\u0142uga umo\u017cliwi\u0105 wszystkim wspania\u0142y wypoczynek.<\/p>\n<p>Oferujemy Pa\u0144stwu zakwaterowanie w domkach drewnianych (parterowych wolnostoj\u0105cych 4-5 osobowych; pi\u0119trowych typu Bli\u017aniak 4-5 osobowych, pi\u0119trowych wolnostoj\u0105cych 6-8 osobowych i pokojach w domkach typu Bli\u017aniak 2-3 osobowych) oraz w pokojach w dw\u00f3ch budynkach murowanych.<\/p>\n<p>Posiadamy 200 miejsc noclegowych. O\u015brodek przyjmuje zwierz\u0119ta wy\u0142\u0105cznie w niekt\u00f3rych domkach i pokojach. Obiekt jest monitorowany i dozorowany przez ca\u0142\u0105 dob\u0119.<\/p>\n<\/div><\/div>\n\n\n<style>.kadence-column_ba1be8-cc > .kt-inside-inner-col{border-top-width:0px;border-right-width:0px;border-bottom-width:0px;border-left-width:0px;}.kadence-column_ba1be8-cc > .kt-inside-inner-col,.kadence-column_ba1be8-cc > .kt-inside-inner-col:before{border-top-left-radius:0px;border-top-right-radius:0px;border-bottom-right-radius:0px;border-bottom-left-radius:0px;}.kadence-column_ba1be8-cc > .kt-inside-inner-col{column-gap:var(--global-kb-gap-sm, 1rem);}.kadence-column_ba1be8-cc > .kt-inside-inner-col{flex-direction:column;}.kadence-column_ba1be8-cc > .kt-inside-inner-col > .aligncenter{width:100%;}.kadence-column_ba1be8-cc > .kt-inside-inner-col:before{opacity:0.3;}.kadence-column_ba1be8-cc{position:relative;}@media all and (max-width: 1024px){.kadence-column_ba1be8-cc > .kt-inside-inner-col{flex-direction:column;}}@media all and (max-width: 767px){.kadence-column_ba1be8-cc > .kt-inside-inner-col{flex-direction:column;}}<\/style>\n<div class=\"wp-block-kadence-column inner-column-2 kadence-column_ba1be8-cc\"><div class=\"kt-inside-inner-col\">\n<p><strong>Na terenie O\u015brodka znajduje si\u0119:<\/strong><\/p>\n\n\n<style>#kt-layout-id_664467-ac > .kt-row-column-wrap{align-content:start;}:where(#kt-layout-id_664467-ac > .kt-row-column-wrap) > .wp-block-kadence-column{justify-content:start;}#kt-layout-id_664467-ac > .kt-row-column-wrap{column-gap:var(--global-kb-gap-md, 2rem);row-gap:var(--global-kb-gap-md, 2rem);padding-top:var( --global-kb-row-default-top, 25px );padding-bottom:var( --global-kb-row-default-bottom, 25px );padding-top:var(--global-kb-spacing-sm, 1.5rem);padding-bottom:var(--global-kb-spacing-sm, 1.5rem);grid-template-columns:minmax(0, calc(50% - ((var(--global-kb-gap-md, 2rem) * 1 )\/2))) minmax(0, calc(50% - ((var(--global-kb-gap-md, 2rem) * 1 )\/2)));}#kt-layout-id_664467-ac > .kt-row-layout-overlay{opacity:0.30;}@media all and (max-width: 1024px){#kt-layout-id_664467-ac > .kt-row-column-wrap{grid-template-columns:repeat(2, minmax(0, 1fr));}}@media all and (max-width: 767px){#kt-layout-id_664467-ac > .kt-row-column-wrap{grid-template-columns:minmax(0, 1fr);}}<\/style>\n<div class=\"wp-block-kadence-rowlayout alignnone\"><div id=\"kt-layout-id_664467-ac\" class=\"kt-row-layout-inner kt-layout-id_664467-ac\"><div class=\"kt-row-column-wrap kt-has-2-columns kt-gutter-default kt-v-gutter-default kt-row-valign-top kt-row-layout-equal kt-tab-layout-inherit kt-m-colapse-left-to-right kt-mobile-layout-row  kt-custom-first-width-50  kt-custom-second-width-50\"><style>.kadence-column_31b5f4-b2 > .kt-inside-inner-col{border-top-width:0px;border-right-width:0px;border-bottom-width:0px;border-left-width:0px;}.kadence-column_31b5f4-b2 > .kt-inside-inner-col,.kadence-column_31b5f4-b2 > .kt-inside-inner-col:before{border-top-left-radius:0px;border-top-right-radius:0px;border-bottom-right-radius:0px;border-bottom-left-radius:0px;}.kadence-column_31b5f4-b2 > .kt-inside-inner-col{column-gap:var(--global-kb-gap-sm, 1rem);}.kadence-column_31b5f4-b2 > .kt-inside-inner-col{flex-direction:column;}.kadence-column_31b5f4-b2 > .kt-inside-inner-col > .aligncenter{width:100%;}.kadence-column_31b5f4-b2 > .kt-inside-inner-col:before{opacity:0.3;}.kadence-column_31b5f4-b2{position:relative;}@media all and (max-width: 1024px){.kadence-column_31b5f4-b2 > .kt-inside-inner-col{flex-direction:column;}}@media all and (max-width: 767px){.kadence-column_31b5f4-b2 > .kt-inside-inner-col{flex-direction:column;}}<\/style>\n<div class=\"wp-block-kadence-column inner-column-1 kadence-column_31b5f4-b2\"><div class=\"kt-inside-inner-col\">\n<ul>\n<li>sto\u0142\u00f3wka<\/li>\n<li>og\u00f3lnodost\u0119pny aneks kuchenny<\/li>\n<li>bawialnia<\/li>\n<li>du\u017cy plac zabaw dla dzieci<\/li>\n<li>miejsce na ognisko<\/li>\n<li>grille oraz liczne k\u0105ciki z meblami ogrodowymi<\/li>\n<\/ul>\n<\/div><\/div>\n\n\n<style>.kadence-column_fe70ab-5b > .kt-inside-inner-col{border-top-width:0px;border-right-width:0px;border-bottom-width:0px;border-left-width:0px;}.kadence-column_fe70ab-5b > .kt-inside-inner-col,.kadence-column_fe70ab-5b > .kt-inside-inner-col:before{border-top-left-radius:0px;border-top-right-radius:0px;border-bottom-right-radius:0px;border-bottom-left-radius:0px;}.kadence-column_fe70ab-5b > .kt-inside-inner-col{column-gap:var(--global-kb-gap-sm, 1rem);}.kadence-column_fe70ab-5b > .kt-inside-inner-col{flex-direction:column;}.kadence-column_fe70ab-5b > .kt-inside-inner-col > .aligncenter{width:100%;}.kadence-column_fe70ab-5b > .kt-inside-inner-col:before{opacity:0.3;}.kadence-column_fe70ab-5b{position:relative;}@media all and (max-width: 1024px){.kadence-column_fe70ab-5b > .kt-inside-inner-col{flex-direction:column;}}@media all and (max-width: 767px){.kadence-column_fe70ab-5b > .kt-inside-inner-col{flex-direction:column;}}<\/style>\n<div class=\"wp-block-kadence-column inner-column-2 kadence-column_fe70ab-5b\"><div class=\"kt-inside-inner-col\">\n<ul>\n<li>wypo\u017cyczalnia sprz\u0119tu sportowego<\/li>\n<li>st\u00f3\u0142 do tenisa sto\u0142owego<\/li>\n<li>pi\u0142karzyki<\/li>\n<li>cymbergaj<\/li>\n<li>parking samochodowy<\/li>\n<li>wypo\u017cyczalnia rower\u00f3w holenderskich<\/li>\n<\/ul>\n<\/div><\/div>\n<\/div><\/div><\/div>\n\n\n<style>#kt-layout-id_f2f8b9-4d > .kt-row-column-wrap{align-content:start;}:where(#kt-layout-id_f2f8b9-4d > .kt-row-column-wrap) > .wp-block-kadence-column{justify-content:start;}#kt-layout-id_f2f8b9-4d > .kt-row-column-wrap{column-gap:var(--global-kb-gap-md, 2rem);row-gap:var(--global-kb-gap-md, 2rem);padding-top:var( --global-kb-row-default-top, 25px );padding-bottom:var( --global-kb-row-default-bottom, 25px );padding-top:var(--global-kb-spacing-sm, 1.5rem);padding-bottom:var(--global-kb-spacing-sm, 1.5rem);grid-template-columns:minmax(0, 1fr);}#kt-layout-id_f2f8b9-4d > .kt-row-layout-overlay{opacity:0.30;}@media all and (max-width: 1024px){#kt-layout-id_f2f8b9-4d > .kt-row-column-wrap{grid-template-columns:minmax(0, 1fr);}}@media all and (max-width: 767px){#kt-layout-id_f2f8b9-4d > .kt-row-column-wrap{grid-template-columns:minmax(0, 1fr);}}<\/style>\n<div class=\"wp-block-kadence-rowlayout alignnone\"><div id=\"kt-layout-id_f2f8b9-4d\" class=\"kt-row-layout-inner kt-layout-id_f2f8b9-4d\"><div class=\"kt-row-column-wrap kt-has-1-columns kt-gutter-default kt-v-gutter-default kt-row-valign-top kt-row-layout-equal kt-tab-layout-inherit kt-m-colapse-left-to-right kt-mobile-layout-row\"><style>.kadence-column_c2bfec-20 > .kt-inside-inner-col{border-top-width:0px;border-right-width:0px;border-bottom-width:0px;border-left-width:0px;}.kadence-column_c2bfec-20 > .kt-inside-inner-col,.kadence-column_c2bfec-20 > .kt-inside-inner-col:before{border-top-left-radius:0px;border-top-right-radius:0px;border-bottom-right-radius:0px;border-bottom-left-radius:0px;}.kadence-column_c2bfec-20 > .kt-inside-inner-col{column-gap:var(--global-kb-gap-sm, 1rem);}.kadence-column_c2bfec-20 > .kt-inside-inner-col{flex-direction:column;}.kadence-column_c2bfec-20 > .kt-inside-inner-col > .aligncenter{width:100%;}.kadence-column_c2bfec-20 > .kt-inside-inner-col:before{opacity:0.3;}.kadence-column_c2bfec-20{position:relative;}@media all and (max-width: 1024px){.kadence-column_c2bfec-20 > .kt-inside-inner-col{flex-direction:column;}}@media all and (max-width: 767px){.kadence-column_c2bfec-20 > .kt-inside-inner-col{flex-direction:column;}}<\/style>\n<div class=\"wp-block-kadence-column inner-column-1 kadence-column_c2bfec-20\"><div class=\"kt-inside-inner-col\">\n<p><strong>O\u015brodek jest monitorowany i posiada w\u0142asne wyj\u015bcie na promenad\u0119 spacerow\u0105, z kt\u00f3rej rozci\u0105ga si\u0119 przepi\u0119kny widok na morze. Do w\u0142asnego zej\u015bcia na pla\u017c\u0119 jest oko\u0142o 10 metr\u00f3w.<\/strong><\/p>\n<p><br \/>W ofercie czynnego wypoczynku w Dziwnowie znajduj\u0105 si\u0119 sala gimnastyczna, si\u0142ownia oraz na tak zwanych \u201eOrlikach\u201d korty tenisowe i boiska do gry w pi\u0142k\u0119 no\u017cn\u0105, siatk\u00f3wk\u0119 i koszyk\u00f3wk\u0119. W okolicy jest r\u00f3wnie\u017c pole golfowe i kilka o\u015brodk\u00f3w jazdy konnej. Aktywnie wypoczywaj\u0105cy mog\u0105 swobodnie \u017ceglowa\u0107, uprawia\u0107 windsurfing, p\u0142ywa\u0107 na skuterach wodnych, motor\u00f3wkach lub nurkowa\u0107.<\/p>\n<p>Amatorzy lubi\u0105cy spacery maj\u0105 do dyspozycji lasy sosnowe, parki oraz promenad\u0119 spacerowo \u2013 widokow\u0105 ci\u0105gn\u0105c\u0105 si\u0119 grzbietem piaszczystych wydm.<\/p>\n<p>Tury\u015bci lubi\u0105cy d\u0142u\u017csze wycieczki, nordic walking czy wypady rowerowe mog\u0105 korzysta\u0107 z oznakowanych szlak\u00f3w pieszych i rowerowych, za\u015b zwolennicy przyg\u00f3d mog\u0105 wybra\u0107 si\u0119 na wycieczk\u0119 do Woli\u0144skiego Parku Narodowego s\u0142yn\u0105cego z rezerwatu pokazowego \u017cubr\u00f3w, wielu gatunk\u00f3w chronionych i rzadko wyst\u0119puj\u0105cych w Polsce ro\u015blin, ptak\u00f3w oraz ssak\u00f3w morskich.<\/p>\n<\/div><\/div>\n<\/div><\/div><\/div>\n<\/div><\/div>\n<\/div><\/div><\/div>","protected":false},"excerpt":{"rendered":"<p>O\u015brodek Na Wydmie Zapraszamy do sp\u0119dzenia urlopu w naszym O\u015brodku Wypoczynkowym \u201eNA WYDMIE\u201d w Dziwnowie. \u00a0 Obiekt po\u0142o\u017cony jest przy szerokiej piaszczystej pla\u017cy, w pobli\u017cu [&hellip;]<\/p>\n","protected":false},"author":2,"featured_media":0,"parent":0,"menu_order":0,"comment_status":"closed","ping_status":"closed","template":"","meta":{"_acf_changed":false,"footnotes":""},"class_list":["post-213","page","type-page","status-publish","hentry"],"acf":[],"yoast_head":"<!-- This site is optimized with the Yoast SEO plugin v22.4 - https:\/\/yoast.com\/wordpress\/plugins\/seo\/ -->\n<title>O\u015brodek - Na Wydmie<\/title>\n<meta name=\"robots\" content=\"index, follow, max-snippet:-1, max-image-preview:large, max-video-preview:-1\" \/>\n<link rel=\"canonical\" href=\"https:\/\/nawydmie.com.pl\/de\/osrodek\/\" \/>\n<meta property=\"og:locale\" content=\"de_DE\" \/>\n<meta property=\"og:type\" content=\"article\" \/>\n<meta property=\"og:title\" content=\"O\u015brodek - Na Wydmie\" \/>\n<meta property=\"og:description\" content=\"O\u015brodek Na Wydmie Zapraszamy do sp\u0119dzenia urlopu w naszym O\u015brodku Wypoczynkowym \u201eNA WYDMIE\u201d w Dziwnowie. \u00a0 Obiekt po\u0142o\u017cony jest przy szerokiej piaszczystej pla\u017cy, w pobli\u017cu [&hellip;]\" \/>\n<meta property=\"og:url\" content=\"https:\/\/nawydmie.com.pl\/de\/osrodek\/\" \/>\n<meta property=\"og:site_name\" content=\"Na Wydmie\" \/>\n<meta property=\"article:modified_time\" content=\"2024-04-22T11:42:04+00:00\" \/>\n<meta property=\"og:image\" content=\"https:\/\/nawydmie.com.pl\/wp-content\/uploads\/2022\/12\/NaWydmie_malez-1-of-14-12-min-1024x682.jpg\" \/>\n<meta name=\"twitter:card\" content=\"summary_large_image\" \/>\n<meta name=\"twitter:label1\" content=\"Gesch\u00e4tzte Lesezeit\" \/>\n\t<meta name=\"twitter:data1\" content=\"3\u00a0Minuten\" \/>\n<script type=\"application\/ld+json\" class=\"yoast-schema-graph\">{\"@context\":\"https:\/\/schema.org\",\"@graph\":[{\"@type\":\"WebPage\",\"@id\":\"https:\/\/nawydmie.com.pl\/de\/osrodek\/\",\"url\":\"https:\/\/nawydmie.com.pl\/de\/osrodek\/\",\"name\":\"O\u015brodek - Na Wydmie\",\"isPartOf\":{\"@id\":\"https:\/\/nawydmie.com.pl\/de\/#website\"},\"primaryImageOfPage\":{\"@id\":\"https:\/\/nawydmie.com.pl\/de\/osrodek\/#primaryimage\"},\"image\":{\"@id\":\"https:\/\/nawydmie.com.pl\/osrodek\/#primaryimage\"},\"thumbnailUrl\":\"https:\/\/nawydmie.com.pl\/wp-content\/uploads\/2022\/12\/NaWydmie_malez-1-of-14-12-min-1024x682.jpg\",\"datePublished\":\"2022-11-28T10:34:03+00:00\",\"dateModified\":\"2024-04-22T11:42:04+00:00\",\"breadcrumb\":{\"@id\":\"https:\/\/nawydmie.com.pl\/de\/osrodek\/#breadcrumb\"},\"inLanguage\":\"de\",\"potentialAction\":[{\"@type\":\"ReadAction\",\"target\":[[\"https:\/\/nawydmie.com.pl\/de\/osrodek\/\"]]}]},{\"@type\":\"ImageObject\",\"inLanguage\":\"de\",\"@id\":\"https:\/\/nawydmie.com.pl\/de\/osrodek\/#primaryimage\",\"url\":\"https:\/\/nawydmie.com.pl\/wp-content\/uploads\/2022\/12\/NaWydmie_malez-1-of-14-12-min-1024x682.jpg\",\"contentUrl\":\"https:\/\/nawydmie.com.pl\/wp-content\/uploads\/2022\/12\/NaWydmie_malez-1-of-14-12-min-1024x682.jpg\"},{\"@type\":\"BreadcrumbList\",\"@id\":\"https:\/\/nawydmie.com.pl\/de\/osrodek\/#breadcrumb\",\"itemListElement\":[{\"@type\":\"ListItem\",\"position\":1,\"name\":\"Strona g\u0142\u00f3wna\",\"item\":\"https:\/\/nawydmie.com.pl\/de\/\"},{\"@type\":\"ListItem\",\"position\":2,\"name\":\"O\u015brodek\"}]},{\"@type\":\"WebSite\",\"@id\":\"https:\/\/nawydmie.com.pl\/de\/#website\",\"url\":\"https:\/\/nawydmie.com.pl\/de\/\",\"name\":\"Na Wydmie\",\"description\":\"Kolejna witryna oparta na WordPressie\",\"potentialAction\":[{\"@type\":\"SearchAction\",\"target\":{\"@type\":\"EntryPoint\",\"urlTemplate\":\"https:\/\/nawydmie.com.pl\/de\/?s={search_term_string}\"},\"query-input\":\"required name=search_term_string\"}],\"inLanguage\":\"de\"}]}<\/script>\n<!-- \/ Yoast SEO plugin. -->","yoast_head_json":{"title":"O\u015brodek - Na Wydmie","robots":{"index":"index","follow":"follow","max-snippet":"max-snippet:-1","max-image-preview":"max-image-preview:large","max-video-preview":"max-video-preview:-1"},"canonical":"https:\/\/nawydmie.com.pl\/de\/osrodek\/","og_locale":"de_DE","og_type":"article","og_title":"O\u015brodek - Na Wydmie","og_description":"O\u015brodek Na Wydmie Zapraszamy do sp\u0119dzenia urlopu w naszym O\u015brodku Wypoczynkowym \u201eNA WYDMIE\u201d w Dziwnowie. \u00a0 Obiekt po\u0142o\u017cony jest przy szerokiej piaszczystej pla\u017cy, w pobli\u017cu [&hellip;]","og_url":"https:\/\/nawydmie.com.pl\/de\/osrodek\/","og_site_name":"Na Wydmie","article_modified_time":"2024-04-22T11:42:04+00:00","og_image":[{"url":"https:\/\/nawydmie.com.pl\/wp-content\/uploads\/2022\/12\/NaWydmie_malez-1-of-14-12-min-1024x682.jpg"}],"twitter_card":"summary_large_image","twitter_misc":{"Gesch\u00e4tzte Lesezeit":"3\u00a0Minuten"},"schema":{"@context":"https:\/\/schema.org","@graph":[{"@type":"WebPage","@id":"https:\/\/nawydmie.com.pl\/de\/osrodek\/","url":"https:\/\/nawydmie.com.pl\/de\/osrodek\/","name":"O\u015brodek - Na Wydmie","isPartOf":{"@id":"https:\/\/nawydmie.com.pl\/de\/#website"},"primaryImageOfPage":{"@id":"https:\/\/nawydmie.com.pl\/de\/osrodek\/#primaryimage"},"image":{"@id":"https:\/\/nawydmie.com.pl\/osrodek\/#primaryimage"},"thumbnailUrl":"https:\/\/nawydmie.com.pl\/wp-content\/uploads\/2022\/12\/NaWydmie_malez-1-of-14-12-min-1024x682.jpg","datePublished":"2022-11-28T10:34:03+00:00","dateModified":"2024-04-22T11:42:04+00:00","breadcrumb":{"@id":"https:\/\/nawydmie.com.pl\/de\/osrodek\/#breadcrumb"},"inLanguage":"de","potentialAction":[{"@type":"ReadAction","target":[["https:\/\/nawydmie.com.pl\/de\/osrodek\/"]]}]},{"@type":"ImageObject","inLanguage":"de","@id":"https:\/\/nawydmie.com.pl\/de\/osrodek\/#primaryimage","url":"https:\/\/nawydmie.com.pl\/wp-content\/uploads\/2022\/12\/NaWydmie_malez-1-of-14-12-min-1024x682.jpg","contentUrl":"https:\/\/nawydmie.com.pl\/wp-content\/uploads\/2022\/12\/NaWydmie_malez-1-of-14-12-min-1024x682.jpg"},{"@type":"BreadcrumbList","@id":"https:\/\/nawydmie.com.pl\/de\/osrodek\/#breadcrumb","itemListElement":[{"@type":"ListItem","position":1,"name":"Strona g\u0142\u00f3wna","item":"https:\/\/nawydmie.com.pl\/de\/"},{"@type":"ListItem","position":2,"name":"O\u015brodek"}]},{"@type":"WebSite","@id":"https:\/\/nawydmie.com.pl\/de\/#website","url":"https:\/\/nawydmie.com.pl\/de\/","name":"Na Wydmie","description":"Kolejna witryna oparta na WordPressie","potentialAction":[{"@type":"SearchAction","target":{"@type":"EntryPoint","urlTemplate":"https:\/\/nawydmie.com.pl\/de\/?s={search_term_string}"},"query-input":"required name=search_term_string"}],"inLanguage":"de"}]}},"_links":{"self":[{"href":"https:\/\/nawydmie.com.pl\/de\/wp-json\/wp\/v2\/pages\/213","targetHints":{"allow":["GET"]}}],"collection":[{"href":"https:\/\/nawydmie.com.pl\/de\/wp-json\/wp\/v2\/pages"}],"about":[{"href":"https:\/\/nawydmie.com.pl\/de\/wp-json\/wp\/v2\/types\/page"}],"author":[{"embeddable":true,"href":"https:\/\/nawydmie.com.pl\/de\/wp-json\/wp\/v2\/users\/2"}],"replies":[{"embeddable":true,"href":"https:\/\/nawydmie.com.pl\/de\/wp-json\/wp\/v2\/comments?post=213"}],"version-history":[{"count":99,"href":"https:\/\/nawydmie.com.pl\/de\/wp-json\/wp\/v2\/pages\/213\/revisions"}],"predecessor-version":[{"id":2140,"href":"https:\/\/nawydmie.com.pl\/de\/wp-json\/wp\/v2\/pages\/213\/revisions\/2140"}],"wp:attachment":[{"href":"https:\/\/nawydmie.com.pl\/de\/wp-json\/wp\/v2\/media?parent=213"}],"curies":[{"name":"wp","href":"https:\/\/api.w.org\/{rel}","templated":true}]}}