{"id":226,"date":"2022-11-28T11:45:41","date_gmt":"2022-11-28T10:45:41","guid":{"rendered":"https:\/\/nawydmie.com.pl\/?page_id=226"},"modified":"2024-09-26T12:34:18","modified_gmt":"2024-09-26T10:34:18","slug":"pokoj-w-domku-typu-blizniak","status":"publish","type":"page","link":"https:\/\/nawydmie.com.pl\/de\/pokoj-w-domku-typu-blizniak\/","title":{"rendered":"Pok\u00f3j w domku typu Bli\u017aniak"},"content":{"rendered":"<h2><strong>Pok\u00f3j w domku typu Bli\u017aniak<\/strong><\/h2>\n\n\n<style>#kt-layout-id_9fe753-bb > .kt-row-column-wrap{align-content:start;}:where(#kt-layout-id_9fe753-bb > .kt-row-column-wrap) > .wp-block-kadence-column{justify-content:start;}#kt-layout-id_9fe753-bb > .kt-row-column-wrap{column-gap:40px;row-gap:var(--global-kb-gap-md, 2rem);padding-top:var( --global-kb-row-default-top, 25px );padding-bottom:var( --global-kb-row-default-bottom, 25px );padding-bottom:51px;grid-template-columns:minmax(0, calc(50% - ((40px * 1 )\/2))) minmax(0, calc(50% - ((40px * 1 )\/2)));}#kt-layout-id_9fe753-bb > .kt-row-layout-overlay{opacity:0.30;}@media all and (max-width: 1024px){#kt-layout-id_9fe753-bb > .kt-row-column-wrap{grid-template-columns:repeat(2, minmax(0, 1fr));}}@media all and (max-width: 767px){#kt-layout-id_9fe753-bb > .kt-row-column-wrap{grid-template-columns:minmax(0, 1fr);}}<\/style>\n<div class=\"wp-block-kadence-rowlayout alignnone\"><div id=\"kt-layout-id_9fe753-bb\" class=\"kt-row-layout-inner kt-layout-id_9fe753-bb\"><div class=\"kt-row-column-wrap kt-has-2-columns kt-gutter-wide kt-v-gutter-default kt-row-valign-top kt-row-layout-equal kt-tab-layout-inherit kt-m-colapse-left-to-right kt-mobile-layout-row  kt-custom-first-width-50  kt-custom-second-width-50\"><style>.kadence-column_4f5ff7-1d > .kt-inside-inner-col{border-top-width:0px;border-right-width:0px;border-bottom-width:0px;border-left-width:0px;}.kadence-column_4f5ff7-1d > .kt-inside-inner-col,.kadence-column_4f5ff7-1d > .kt-inside-inner-col:before{border-top-left-radius:0px;border-top-right-radius:0px;border-bottom-right-radius:0px;border-bottom-left-radius:0px;}.kadence-column_4f5ff7-1d > .kt-inside-inner-col{column-gap:var(--global-kb-gap-sm, 1rem);}.kadence-column_4f5ff7-1d > .kt-inside-inner-col{flex-direction:column;}.kadence-column_4f5ff7-1d > .kt-inside-inner-col > .aligncenter{width:100%;}.kadence-column_4f5ff7-1d > .kt-inside-inner-col:before{opacity:0.3;}.kadence-column_4f5ff7-1d{position:relative;}@media all and (max-width: 1024px){.kadence-column_4f5ff7-1d > .kt-inside-inner-col{flex-direction:column;}}@media all and (max-width: 767px){.kadence-column_4f5ff7-1d > .kt-inside-inner-col{flex-direction:column;}}<\/style>\n<div class=\"wp-block-kadence-column inner-column-1 kadence-column_4f5ff7-1d\"><div class=\"kt-inside-inner-col\">\n<p>Pok\u00f3j w domku typu Bli\u017aniak \u2013 jeden domek drewniany z dwoma niezale\u017cnymi wej\u015bciami. Pok\u00f3j jest 2-3 osobowy o powierzchni ok. 15 m\u00b2. Komfortowo wyposa\u017cony w \u0142azienk\u0119 z pe\u0142nym w\u0119z\u0142em sanitarnym, TV-SAT, Wi-Fi, lod\u00f3wk\u0119, czajnik elektryczny, naczynia sto\u0142owe (talerze, szklanki, kubki, sztu\u0107ce), lampk\u0119 nocn\u0105 oraz suszark\u0119 na bielizn\u0119. Przed domkiem znajduj\u0105 si\u0119 meble ogrodowe (stolik i 2 krzes\u0142a).<\/p>\n<p>&nbsp;<\/p>\n<p>Jest to idealne rozwi\u0105zanie dla ma\u0142ych rodzin, kt\u00f3re bardziej ceni\u0105 sobie zakwaterowanie&nbsp;w domku, ni\u017c w pokojach. Po\u0142o\u017cone s\u0105 najbli\u017cej wyj\u015bcia na pla\u017c\u0119,<br>a w niedalekiej odleg\u0142o\u015bci znajduje si\u0119 plac zabaw.<br><br><\/p>\n<\/div><\/div>\n\n\n<style>.kadence-column_679ecc-93 > .kt-inside-inner-col{border-top-width:0px;border-right-width:0px;border-bottom-width:0px;border-left-width:0px;}.kadence-column_679ecc-93 > .kt-inside-inner-col,.kadence-column_679ecc-93 > .kt-inside-inner-col:before{border-top-left-radius:0px;border-top-right-radius:0px;border-bottom-right-radius:0px;border-bottom-left-radius:0px;}.kadence-column_679ecc-93 > .kt-inside-inner-col{column-gap:var(--global-kb-gap-sm, 1rem);}.kadence-column_679ecc-93 > .kt-inside-inner-col{flex-direction:column;}.kadence-column_679ecc-93 > .kt-inside-inner-col > .aligncenter{width:100%;}.kadence-column_679ecc-93 > .kt-inside-inner-col:before{opacity:0.3;}.kadence-column_679ecc-93{position:relative;}@media all and (max-width: 1024px){.kadence-column_679ecc-93 > .kt-inside-inner-col{flex-direction:column;}}@media all and (max-width: 767px){.kadence-column_679ecc-93 > .kt-inside-inner-col{flex-direction:column;}}<\/style>\n<div class=\"wp-block-kadence-column inner-column-2 kadence-column_679ecc-93\"><div class=\"kt-inside-inner-col\">\n<p><strong>Miejsca do spania dost\u0119pne s\u0105 w dw\u00f3ch konfiguracjach:<\/strong><\/p>\n<ul>\n<li>dwa \u0142\u00f3\u017cka pojedyncze + sofa rozk\u0142adana o szer. 90 cm<\/li>\n<li>\u0142\u00f3\u017cko ma\u0142\u017ce\u0144skie + sofa rozk\u0142adana o szer. 110 cm<\/li>\n<\/ul>\n<p>\u00a0<\/p>\n<p>Sprz\u0119t pla\u017cowy (le\u017caki i parawany) wypo\u017cyczamy bezp\u0142atnie za kaucj\u0105<br \/>w Recepcji O\u015brodka.<\/p>\n<\/div><\/div>\n<\/div><\/div><\/div>\n\n\n<style>.wp-block-kadence-advancedgallery.kb-gallery-wrap-id-_9af590-c4{margin-top:0px;margin-right:0px;margin-bottom:0px;margin-left:0px;}.wp-block-kadence-advancedgallery .kb-gallery-type-grid.kb-gallery-id-_9af590-c4{margin:-11px;}.kb-gallery-type-grid.kb-gallery-id-_9af590-c4 .kadence-blocks-gallery-item{padding:11px;}.kb-gallery-id-_9af590-c4 .kadence-blocks-gallery-item .kb-gal-image-radius{border-radius:15px 15px 15px 15px;}<\/style>\n<div class=\"wp-block-kadence-advancedgallery kb-gallery-wrap-id-_9af590-c4\"><ul class=\"kb-gallery-ul kb-gallery-type-grid kb-gallery-id-_9af590-c4 kb-gallery-caption-style-bottom-hover kb-gallery-filter-none kb-gallery-magnific-init\" data-item-selector=\".kadence-blocks-gallery-item\" data-image-filter=\"none\" data-lightbox-caption=\"true\" data-columns-xxl=\"3\" data-columns-xl=\"3\" data-columns-lg=\"3\" data-columns-md=\"2\" data-columns-sm=\"1\" data-columns-xs=\"1\" data-columns-ss=\"1\"><li class=\"kadence-blocks-gallery-item\"><div class=\"kadence-blocks-gallery-item-inner\"><figure class=\"kb-gallery-figure kb-gallery-item-has-link kadence-blocks-gallery-item-hide-caption kb-has-image-ratio-land32\"><a href=\"https:\/\/nawydmie.com.pl\/wp-content\/uploads\/2022\/11\/NA_WYDMIE_NOWE_pomniejszone-18-of-84-1-min.jpg\" class=\"kb-gallery-item-link\"><div class=\"kb-gal-image-radius\"><div class=\"kb-gallery-image-contain kadence-blocks-gallery-intrinsic kb-gallery-image-ratio-land32\"><img loading=\"lazy\" decoding=\"async\" src=\"https:\/\/nawydmie.com.pl\/wp-content\/uploads\/2022\/11\/NA_WYDMIE_NOWE_pomniejszone-18-of-84-1-min-1024x682.jpg\" width=\"1024\" height=\"682\" alt=\"\" data-full-image=\"https:\/\/nawydmie.com.pl\/wp-content\/uploads\/2022\/11\/NA_WYDMIE_NOWE_pomniejszone-18-of-84-1-min.jpg\" data-light-image=\"https:\/\/nawydmie.com.pl\/wp-content\/uploads\/2022\/11\/NA_WYDMIE_NOWE_pomniejszone-18-of-84-1-min.jpg\" data-id=\"233\" data-link=\"https:\/\/nawydmie.com.pl\/pokoj-w-domku-typu-blizniak\/na_wydmie_nowe_pomniejszone-18-of-84-1-min\/\" data-custom-link=\"\" data-custom-link-target=\"\" data-sponsored=\"\" class=\"wp-image-233\"\/><\/div><div class=\"kadence-blocks-gallery-item__caption\">Pok\u00f3j w domku typu Bli\u017aniak<\/div><\/div><\/a><\/figure><\/div><\/li><li class=\"kadence-blocks-gallery-item\"><div class=\"kadence-blocks-gallery-item-inner\"><figure class=\"kb-gallery-figure kb-gallery-item-has-link kadence-blocks-gallery-item-hide-caption kb-has-image-ratio-land32\"><a href=\"https:\/\/nawydmie.com.pl\/wp-content\/uploads\/2022\/11\/NAWYDMIE_male-zewnetrzne-22-min.jpg\" class=\"kb-gallery-item-link\"><div class=\"kb-gal-image-radius\"><div class=\"kb-gallery-image-contain kadence-blocks-gallery-intrinsic kb-gallery-image-ratio-land32\"><img loading=\"lazy\" decoding=\"async\" src=\"https:\/\/nawydmie.com.pl\/wp-content\/uploads\/2022\/11\/NAWYDMIE_male-zewnetrzne-22-min-1024x682.jpg\" width=\"1024\" height=\"682\" alt=\"\" data-full-image=\"https:\/\/nawydmie.com.pl\/wp-content\/uploads\/2022\/11\/NAWYDMIE_male-zewnetrzne-22-min.jpg\" data-light-image=\"https:\/\/nawydmie.com.pl\/wp-content\/uploads\/2022\/11\/NAWYDMIE_male-zewnetrzne-22-min.jpg\" data-id=\"242\" data-link=\"https:\/\/nawydmie.com.pl\/pokoj-w-domku-typu-blizniak\/nawydmie_male-zewnetrzne-22-min\/\" data-custom-link=\"\" data-custom-link-target=\"\" data-sponsored=\"\" class=\"wp-image-242\"\/><\/div><div class=\"kadence-blocks-gallery-item__caption\">Pok\u00f3j w domku typu Bli\u017aniak<\/div><\/div><\/a><\/figure><\/div><\/li><li class=\"kadence-blocks-gallery-item\"><div class=\"kadence-blocks-gallery-item-inner\"><figure class=\"kb-gallery-figure kb-gallery-item-has-link kadence-blocks-gallery-item-hide-caption kb-has-image-ratio-land32\"><a href=\"https:\/\/nawydmie.com.pl\/wp-content\/uploads\/2022\/11\/NA_WYDMIE_NOWE_pomniejszone-28-of-84-min.jpg\" class=\"kb-gallery-item-link\"><div class=\"kb-gal-image-radius\"><div class=\"kb-gallery-image-contain kadence-blocks-gallery-intrinsic kb-gallery-image-ratio-land32\"><img loading=\"lazy\" decoding=\"async\" src=\"https:\/\/nawydmie.com.pl\/wp-content\/uploads\/2022\/11\/NA_WYDMIE_NOWE_pomniejszone-28-of-84-min-1024x682.jpg\" width=\"1024\" height=\"682\" alt=\"\" data-full-image=\"https:\/\/nawydmie.com.pl\/wp-content\/uploads\/2022\/11\/NA_WYDMIE_NOWE_pomniejszone-28-of-84-min.jpg\" data-light-image=\"https:\/\/nawydmie.com.pl\/wp-content\/uploads\/2022\/11\/NA_WYDMIE_NOWE_pomniejszone-28-of-84-min.jpg\" data-id=\"234\" data-link=\"https:\/\/nawydmie.com.pl\/pokoj-w-domku-typu-blizniak\/na_wydmie_nowe_pomniejszone-28-of-84-min\/\" data-custom-link=\"\" data-custom-link-target=\"\" data-sponsored=\"\" class=\"wp-image-234\"\/><\/div><div class=\"kadence-blocks-gallery-item__caption\">Pok\u00f3j w domku typu Bli\u017aniak<\/div><\/div><\/a><\/figure><\/div><\/li><li class=\"kadence-blocks-gallery-item\"><div class=\"kadence-blocks-gallery-item-inner\"><figure class=\"kb-gallery-figure kb-gallery-item-has-link kadence-blocks-gallery-item-hide-caption kb-has-image-ratio-land32\"><a href=\"https:\/\/nawydmie.com.pl\/wp-content\/uploads\/2022\/11\/NAWYDMIE_male-23-of-69-min.jpg\" class=\"kb-gallery-item-link\"><div class=\"kb-gal-image-radius\"><div class=\"kb-gallery-image-contain kadence-blocks-gallery-intrinsic kb-gallery-image-ratio-land32\"><img loading=\"lazy\" decoding=\"async\" src=\"https:\/\/nawydmie.com.pl\/wp-content\/uploads\/2022\/11\/NAWYDMIE_male-23-of-69-min-1024x682.jpg\" width=\"1024\" height=\"682\" alt=\"\" data-full-image=\"https:\/\/nawydmie.com.pl\/wp-content\/uploads\/2022\/11\/NAWYDMIE_male-23-of-69-min.jpg\" data-light-image=\"https:\/\/nawydmie.com.pl\/wp-content\/uploads\/2022\/11\/NAWYDMIE_male-23-of-69-min.jpg\" data-id=\"240\" data-link=\"https:\/\/nawydmie.com.pl\/pokoj-w-domku-typu-blizniak\/nawydmie_male-23-of-69-min\/\" data-custom-link=\"\" data-custom-link-target=\"\" data-sponsored=\"\" class=\"wp-image-240\"\/><\/div><div class=\"kadence-blocks-gallery-item__caption\">Pok\u00f3j z \u0142\u00f3\u017ckami pojedynczymi<\/div><\/div><\/a><\/figure><\/div><\/li><li class=\"kadence-blocks-gallery-item\"><div class=\"kadence-blocks-gallery-item-inner\"><figure class=\"kb-gallery-figure kb-gallery-item-has-link kadence-blocks-gallery-item-hide-caption kb-has-image-ratio-land32\"><a href=\"https:\/\/nawydmie.com.pl\/wp-content\/uploads\/2022\/11\/NAWYDMIE_male-24-of-69-min.jpg\" class=\"kb-gallery-item-link\"><div class=\"kb-gal-image-radius\"><div class=\"kb-gallery-image-contain kadence-blocks-gallery-intrinsic kb-gallery-image-ratio-land32\"><img loading=\"lazy\" decoding=\"async\" src=\"https:\/\/nawydmie.com.pl\/wp-content\/uploads\/2022\/11\/NAWYDMIE_male-24-of-69-min-1024x682.jpg\" width=\"1024\" height=\"682\" alt=\"\" data-full-image=\"https:\/\/nawydmie.com.pl\/wp-content\/uploads\/2022\/11\/NAWYDMIE_male-24-of-69-min.jpg\" data-light-image=\"https:\/\/nawydmie.com.pl\/wp-content\/uploads\/2022\/11\/NAWYDMIE_male-24-of-69-min.jpg\" data-id=\"241\" data-link=\"https:\/\/nawydmie.com.pl\/pokoj-w-domku-typu-blizniak\/nawydmie_male-24-of-69-min\/\" data-custom-link=\"\" data-custom-link-target=\"\" data-sponsored=\"\" class=\"wp-image-241\"\/><\/div><div class=\"kadence-blocks-gallery-item__caption\">Pok\u00f3j z \u0142\u00f3\u017ckami pojedynczymi<\/div><\/div><\/a><\/figure><\/div><\/li><li class=\"kadence-blocks-gallery-item\"><div class=\"kadence-blocks-gallery-item-inner\"><figure class=\"kb-gallery-figure kb-gallery-item-has-link kadence-blocks-gallery-item-hide-caption kb-has-image-ratio-land32\"><a href=\"https:\/\/nawydmie.com.pl\/wp-content\/uploads\/2022\/11\/NAWYDMIE_male-22-of-69-1-min.jpg\" class=\"kb-gallery-item-link\"><div class=\"kb-gal-image-radius\"><div class=\"kb-gallery-image-contain kadence-blocks-gallery-intrinsic kb-gallery-image-ratio-land32\"><img loading=\"lazy\" decoding=\"async\" src=\"https:\/\/nawydmie.com.pl\/wp-content\/uploads\/2022\/11\/NAWYDMIE_male-22-of-69-1-min-1024x682.jpg\" width=\"1024\" height=\"682\" alt=\"\" data-full-image=\"https:\/\/nawydmie.com.pl\/wp-content\/uploads\/2022\/11\/NAWYDMIE_male-22-of-69-1-min.jpg\" data-light-image=\"https:\/\/nawydmie.com.pl\/wp-content\/uploads\/2022\/11\/NAWYDMIE_male-22-of-69-1-min.jpg\" data-id=\"239\" data-link=\"https:\/\/nawydmie.com.pl\/pokoj-w-domku-typu-blizniak\/nawydmie_male-22-of-69-1-min\/\" data-custom-link=\"\" data-custom-link-target=\"\" data-sponsored=\"\" class=\"wp-image-239\"\/><\/div><div class=\"kadence-blocks-gallery-item__caption\">Pok\u00f3j z \u0142\u00f3\u017ckami pojedynczymi<\/div><\/div><\/a><\/figure><\/div><\/li><li class=\"kadence-blocks-gallery-item\"><div class=\"kadence-blocks-gallery-item-inner\"><figure class=\"kb-gallery-figure kb-gallery-item-has-link kadence-blocks-gallery-item-hide-caption kb-has-image-ratio-land32\"><a href=\"https:\/\/nawydmie.com.pl\/wp-content\/uploads\/2022\/11\/NAWYDMIE_male-18-of-69-min.jpg\" class=\"kb-gallery-item-link\"><div class=\"kb-gal-image-radius\"><div class=\"kb-gallery-image-contain kadence-blocks-gallery-intrinsic kb-gallery-image-ratio-land32\"><img loading=\"lazy\" decoding=\"async\" src=\"https:\/\/nawydmie.com.pl\/wp-content\/uploads\/2022\/11\/NAWYDMIE_male-18-of-69-min-1024x682.jpg\" width=\"1024\" height=\"682\" alt=\"\" data-full-image=\"https:\/\/nawydmie.com.pl\/wp-content\/uploads\/2022\/11\/NAWYDMIE_male-18-of-69-min.jpg\" data-light-image=\"https:\/\/nawydmie.com.pl\/wp-content\/uploads\/2022\/11\/NAWYDMIE_male-18-of-69-min.jpg\" data-id=\"236\" data-link=\"https:\/\/nawydmie.com.pl\/pokoj-w-domku-typu-blizniak\/nawydmie_male-18-of-69-min\/\" data-custom-link=\"\" data-custom-link-target=\"\" data-sponsored=\"\" class=\"wp-image-236\"\/><\/div><div class=\"kadence-blocks-gallery-item__caption\">Pok\u00f3j z \u0142\u00f3\u017ckiem ma\u0142\u017ce\u0144skim<\/div><\/div><\/a><\/figure><\/div><\/li><li class=\"kadence-blocks-gallery-item\"><div class=\"kadence-blocks-gallery-item-inner\"><figure class=\"kb-gallery-figure kb-gallery-item-has-link kadence-blocks-gallery-item-hide-caption kb-has-image-ratio-land32\"><a href=\"https:\/\/nawydmie.com.pl\/wp-content\/uploads\/2022\/11\/NAWYDMIE_male-19-of-69-min.jpg\" class=\"kb-gallery-item-link\"><div class=\"kb-gal-image-radius\"><div class=\"kb-gallery-image-contain kadence-blocks-gallery-intrinsic kb-gallery-image-ratio-land32\"><img loading=\"lazy\" decoding=\"async\" src=\"https:\/\/nawydmie.com.pl\/wp-content\/uploads\/2022\/11\/NAWYDMIE_male-19-of-69-min-1024x686.jpg\" width=\"1024\" height=\"686\" alt=\"\" data-full-image=\"https:\/\/nawydmie.com.pl\/wp-content\/uploads\/2022\/11\/NAWYDMIE_male-19-of-69-min.jpg\" data-light-image=\"https:\/\/nawydmie.com.pl\/wp-content\/uploads\/2022\/11\/NAWYDMIE_male-19-of-69-min.jpg\" data-id=\"237\" data-link=\"https:\/\/nawydmie.com.pl\/pokoj-w-domku-typu-blizniak\/nawydmie_male-19-of-69-min\/\" data-custom-link=\"\" data-custom-link-target=\"\" data-sponsored=\"\" class=\"wp-image-237\"\/><\/div><div class=\"kadence-blocks-gallery-item__caption\">Pok\u00f3j z \u0142\u00f3\u017ckiem ma\u0142\u017ce\u0144skim<\/div><\/div><\/a><\/figure><\/div><\/li><li class=\"kadence-blocks-gallery-item\"><div class=\"kadence-blocks-gallery-item-inner\"><figure class=\"kb-gallery-figure kb-gallery-item-has-link kadence-blocks-gallery-item-hide-caption kb-has-image-ratio-land32\"><a href=\"https:\/\/nawydmie.com.pl\/wp-content\/uploads\/2022\/11\/NAWYDMIE_male-20-of-69-min.jpg\" class=\"kb-gallery-item-link\"><div class=\"kb-gal-image-radius\"><div class=\"kb-gallery-image-contain kadence-blocks-gallery-intrinsic kb-gallery-image-ratio-land32\"><img loading=\"lazy\" decoding=\"async\" src=\"https:\/\/nawydmie.com.pl\/wp-content\/uploads\/2022\/11\/NAWYDMIE_male-20-of-69-min-1024x682.jpg\" width=\"1024\" height=\"682\" alt=\"\" data-full-image=\"https:\/\/nawydmie.com.pl\/wp-content\/uploads\/2022\/11\/NAWYDMIE_male-20-of-69-min.jpg\" data-light-image=\"https:\/\/nawydmie.com.pl\/wp-content\/uploads\/2022\/11\/NAWYDMIE_male-20-of-69-min.jpg\" data-id=\"238\" data-link=\"https:\/\/nawydmie.com.pl\/pokoj-w-domku-typu-blizniak\/nawydmie_male-20-of-69-min\/\" data-custom-link=\"\" data-custom-link-target=\"\" data-sponsored=\"\" class=\"wp-image-238\"\/><\/div><div class=\"kadence-blocks-gallery-item__caption\">Pok\u00f3j z \u0142\u00f3\u017ckiem ma\u0142\u017ce\u0144skim<\/div><\/div><\/a><\/figure><\/div><\/li><li class=\"kadence-blocks-gallery-item\"><div class=\"kadence-blocks-gallery-item-inner\"><figure class=\"kb-gallery-figure kb-gallery-item-has-link kadence-blocks-gallery-item-hide-caption kb-has-image-ratio-land32\"><a href=\"https:\/\/nawydmie.com.pl\/wp-content\/uploads\/2022\/11\/NAWYDMIE_male-17-of-69-min.jpg\" class=\"kb-gallery-item-link\"><div class=\"kb-gal-image-radius\"><div class=\"kb-gallery-image-contain kadence-blocks-gallery-intrinsic kb-gallery-image-ratio-land32\"><img loading=\"lazy\" decoding=\"async\" src=\"https:\/\/nawydmie.com.pl\/wp-content\/uploads\/2022\/11\/NAWYDMIE_male-17-of-69-min.jpg\" width=\"677\" height=\"1000\" alt=\"\" data-full-image=\"https:\/\/nawydmie.com.pl\/wp-content\/uploads\/2022\/11\/NAWYDMIE_male-17-of-69-min.jpg\" data-light-image=\"https:\/\/nawydmie.com.pl\/wp-content\/uploads\/2022\/11\/NAWYDMIE_male-17-of-69-min.jpg\" data-id=\"235\" data-link=\"https:\/\/nawydmie.com.pl\/pokoj-w-domku-typu-blizniak\/nawydmie_male-17-of-69-min\/\" data-custom-link=\"\" data-custom-link-target=\"\" data-sponsored=\"\" class=\"wp-image-235\"\/><\/div><div class=\"kadence-blocks-gallery-item__caption\">\u0141azienka<\/div><\/div><\/a><\/figure><\/div><\/li><\/ul><\/div>","protected":false},"excerpt":{"rendered":"<p>Pok\u00f3j w domku typu Bli\u017aniak Pok\u00f3j w domku typu Bli\u017aniak \u2013 jeden domek drewniany z dwoma niezale\u017cnymi wej\u015bciami. Pok\u00f3j jest 2-3 osobowy o powierzchni ok. [&hellip;]<\/p>\n","protected":false},"author":2,"featured_media":0,"parent":0,"menu_order":0,"comment_status":"closed","ping_status":"closed","template":"","meta":{"_acf_changed":false,"footnotes":""},"class_list":["post-226","page","type-page","status-publish","hentry"],"acf":[],"yoast_head":"<!-- This site is optimized with the Yoast SEO plugin v22.4 - https:\/\/yoast.com\/wordpress\/plugins\/seo\/ -->\n<title>Pok\u00f3j w domku typu Bli\u017aniak - Na Wydmie<\/title>\n<meta name=\"robots\" content=\"index, follow, max-snippet:-1, max-image-preview:large, max-video-preview:-1\" \/>\n<link rel=\"canonical\" href=\"https:\/\/nawydmie.com.pl\/de\/pokoj-w-domku-typu-blizniak\/\" \/>\n<meta property=\"og:locale\" content=\"de_DE\" \/>\n<meta property=\"og:type\" content=\"article\" \/>\n<meta property=\"og:title\" content=\"Pok\u00f3j w domku typu Bli\u017aniak - Na Wydmie\" \/>\n<meta property=\"og:description\" content=\"Pok\u00f3j w domku typu Bli\u017aniak Pok\u00f3j w domku typu Bli\u017aniak \u2013 jeden domek drewniany z dwoma niezale\u017cnymi wej\u015bciami. Pok\u00f3j jest 2-3 osobowy o powierzchni ok. [&hellip;]\" \/>\n<meta property=\"og:url\" content=\"https:\/\/nawydmie.com.pl\/de\/pokoj-w-domku-typu-blizniak\/\" \/>\n<meta property=\"og:site_name\" content=\"Na Wydmie\" \/>\n<meta property=\"article:modified_time\" content=\"2024-09-26T10:34:18+00:00\" \/>\n<meta property=\"og:image\" content=\"https:\/\/nawydmie.com.pl\/wp-content\/uploads\/2022\/11\/NA_WYDMIE_NOWE_pomniejszone-18-of-84-1-min-1024x682.jpg\" \/>\n<meta name=\"twitter:card\" content=\"summary_large_image\" \/>\n<meta name=\"twitter:label1\" content=\"Gesch\u00e4tzte Lesezeit\" \/>\n\t<meta name=\"twitter:data1\" content=\"1\u00a0Minute\" \/>\n<script type=\"application\/ld+json\" class=\"yoast-schema-graph\">{\"@context\":\"https:\/\/schema.org\",\"@graph\":[{\"@type\":\"WebPage\",\"@id\":\"https:\/\/nawydmie.com.pl\/de\/pokoj-w-domku-typu-blizniak\/\",\"url\":\"https:\/\/nawydmie.com.pl\/de\/pokoj-w-domku-typu-blizniak\/\",\"name\":\"Pok\u00f3j w domku typu Bli\u017aniak - Na Wydmie\",\"isPartOf\":{\"@id\":\"https:\/\/nawydmie.com.pl\/de\/#website\"},\"primaryImageOfPage\":{\"@id\":\"https:\/\/nawydmie.com.pl\/de\/pokoj-w-domku-typu-blizniak\/#primaryimage\"},\"image\":{\"@id\":\"https:\/\/nawydmie.com.pl\/pokoj-w-domku-typu-blizniak\/#primaryimage\"},\"thumbnailUrl\":\"https:\/\/nawydmie.com.pl\/wp-content\/uploads\/2022\/11\/NA_WYDMIE_NOWE_pomniejszone-18-of-84-1-min-1024x682.jpg\",\"datePublished\":\"2022-11-28T10:45:41+00:00\",\"dateModified\":\"2024-09-26T10:34:18+00:00\",\"breadcrumb\":{\"@id\":\"https:\/\/nawydmie.com.pl\/de\/pokoj-w-domku-typu-blizniak\/#breadcrumb\"},\"inLanguage\":\"de\",\"potentialAction\":[{\"@type\":\"ReadAction\",\"target\":[[\"https:\/\/nawydmie.com.pl\/de\/pokoj-w-domku-typu-blizniak\/\"]]}]},{\"@type\":\"ImageObject\",\"inLanguage\":\"de\",\"@id\":\"https:\/\/nawydmie.com.pl\/de\/pokoj-w-domku-typu-blizniak\/#primaryimage\",\"url\":\"https:\/\/nawydmie.com.pl\/wp-content\/uploads\/2022\/11\/NA_WYDMIE_NOWE_pomniejszone-18-of-84-1-min-1024x682.jpg\",\"contentUrl\":\"https:\/\/nawydmie.com.pl\/wp-content\/uploads\/2022\/11\/NA_WYDMIE_NOWE_pomniejszone-18-of-84-1-min-1024x682.jpg\"},{\"@type\":\"BreadcrumbList\",\"@id\":\"https:\/\/nawydmie.com.pl\/de\/pokoj-w-domku-typu-blizniak\/#breadcrumb\",\"itemListElement\":[{\"@type\":\"ListItem\",\"position\":1,\"name\":\"Strona g\u0142\u00f3wna\",\"item\":\"https:\/\/nawydmie.com.pl\/de\/\"},{\"@type\":\"ListItem\",\"position\":2,\"name\":\"Pok\u00f3j w domku typu Bli\u017aniak\"}]},{\"@type\":\"WebSite\",\"@id\":\"https:\/\/nawydmie.com.pl\/de\/#website\",\"url\":\"https:\/\/nawydmie.com.pl\/de\/\",\"name\":\"Na Wydmie\",\"description\":\"Kolejna witryna oparta na WordPressie\",\"potentialAction\":[{\"@type\":\"SearchAction\",\"target\":{\"@type\":\"EntryPoint\",\"urlTemplate\":\"https:\/\/nawydmie.com.pl\/de\/?s={search_term_string}\"},\"query-input\":\"required name=search_term_string\"}],\"inLanguage\":\"de\"}]}<\/script>\n<!-- \/ Yoast SEO plugin. -->","yoast_head_json":{"title":"Pok\u00f3j w domku typu Bli\u017aniak - Na Wydmie","robots":{"index":"index","follow":"follow","max-snippet":"max-snippet:-1","max-image-preview":"max-image-preview:large","max-video-preview":"max-video-preview:-1"},"canonical":"https:\/\/nawydmie.com.pl\/de\/pokoj-w-domku-typu-blizniak\/","og_locale":"de_DE","og_type":"article","og_title":"Pok\u00f3j w domku typu Bli\u017aniak - Na Wydmie","og_description":"Pok\u00f3j w domku typu Bli\u017aniak Pok\u00f3j w domku typu Bli\u017aniak \u2013 jeden domek drewniany z dwoma niezale\u017cnymi wej\u015bciami. Pok\u00f3j jest 2-3 osobowy o powierzchni ok. [&hellip;]","og_url":"https:\/\/nawydmie.com.pl\/de\/pokoj-w-domku-typu-blizniak\/","og_site_name":"Na Wydmie","article_modified_time":"2024-09-26T10:34:18+00:00","og_image":[{"url":"https:\/\/nawydmie.com.pl\/wp-content\/uploads\/2022\/11\/NA_WYDMIE_NOWE_pomniejszone-18-of-84-1-min-1024x682.jpg"}],"twitter_card":"summary_large_image","twitter_misc":{"Gesch\u00e4tzte Lesezeit":"1\u00a0Minute"},"schema":{"@context":"https:\/\/schema.org","@graph":[{"@type":"WebPage","@id":"https:\/\/nawydmie.com.pl\/de\/pokoj-w-domku-typu-blizniak\/","url":"https:\/\/nawydmie.com.pl\/de\/pokoj-w-domku-typu-blizniak\/","name":"Pok\u00f3j w domku typu Bli\u017aniak - Na Wydmie","isPartOf":{"@id":"https:\/\/nawydmie.com.pl\/de\/#website"},"primaryImageOfPage":{"@id":"https:\/\/nawydmie.com.pl\/de\/pokoj-w-domku-typu-blizniak\/#primaryimage"},"image":{"@id":"https:\/\/nawydmie.com.pl\/pokoj-w-domku-typu-blizniak\/#primaryimage"},"thumbnailUrl":"https:\/\/nawydmie.com.pl\/wp-content\/uploads\/2022\/11\/NA_WYDMIE_NOWE_pomniejszone-18-of-84-1-min-1024x682.jpg","datePublished":"2022-11-28T10:45:41+00:00","dateModified":"2024-09-26T10:34:18+00:00","breadcrumb":{"@id":"https:\/\/nawydmie.com.pl\/de\/pokoj-w-domku-typu-blizniak\/#breadcrumb"},"inLanguage":"de","potentialAction":[{"@type":"ReadAction","target":[["https:\/\/nawydmie.com.pl\/de\/pokoj-w-domku-typu-blizniak\/"]]}]},{"@type":"ImageObject","inLanguage":"de","@id":"https:\/\/nawydmie.com.pl\/de\/pokoj-w-domku-typu-blizniak\/#primaryimage","url":"https:\/\/nawydmie.com.pl\/wp-content\/uploads\/2022\/11\/NA_WYDMIE_NOWE_pomniejszone-18-of-84-1-min-1024x682.jpg","contentUrl":"https:\/\/nawydmie.com.pl\/wp-content\/uploads\/2022\/11\/NA_WYDMIE_NOWE_pomniejszone-18-of-84-1-min-1024x682.jpg"},{"@type":"BreadcrumbList","@id":"https:\/\/nawydmie.com.pl\/de\/pokoj-w-domku-typu-blizniak\/#breadcrumb","itemListElement":[{"@type":"ListItem","position":1,"name":"Strona g\u0142\u00f3wna","item":"https:\/\/nawydmie.com.pl\/de\/"},{"@type":"ListItem","position":2,"name":"Pok\u00f3j w domku typu Bli\u017aniak"}]},{"@type":"WebSite","@id":"https:\/\/nawydmie.com.pl\/de\/#website","url":"https:\/\/nawydmie.com.pl\/de\/","name":"Na Wydmie","description":"Kolejna witryna oparta na WordPressie","potentialAction":[{"@type":"SearchAction","target":{"@type":"EntryPoint","urlTemplate":"https:\/\/nawydmie.com.pl\/de\/?s={search_term_string}"},"query-input":"required name=search_term_string"}],"inLanguage":"de"}]}},"_links":{"self":[{"href":"https:\/\/nawydmie.com.pl\/de\/wp-json\/wp\/v2\/pages\/226","targetHints":{"allow":["GET"]}}],"collection":[{"href":"https:\/\/nawydmie.com.pl\/de\/wp-json\/wp\/v2\/pages"}],"about":[{"href":"https:\/\/nawydmie.com.pl\/de\/wp-json\/wp\/v2\/types\/page"}],"author":[{"embeddable":true,"href":"https:\/\/nawydmie.com.pl\/de\/wp-json\/wp\/v2\/users\/2"}],"replies":[{"embeddable":true,"href":"https:\/\/nawydmie.com.pl\/de\/wp-json\/wp\/v2\/comments?post=226"}],"version-history":[{"count":24,"href":"https:\/\/nawydmie.com.pl\/de\/wp-json\/wp\/v2\/pages\/226\/revisions"}],"predecessor-version":[{"id":2191,"href":"https:\/\/nawydmie.com.pl\/de\/wp-json\/wp\/v2\/pages\/226\/revisions\/2191"}],"wp:attachment":[{"href":"https:\/\/nawydmie.com.pl\/de\/wp-json\/wp\/v2\/media?parent=226"}],"curies":[{"name":"wp","href":"https:\/\/api.w.org\/{rel}","templated":true}]}}