{"id":294,"date":"2022-11-28T12:54:01","date_gmt":"2022-11-28T11:54:01","guid":{"rendered":"https:\/\/nawydmie.com.pl\/?page_id=294"},"modified":"2024-09-26T12:36:47","modified_gmt":"2024-09-26T10:36:47","slug":"domek-pietrowy-wolnostojacy","status":"publish","type":"page","link":"https:\/\/nawydmie.com.pl\/de\/domek-pietrowy-wolnostojacy\/","title":{"rendered":"Domek pi\u0119trowy wolnostoj\u0105cy"},"content":{"rendered":"<h2><strong>Domek pi\u0119trowy wolnostoj\u0105cy<\/strong><\/h2>\n\n\n<style>#kt-layout-id_360bdd-63 > .kt-row-column-wrap{align-content:start;}:where(#kt-layout-id_360bdd-63 > .kt-row-column-wrap) > .wp-block-kadence-column{justify-content:start;}#kt-layout-id_360bdd-63 > .kt-row-column-wrap{column-gap:var(--global-kb-gap-md, 2rem);row-gap:var(--global-kb-gap-md, 2rem);padding-top:var( --global-kb-row-default-top, 25px );padding-bottom:var( --global-kb-row-default-bottom, 25px );padding-top:var(--global-kb-spacing-sm, 1.5rem);padding-bottom:var(--global-kb-spacing-sm, 1.5rem);grid-template-columns:repeat(2, minmax(0, 1fr));}#kt-layout-id_360bdd-63 > .kt-row-layout-overlay{opacity:0.30;}@media all and (max-width: 1024px){#kt-layout-id_360bdd-63 > .kt-row-column-wrap{grid-template-columns:repeat(2, minmax(0, 1fr));}}@media all and (max-width: 767px){#kt-layout-id_360bdd-63 > .kt-row-column-wrap{grid-template-columns:minmax(0, 1fr);}}<\/style>\n<div class=\"wp-block-kadence-rowlayout alignnone\"><div id=\"kt-layout-id_360bdd-63\" class=\"kt-row-layout-inner kt-layout-id_360bdd-63\"><div class=\"kt-row-column-wrap kt-has-2-columns kt-gutter-default kt-v-gutter-default kt-row-valign-top kt-row-layout-equal kt-tab-layout-inherit kt-m-colapse-left-to-right kt-mobile-layout-row\"><style>.kadence-column_f9272a-56 > .kt-inside-inner-col{border-top-width:0px;border-right-width:0px;border-bottom-width:0px;border-left-width:0px;}.kadence-column_f9272a-56 > .kt-inside-inner-col,.kadence-column_f9272a-56 > .kt-inside-inner-col:before{border-top-left-radius:0px;border-top-right-radius:0px;border-bottom-right-radius:0px;border-bottom-left-radius:0px;}.kadence-column_f9272a-56 > .kt-inside-inner-col{column-gap:var(--global-kb-gap-sm, 1rem);}.kadence-column_f9272a-56 > .kt-inside-inner-col{flex-direction:column;}.kadence-column_f9272a-56 > .kt-inside-inner-col > .aligncenter{width:100%;}.kadence-column_f9272a-56 > .kt-inside-inner-col:before{opacity:0.3;}.kadence-column_f9272a-56{position:relative;}@media all and (max-width: 1024px){.kadence-column_f9272a-56 > .kt-inside-inner-col{flex-direction:column;}}@media all and (max-width: 767px){.kadence-column_f9272a-56 > .kt-inside-inner-col{flex-direction:column;}}<\/style>\n<div class=\"wp-block-kadence-column inner-column-1 kadence-column_f9272a-56\"><div class=\"kt-inside-inner-col\">\n<p>Domek pi\u0119trowy&nbsp;wolnostoj\u0105cy&nbsp;\u2013 s\u0105 to domki drewniane z bali 4-8 osobowe o powierzchni ok. 50 m\u00b2,&nbsp;komfortowo wyposa\u017cone. Na dolnej kondygnacji jest \u0142azienka z pe\u0142nym w\u0119z\u0142em sanitarnym, telewizor LCD 32\u2033, Wi-Fi, lod\u00f3wka, szafa, st\u00f3\u0142 kawowy, dwa \u0142\u00f3\u017cka pojedyncze oraz&nbsp;rozk\u0142adana kanapa 2-osobowa.&nbsp;Ponadto w domku&nbsp;znajduj\u0105 si\u0119 dwie lampki nocne, czajnik elektryczny, naczynia sto\u0142owe (talerze, szklanki, kubki, sztu\u0107ce) oraz suszarka na bielizn\u0119.&nbsp;Przed domkiem jest weranda z meblami ogrodowymi (stolik +&nbsp;4 krzes\u0142a).<\/p>\n<p>&nbsp;<\/p>\n<\/div><\/div>\n\n\n<style>.kadence-column_e278e4-65 > .kt-inside-inner-col{border-top-width:0px;border-right-width:0px;border-bottom-width:0px;border-left-width:0px;}.kadence-column_e278e4-65 > .kt-inside-inner-col,.kadence-column_e278e4-65 > .kt-inside-inner-col:before{border-top-left-radius:0px;border-top-right-radius:0px;border-bottom-right-radius:0px;border-bottom-left-radius:0px;}.kadence-column_e278e4-65 > .kt-inside-inner-col{column-gap:var(--global-kb-gap-sm, 1rem);}.kadence-column_e278e4-65 > .kt-inside-inner-col{flex-direction:column;}.kadence-column_e278e4-65 > .kt-inside-inner-col > .aligncenter{width:100%;}.kadence-column_e278e4-65 > .kt-inside-inner-col:before{opacity:0.3;}.kadence-column_e278e4-65{position:relative;}@media all and (max-width: 1024px){.kadence-column_e278e4-65 > .kt-inside-inner-col{flex-direction:column;}}@media all and (max-width: 767px){.kadence-column_e278e4-65 > .kt-inside-inner-col{flex-direction:column;}}<\/style>\n<div class=\"wp-block-kadence-column inner-column-2 kadence-column_e278e4-65\"><div class=\"kt-inside-inner-col\">\n<p>Na g\u00f3rn\u0105 kondygnacj\u0119\u00a0\u2013 antresol\u0119 prowadz\u0105 schody, posiadaj\u0105ce\u00a0dwie barierki zapewniaj\u0105ce bezpiecze\u0144stwo dzieci (jedna barierka zamontowana u g\u00f3ry chroni dziecko przed upadkiem, druga na dole przed wchodzeniem na schody).\u00a0Na pi\u0119trze domku\u00a0s\u0105 dwa pokoje. Jeden pok\u00f3j jest otwarty\u00a0w formie antresoli, gdzie znajduje si\u0119 naro\u017cnik rozk\u0142adany, natomiast drugi pok\u00f3j jest zamykany i posiada \u0142\u00f3\u017cko ma\u0142\u017ce\u0144skie.<br \/>Sprz\u0119t pla\u017cowy (le\u017caki i parawany) wypo\u017cyczamy bezp\u0142atnie za kaucj\u0105 w Recepcji O\u015brodka.<\/p>\n<p>\u00a0<\/p>\n<\/div><\/div>\n<\/div><\/div><\/div>\n\n\n<style>.wp-block-kadence-advancedgallery.kb-gallery-wrap-id-_9af590-c4{margin-top:0px;margin-right:0px;margin-bottom:0px;margin-left:0px;}.wp-block-kadence-advancedgallery .kb-gallery-type-grid.kb-gallery-id-_9af590-c4{margin:-11px;}.kb-gallery-type-grid.kb-gallery-id-_9af590-c4 .kadence-blocks-gallery-item{padding:11px;}.kb-gallery-id-_9af590-c4 .kadence-blocks-gallery-item .kb-gal-image-radius{border-radius:15px 15px 15px 15px;}<\/style>\n<div class=\"wp-block-kadence-advancedgallery kb-gallery-wrap-id-_9af590-c4\"><ul class=\"kb-gallery-ul kb-gallery-type-grid kb-gallery-id-_9af590-c4 kb-gallery-caption-style-bottom-hover kb-gallery-filter-none kb-gallery-magnific-init\" data-item-selector=\".kadence-blocks-gallery-item\" data-image-filter=\"none\" data-lightbox-caption=\"true\" data-columns-xxl=\"3\" data-columns-xl=\"3\" data-columns-lg=\"3\" data-columns-md=\"2\" data-columns-sm=\"1\" data-columns-xs=\"1\" data-columns-ss=\"1\"><li class=\"kadence-blocks-gallery-item\"><div class=\"kadence-blocks-gallery-item-inner\"><figure class=\"kb-gallery-figure kb-gallery-item-has-link kadence-blocks-gallery-item-hide-caption kb-has-image-ratio-land32\"><a href=\"https:\/\/nawydmie.com.pl\/wp-content\/uploads\/2022\/11\/NA_WYDMIE_NOWE_pomniejszone-9-of-84-2-min.jpg\" class=\"kb-gallery-item-link\"><div class=\"kb-gal-image-radius\"><div class=\"kb-gallery-image-contain kadence-blocks-gallery-intrinsic kb-gallery-image-ratio-land32\"><img loading=\"lazy\" decoding=\"async\" src=\"https:\/\/nawydmie.com.pl\/wp-content\/uploads\/2022\/11\/NA_WYDMIE_NOWE_pomniejszone-9-of-84-2-min-1024x682.jpg\" width=\"1024\" height=\"682\" alt=\"\" data-full-image=\"https:\/\/nawydmie.com.pl\/wp-content\/uploads\/2022\/11\/NA_WYDMIE_NOWE_pomniejszone-9-of-84-2-min.jpg\" data-light-image=\"https:\/\/nawydmie.com.pl\/wp-content\/uploads\/2022\/11\/NA_WYDMIE_NOWE_pomniejszone-9-of-84-2-min.jpg\" data-id=\"296\" data-link=\"https:\/\/nawydmie.com.pl\/domek-pietrowy-wolnostojacy\/na_wydmie_nowe_pomniejszone-9-of-84-2-min\/\" data-custom-link=\"\" data-custom-link-target=\"\" data-sponsored=\"\" class=\"wp-image-296\"\/><\/div><div class=\"kadence-blocks-gallery-item__caption\">Widok na domek pi\u0119trowy wolnostoj\u0105cy D-17<\/div><\/div><\/a><\/figure><\/div><\/li><li class=\"kadence-blocks-gallery-item\"><div class=\"kadence-blocks-gallery-item-inner\"><figure class=\"kb-gallery-figure kb-gallery-item-has-link kadence-blocks-gallery-item-hide-caption kb-has-image-ratio-land32\"><a href=\"https:\/\/nawydmie.com.pl\/wp-content\/uploads\/2022\/11\/NAWYDMIE_male-zewnetrzne-35-1-min.jpg\" class=\"kb-gallery-item-link\"><div class=\"kb-gal-image-radius\"><div class=\"kb-gallery-image-contain kadence-blocks-gallery-intrinsic kb-gallery-image-ratio-land32\"><img loading=\"lazy\" decoding=\"async\" src=\"https:\/\/nawydmie.com.pl\/wp-content\/uploads\/2022\/11\/NAWYDMIE_male-zewnetrzne-35-1-min-1024x653.jpg\" width=\"1024\" height=\"653\" alt=\"\" data-full-image=\"https:\/\/nawydmie.com.pl\/wp-content\/uploads\/2022\/11\/NAWYDMIE_male-zewnetrzne-35-1-min.jpg\" data-light-image=\"https:\/\/nawydmie.com.pl\/wp-content\/uploads\/2022\/11\/NAWYDMIE_male-zewnetrzne-35-1-min.jpg\" data-id=\"304\" data-link=\"https:\/\/nawydmie.com.pl\/domek-pietrowy-wolnostojacy\/nawydmie_male-zewnetrzne-35-1-min\/\" data-custom-link=\"\" data-custom-link-target=\"\" data-sponsored=\"\" class=\"wp-image-304\"\/><\/div><div class=\"kadence-blocks-gallery-item__caption\">Widok na domek pi\u0119trowy wolnostoj\u0105cy D-10<\/div><\/div><\/a><\/figure><\/div><\/li><li class=\"kadence-blocks-gallery-item\"><div class=\"kadence-blocks-gallery-item-inner\"><figure class=\"kb-gallery-figure kb-gallery-item-has-link kadence-blocks-gallery-item-hide-caption kb-has-image-ratio-land32\"><a href=\"https:\/\/nawydmie.com.pl\/wp-content\/uploads\/2022\/11\/NAWYDMIE_male-16-of-69-min.jpg\" class=\"kb-gallery-item-link\"><div class=\"kb-gal-image-radius\"><div class=\"kb-gallery-image-contain kadence-blocks-gallery-intrinsic kb-gallery-image-ratio-land32\"><img loading=\"lazy\" decoding=\"async\" src=\"https:\/\/nawydmie.com.pl\/wp-content\/uploads\/2022\/11\/NAWYDMIE_male-16-of-69-min-1024x682.jpg\" width=\"1024\" height=\"682\" alt=\"\" data-full-image=\"https:\/\/nawydmie.com.pl\/wp-content\/uploads\/2022\/11\/NAWYDMIE_male-16-of-69-min.jpg\" data-light-image=\"https:\/\/nawydmie.com.pl\/wp-content\/uploads\/2022\/11\/NAWYDMIE_male-16-of-69-min.jpg\" data-id=\"303\" data-link=\"https:\/\/nawydmie.com.pl\/domek-pietrowy-wolnostojacy\/nawydmie_male-16-of-69-min\/\" data-custom-link=\"\" data-custom-link-target=\"\" data-sponsored=\"\" class=\"wp-image-303\"\/><\/div><div class=\"kadence-blocks-gallery-item__caption\">Dolna kondygnacja domku<\/div><\/div><\/a><\/figure><\/div><\/li><li class=\"kadence-blocks-gallery-item\"><div class=\"kadence-blocks-gallery-item-inner\"><figure class=\"kb-gallery-figure kb-gallery-item-has-link kadence-blocks-gallery-item-hide-caption kb-has-image-ratio-land32\"><a href=\"https:\/\/nawydmie.com.pl\/wp-content\/uploads\/2022\/11\/NAWYDMIE_male-10-of-69-1-min.jpg\" class=\"kb-gallery-item-link\"><div class=\"kb-gal-image-radius\"><div class=\"kb-gallery-image-contain kadence-blocks-gallery-intrinsic kb-gallery-image-ratio-land32\"><img loading=\"lazy\" decoding=\"async\" src=\"https:\/\/nawydmie.com.pl\/wp-content\/uploads\/2022\/11\/NAWYDMIE_male-10-of-69-1-min-1024x682.jpg\" width=\"1024\" height=\"682\" alt=\"\" data-full-image=\"https:\/\/nawydmie.com.pl\/wp-content\/uploads\/2022\/11\/NAWYDMIE_male-10-of-69-1-min.jpg\" data-light-image=\"https:\/\/nawydmie.com.pl\/wp-content\/uploads\/2022\/11\/NAWYDMIE_male-10-of-69-1-min.jpg\" data-id=\"298\" data-link=\"https:\/\/nawydmie.com.pl\/domek-pietrowy-wolnostojacy\/nawydmie_male-10-of-69-1-min\/\" data-custom-link=\"\" data-custom-link-target=\"\" data-sponsored=\"\" class=\"wp-image-298\"\/><\/div><div class=\"kadence-blocks-gallery-item__caption\">Dolna kondygnacja domku<\/div><\/div><\/a><\/figure><\/div><\/li><li class=\"kadence-blocks-gallery-item\"><div class=\"kadence-blocks-gallery-item-inner\"><figure class=\"kb-gallery-figure kb-gallery-item-has-link kadence-blocks-gallery-item-hide-caption kb-has-image-ratio-land32\"><a href=\"https:\/\/nawydmie.com.pl\/wp-content\/uploads\/2022\/11\/NAWYDMIE_male-11-of-69-min.jpg\" class=\"kb-gallery-item-link\"><div class=\"kb-gal-image-radius\"><div class=\"kb-gallery-image-contain kadence-blocks-gallery-intrinsic kb-gallery-image-ratio-land32\"><img loading=\"lazy\" decoding=\"async\" src=\"https:\/\/nawydmie.com.pl\/wp-content\/uploads\/2022\/11\/NAWYDMIE_male-11-of-69-min-1024x647.jpg\" width=\"1024\" height=\"647\" alt=\"\" data-full-image=\"https:\/\/nawydmie.com.pl\/wp-content\/uploads\/2022\/11\/NAWYDMIE_male-11-of-69-min.jpg\" data-light-image=\"https:\/\/nawydmie.com.pl\/wp-content\/uploads\/2022\/11\/NAWYDMIE_male-11-of-69-min.jpg\" data-id=\"299\" data-link=\"https:\/\/nawydmie.com.pl\/domek-pietrowy-wolnostojacy\/nawydmie_male-11-of-69-min\/\" data-custom-link=\"\" data-custom-link-target=\"\" data-sponsored=\"\" class=\"wp-image-299\"\/><\/div><div class=\"kadence-blocks-gallery-item__caption\">Dolna kondygnacja domku<\/div><\/div><\/a><\/figure><\/div><\/li><li class=\"kadence-blocks-gallery-item\"><div class=\"kadence-blocks-gallery-item-inner\"><figure class=\"kb-gallery-figure kb-gallery-item-has-link kadence-blocks-gallery-item-hide-caption kb-has-image-ratio-land32\"><a href=\"https:\/\/nawydmie.com.pl\/wp-content\/uploads\/2022\/11\/NAWYDMIE_male-12-of-69-min.jpg\" class=\"kb-gallery-item-link\"><div class=\"kb-gal-image-radius\"><div class=\"kb-gallery-image-contain kadence-blocks-gallery-intrinsic kb-gallery-image-ratio-land32\"><img loading=\"lazy\" decoding=\"async\" src=\"https:\/\/nawydmie.com.pl\/wp-content\/uploads\/2022\/11\/NAWYDMIE_male-12-of-69-min-1024x672.jpg\" width=\"1024\" height=\"672\" alt=\"\" data-full-image=\"https:\/\/nawydmie.com.pl\/wp-content\/uploads\/2022\/11\/NAWYDMIE_male-12-of-69-min.jpg\" data-light-image=\"https:\/\/nawydmie.com.pl\/wp-content\/uploads\/2022\/11\/NAWYDMIE_male-12-of-69-min.jpg\" data-id=\"300\" data-link=\"https:\/\/nawydmie.com.pl\/domek-pietrowy-wolnostojacy\/nawydmie_male-12-of-69-min\/\" data-custom-link=\"\" data-custom-link-target=\"\" data-sponsored=\"\" class=\"wp-image-300\"\/><\/div><div class=\"kadence-blocks-gallery-item__caption\">Dolna Schody na g\u00f3rn\u0105 kondygnacj\u0119 &#8211; antresola + pok\u00f3j zamykanykondygnacja domku<\/div><\/div><\/a><\/figure><\/div><\/li><li class=\"kadence-blocks-gallery-item\"><div class=\"kadence-blocks-gallery-item-inner\"><figure class=\"kb-gallery-figure kb-gallery-item-has-link kadence-blocks-gallery-item-hide-caption kb-has-image-ratio-land32\"><a href=\"https:\/\/nawydmie.com.pl\/wp-content\/uploads\/2022\/11\/NAWYDMIE_male-14-of-69-min.jpg\" class=\"kb-gallery-item-link\"><div class=\"kb-gal-image-radius\"><div class=\"kb-gallery-image-contain kadence-blocks-gallery-intrinsic kb-gallery-image-ratio-land32\"><img loading=\"lazy\" decoding=\"async\" src=\"https:\/\/nawydmie.com.pl\/wp-content\/uploads\/2022\/11\/NAWYDMIE_male-14-of-69-min-1024x682.jpg\" width=\"1024\" height=\"682\" alt=\"\" data-full-image=\"https:\/\/nawydmie.com.pl\/wp-content\/uploads\/2022\/11\/NAWYDMIE_male-14-of-69-min.jpg\" data-light-image=\"https:\/\/nawydmie.com.pl\/wp-content\/uploads\/2022\/11\/NAWYDMIE_male-14-of-69-min.jpg\" data-id=\"302\" data-link=\"https:\/\/nawydmie.com.pl\/domek-pietrowy-wolnostojacy\/nawydmie_male-14-of-69-min\/\" data-custom-link=\"\" data-custom-link-target=\"\" data-sponsored=\"\" class=\"wp-image-302\"\/><\/div><div class=\"kadence-blocks-gallery-item__caption\">G\u00f3rna kondygnacja &#8211; antresola z naro\u017cnikiem<\/div><\/div><\/a><\/figure><\/div><\/li><li class=\"kadence-blocks-gallery-item\"><div class=\"kadence-blocks-gallery-item-inner\"><figure class=\"kb-gallery-figure kb-gallery-item-has-link kadence-blocks-gallery-item-hide-caption kb-has-image-ratio-land32\"><a href=\"https:\/\/nawydmie.com.pl\/wp-content\/uploads\/2022\/11\/NAWYDMIE_male-13-of-69-min.jpg\" class=\"kb-gallery-item-link\"><div class=\"kb-gal-image-radius\"><div class=\"kb-gallery-image-contain kadence-blocks-gallery-intrinsic kb-gallery-image-ratio-land32\"><img loading=\"lazy\" decoding=\"async\" src=\"https:\/\/nawydmie.com.pl\/wp-content\/uploads\/2022\/11\/NAWYDMIE_male-13-of-69-min-1024x682.jpg\" width=\"1024\" height=\"682\" alt=\"\" data-full-image=\"https:\/\/nawydmie.com.pl\/wp-content\/uploads\/2022\/11\/NAWYDMIE_male-13-of-69-min.jpg\" data-light-image=\"https:\/\/nawydmie.com.pl\/wp-content\/uploads\/2022\/11\/NAWYDMIE_male-13-of-69-min.jpg\" data-id=\"301\" data-link=\"https:\/\/nawydmie.com.pl\/domek-pietrowy-wolnostojacy\/nawydmie_male-13-of-69-min\/\" data-custom-link=\"\" data-custom-link-target=\"\" data-sponsored=\"\" class=\"wp-image-301\"\/><\/div><div class=\"kadence-blocks-gallery-item__caption\">G\u00f3rna kondygnacja &#8211; pok\u00f3j z \u0142\u00f3\u017ckiem ma\u0142\u017ce\u0144skim<\/div><\/div><\/a><\/figure><\/div><\/li><li class=\"kadence-blocks-gallery-item\"><div class=\"kadence-blocks-gallery-item-inner\"><figure class=\"kb-gallery-figure kb-gallery-item-has-link kadence-blocks-gallery-item-hide-caption kb-has-image-ratio-land32\"><a href=\"https:\/\/nawydmie.com.pl\/wp-content\/uploads\/2022\/11\/NAWYDMIE_male-9-of-69-min.jpg\" class=\"kb-gallery-item-link\"><div class=\"kb-gal-image-radius\"><div class=\"kb-gallery-image-contain kadence-blocks-gallery-intrinsic kb-gallery-image-ratio-land32\"><img loading=\"lazy\" decoding=\"async\" src=\"https:\/\/nawydmie.com.pl\/wp-content\/uploads\/2022\/11\/NAWYDMIE_male-9-of-69-min.jpg\" width=\"667\" height=\"1000\" alt=\"\" data-full-image=\"https:\/\/nawydmie.com.pl\/wp-content\/uploads\/2022\/11\/NAWYDMIE_male-9-of-69-min.jpg\" data-light-image=\"https:\/\/nawydmie.com.pl\/wp-content\/uploads\/2022\/11\/NAWYDMIE_male-9-of-69-min.jpg\" data-id=\"297\" data-link=\"https:\/\/nawydmie.com.pl\/domek-pietrowy-wolnostojacy\/nawydmie_male-9-of-69-min\/\" data-custom-link=\"\" data-custom-link-target=\"\" data-sponsored=\"\" class=\"wp-image-297\"\/><\/div><div class=\"kadence-blocks-gallery-item__caption\">\u0141azienka domku pi\u0119trowego wolnostoj\u0105cego<\/div><\/div><\/a><\/figure><\/div><\/li><\/ul><\/div>","protected":false},"excerpt":{"rendered":"<p>Domek pi\u0119trowy wolnostoj\u0105cy Domek pi\u0119trowy&nbsp;wolnostoj\u0105cy&nbsp;\u2013 s\u0105 to domki drewniane z bali 4-8 osobowe o powierzchni ok. 50 m\u00b2,&nbsp;komfortowo wyposa\u017cone. Na dolnej kondygnacji jest \u0142azienka z [&hellip;]<\/p>\n","protected":false},"author":2,"featured_media":0,"parent":0,"menu_order":0,"comment_status":"closed","ping_status":"closed","template":"","meta":{"_acf_changed":false,"footnotes":""},"class_list":["post-294","page","type-page","status-publish","hentry"],"acf":[],"yoast_head":"<!-- This site is optimized with the Yoast SEO plugin v22.4 - https:\/\/yoast.com\/wordpress\/plugins\/seo\/ -->\n<title>Domek pi\u0119trowy wolnostoj\u0105cy - Na Wydmie<\/title>\n<meta name=\"robots\" content=\"index, follow, max-snippet:-1, max-image-preview:large, max-video-preview:-1\" \/>\n<link rel=\"canonical\" href=\"https:\/\/nawydmie.com.pl\/de\/domek-pietrowy-wolnostojacy\/\" \/>\n<meta property=\"og:locale\" content=\"de_DE\" \/>\n<meta property=\"og:type\" content=\"article\" \/>\n<meta property=\"og:title\" content=\"Domek pi\u0119trowy wolnostoj\u0105cy - Na Wydmie\" \/>\n<meta property=\"og:description\" content=\"Domek pi\u0119trowy wolnostoj\u0105cy Domek pi\u0119trowy&nbsp;wolnostoj\u0105cy&nbsp;\u2013 s\u0105 to domki drewniane z bali 4-8 osobowe o powierzchni ok. 50 m\u00b2,&nbsp;komfortowo wyposa\u017cone. Na dolnej kondygnacji jest \u0142azienka z [&hellip;]\" \/>\n<meta property=\"og:url\" content=\"https:\/\/nawydmie.com.pl\/de\/domek-pietrowy-wolnostojacy\/\" \/>\n<meta property=\"og:site_name\" content=\"Na Wydmie\" \/>\n<meta property=\"article:modified_time\" content=\"2024-09-26T10:36:47+00:00\" \/>\n<meta property=\"og:image\" content=\"https:\/\/nawydmie.com.pl\/wp-content\/uploads\/2022\/11\/NA_WYDMIE_NOWE_pomniejszone-9-of-84-2-min-1024x682.jpg\" \/>\n<meta name=\"twitter:card\" content=\"summary_large_image\" \/>\n<meta name=\"twitter:label1\" content=\"Gesch\u00e4tzte Lesezeit\" \/>\n\t<meta name=\"twitter:data1\" content=\"1\u00a0Minute\" \/>\n<script type=\"application\/ld+json\" class=\"yoast-schema-graph\">{\"@context\":\"https:\/\/schema.org\",\"@graph\":[{\"@type\":\"WebPage\",\"@id\":\"https:\/\/nawydmie.com.pl\/de\/domek-pietrowy-wolnostojacy\/\",\"url\":\"https:\/\/nawydmie.com.pl\/de\/domek-pietrowy-wolnostojacy\/\",\"name\":\"Domek pi\u0119trowy wolnostoj\u0105cy - Na Wydmie\",\"isPartOf\":{\"@id\":\"https:\/\/nawydmie.com.pl\/de\/#website\"},\"primaryImageOfPage\":{\"@id\":\"https:\/\/nawydmie.com.pl\/de\/domek-pietrowy-wolnostojacy\/#primaryimage\"},\"image\":{\"@id\":\"https:\/\/nawydmie.com.pl\/domek-pietrowy-wolnostojacy\/#primaryimage\"},\"thumbnailUrl\":\"https:\/\/nawydmie.com.pl\/wp-content\/uploads\/2022\/11\/NA_WYDMIE_NOWE_pomniejszone-9-of-84-2-min-1024x682.jpg\",\"datePublished\":\"2022-11-28T11:54:01+00:00\",\"dateModified\":\"2024-09-26T10:36:47+00:00\",\"breadcrumb\":{\"@id\":\"https:\/\/nawydmie.com.pl\/de\/domek-pietrowy-wolnostojacy\/#breadcrumb\"},\"inLanguage\":\"de\",\"potentialAction\":[{\"@type\":\"ReadAction\",\"target\":[[\"https:\/\/nawydmie.com.pl\/de\/domek-pietrowy-wolnostojacy\/\"]]}]},{\"@type\":\"ImageObject\",\"inLanguage\":\"de\",\"@id\":\"https:\/\/nawydmie.com.pl\/de\/domek-pietrowy-wolnostojacy\/#primaryimage\",\"url\":\"https:\/\/nawydmie.com.pl\/wp-content\/uploads\/2022\/11\/NA_WYDMIE_NOWE_pomniejszone-9-of-84-2-min-1024x682.jpg\",\"contentUrl\":\"https:\/\/nawydmie.com.pl\/wp-content\/uploads\/2022\/11\/NA_WYDMIE_NOWE_pomniejszone-9-of-84-2-min-1024x682.jpg\"},{\"@type\":\"BreadcrumbList\",\"@id\":\"https:\/\/nawydmie.com.pl\/de\/domek-pietrowy-wolnostojacy\/#breadcrumb\",\"itemListElement\":[{\"@type\":\"ListItem\",\"position\":1,\"name\":\"Strona g\u0142\u00f3wna\",\"item\":\"https:\/\/nawydmie.com.pl\/de\/\"},{\"@type\":\"ListItem\",\"position\":2,\"name\":\"Domek pi\u0119trowy wolnostoj\u0105cy\"}]},{\"@type\":\"WebSite\",\"@id\":\"https:\/\/nawydmie.com.pl\/de\/#website\",\"url\":\"https:\/\/nawydmie.com.pl\/de\/\",\"name\":\"Na Wydmie\",\"description\":\"Kolejna witryna oparta na WordPressie\",\"potentialAction\":[{\"@type\":\"SearchAction\",\"target\":{\"@type\":\"EntryPoint\",\"urlTemplate\":\"https:\/\/nawydmie.com.pl\/de\/?s={search_term_string}\"},\"query-input\":\"required name=search_term_string\"}],\"inLanguage\":\"de\"}]}<\/script>\n<!-- \/ Yoast SEO plugin. -->","yoast_head_json":{"title":"Domek pi\u0119trowy wolnostoj\u0105cy - Na Wydmie","robots":{"index":"index","follow":"follow","max-snippet":"max-snippet:-1","max-image-preview":"max-image-preview:large","max-video-preview":"max-video-preview:-1"},"canonical":"https:\/\/nawydmie.com.pl\/de\/domek-pietrowy-wolnostojacy\/","og_locale":"de_DE","og_type":"article","og_title":"Domek pi\u0119trowy wolnostoj\u0105cy - Na Wydmie","og_description":"Domek pi\u0119trowy wolnostoj\u0105cy Domek pi\u0119trowy&nbsp;wolnostoj\u0105cy&nbsp;\u2013 s\u0105 to domki drewniane z bali 4-8 osobowe o powierzchni ok. 50 m\u00b2,&nbsp;komfortowo wyposa\u017cone. Na dolnej kondygnacji jest \u0142azienka z [&hellip;]","og_url":"https:\/\/nawydmie.com.pl\/de\/domek-pietrowy-wolnostojacy\/","og_site_name":"Na Wydmie","article_modified_time":"2024-09-26T10:36:47+00:00","og_image":[{"url":"https:\/\/nawydmie.com.pl\/wp-content\/uploads\/2022\/11\/NA_WYDMIE_NOWE_pomniejszone-9-of-84-2-min-1024x682.jpg"}],"twitter_card":"summary_large_image","twitter_misc":{"Gesch\u00e4tzte Lesezeit":"1\u00a0Minute"},"schema":{"@context":"https:\/\/schema.org","@graph":[{"@type":"WebPage","@id":"https:\/\/nawydmie.com.pl\/de\/domek-pietrowy-wolnostojacy\/","url":"https:\/\/nawydmie.com.pl\/de\/domek-pietrowy-wolnostojacy\/","name":"Domek pi\u0119trowy wolnostoj\u0105cy - Na Wydmie","isPartOf":{"@id":"https:\/\/nawydmie.com.pl\/de\/#website"},"primaryImageOfPage":{"@id":"https:\/\/nawydmie.com.pl\/de\/domek-pietrowy-wolnostojacy\/#primaryimage"},"image":{"@id":"https:\/\/nawydmie.com.pl\/domek-pietrowy-wolnostojacy\/#primaryimage"},"thumbnailUrl":"https:\/\/nawydmie.com.pl\/wp-content\/uploads\/2022\/11\/NA_WYDMIE_NOWE_pomniejszone-9-of-84-2-min-1024x682.jpg","datePublished":"2022-11-28T11:54:01+00:00","dateModified":"2024-09-26T10:36:47+00:00","breadcrumb":{"@id":"https:\/\/nawydmie.com.pl\/de\/domek-pietrowy-wolnostojacy\/#breadcrumb"},"inLanguage":"de","potentialAction":[{"@type":"ReadAction","target":[["https:\/\/nawydmie.com.pl\/de\/domek-pietrowy-wolnostojacy\/"]]}]},{"@type":"ImageObject","inLanguage":"de","@id":"https:\/\/nawydmie.com.pl\/de\/domek-pietrowy-wolnostojacy\/#primaryimage","url":"https:\/\/nawydmie.com.pl\/wp-content\/uploads\/2022\/11\/NA_WYDMIE_NOWE_pomniejszone-9-of-84-2-min-1024x682.jpg","contentUrl":"https:\/\/nawydmie.com.pl\/wp-content\/uploads\/2022\/11\/NA_WYDMIE_NOWE_pomniejszone-9-of-84-2-min-1024x682.jpg"},{"@type":"BreadcrumbList","@id":"https:\/\/nawydmie.com.pl\/de\/domek-pietrowy-wolnostojacy\/#breadcrumb","itemListElement":[{"@type":"ListItem","position":1,"name":"Strona g\u0142\u00f3wna","item":"https:\/\/nawydmie.com.pl\/de\/"},{"@type":"ListItem","position":2,"name":"Domek pi\u0119trowy wolnostoj\u0105cy"}]},{"@type":"WebSite","@id":"https:\/\/nawydmie.com.pl\/de\/#website","url":"https:\/\/nawydmie.com.pl\/de\/","name":"Na Wydmie","description":"Kolejna witryna oparta na WordPressie","potentialAction":[{"@type":"SearchAction","target":{"@type":"EntryPoint","urlTemplate":"https:\/\/nawydmie.com.pl\/de\/?s={search_term_string}"},"query-input":"required name=search_term_string"}],"inLanguage":"de"}]}},"_links":{"self":[{"href":"https:\/\/nawydmie.com.pl\/de\/wp-json\/wp\/v2\/pages\/294","targetHints":{"allow":["GET"]}}],"collection":[{"href":"https:\/\/nawydmie.com.pl\/de\/wp-json\/wp\/v2\/pages"}],"about":[{"href":"https:\/\/nawydmie.com.pl\/de\/wp-json\/wp\/v2\/types\/page"}],"author":[{"embeddable":true,"href":"https:\/\/nawydmie.com.pl\/de\/wp-json\/wp\/v2\/users\/2"}],"replies":[{"embeddable":true,"href":"https:\/\/nawydmie.com.pl\/de\/wp-json\/wp\/v2\/comments?post=294"}],"version-history":[{"count":15,"href":"https:\/\/nawydmie.com.pl\/de\/wp-json\/wp\/v2\/pages\/294\/revisions"}],"predecessor-version":[{"id":2194,"href":"https:\/\/nawydmie.com.pl\/de\/wp-json\/wp\/v2\/pages\/294\/revisions\/2194"}],"wp:attachment":[{"href":"https:\/\/nawydmie.com.pl\/de\/wp-json\/wp\/v2\/media?parent=294"}],"curies":[{"name":"wp","href":"https:\/\/api.w.org\/{rel}","templated":true}]}}