{"id":307,"date":"2022-11-28T13:07:37","date_gmt":"2022-11-28T12:07:37","guid":{"rendered":"https:\/\/nawydmie.com.pl\/?page_id=307"},"modified":"2022-12-20T14:49:24","modified_gmt":"2022-12-20T13:49:24","slug":"dziwnow","status":"publish","type":"page","link":"https:\/\/nawydmie.com.pl\/de\/dziwnow\/","title":{"rendered":"Dziwn\u00f3w"},"content":{"rendered":"<h2><strong>Dziwn\u00f3w<\/strong><\/h2>\n\n\n<style>#kt-layout-id_04f54f-85 > .kt-row-column-wrap{align-content:start;}:where(#kt-layout-id_04f54f-85 > .kt-row-column-wrap) > .wp-block-kadence-column{justify-content:start;}#kt-layout-id_04f54f-85 > .kt-row-column-wrap{column-gap:var(--global-kb-gap-md, 2rem);row-gap:var(--global-kb-gap-md, 2rem);padding-top:var( --global-kb-row-default-top, 25px );padding-bottom:var( --global-kb-row-default-bottom, 25px );padding-bottom:44px;grid-template-columns:repeat(2, minmax(0, 1fr));}#kt-layout-id_04f54f-85 > .kt-row-layout-overlay{opacity:0.30;}@media all and (max-width: 1024px){#kt-layout-id_04f54f-85 > .kt-row-column-wrap{grid-template-columns:repeat(2, minmax(0, 1fr));}}@media all and (max-width: 767px){#kt-layout-id_04f54f-85 > .kt-row-column-wrap{grid-template-columns:minmax(0, 1fr);}}<\/style>\n<div class=\"wp-block-kadence-rowlayout alignnone\"><div id=\"kt-layout-id_04f54f-85\" class=\"kt-row-layout-inner kt-layout-id_04f54f-85\"><div class=\"kt-row-column-wrap kt-has-2-columns kt-gutter-default kt-v-gutter-default kt-row-valign-top kt-row-layout-equal kt-tab-layout-inherit kt-m-colapse-left-to-right kt-mobile-layout-row\"><style>.kadence-column_4aa72c-9d > .kt-inside-inner-col{border-top-width:0px;border-right-width:0px;border-bottom-width:0px;border-left-width:0px;}.kadence-column_4aa72c-9d > .kt-inside-inner-col,.kadence-column_4aa72c-9d > .kt-inside-inner-col:before{border-top-left-radius:0px;border-top-right-radius:0px;border-bottom-right-radius:0px;border-bottom-left-radius:0px;}.kadence-column_4aa72c-9d > .kt-inside-inner-col{column-gap:var(--global-kb-gap-sm, 1rem);}.kadence-column_4aa72c-9d > .kt-inside-inner-col{flex-direction:column;}.kadence-column_4aa72c-9d > .kt-inside-inner-col > .aligncenter{width:100%;}.kadence-column_4aa72c-9d > .kt-inside-inner-col:before{opacity:0.3;}.kadence-column_4aa72c-9d{position:relative;}@media all and (max-width: 1024px){.kadence-column_4aa72c-9d > .kt-inside-inner-col{flex-direction:column;}}@media all and (max-width: 767px){.kadence-column_4aa72c-9d > .kt-inside-inner-col{flex-direction:column;}}<\/style>\n<div class=\"wp-block-kadence-column inner-column-1 kadence-column_4aa72c-9d\"><div class=\"kt-inside-inner-col\">\n<p><strong>Gmina Dziwn\u00f3w<\/strong> po\u0142o\u017cona jest w p\u00f3\u0142nocno-zachodniej cz\u0119\u015bci wojew\u00f3dztwa zachodniopomorskiego, atrakcyjnie wkomponowana w wody Morza Ba\u0142tyckiego, Zalewu Kamie\u0144skiego i rzeki Dziwny. Bez w\u0105tpienia to wa\u017cny atut w wyborze miejsca urlopu. Jest tu korzystny klimat, najmniejsze amplitudy temperatur w roku, zimy kr\u00f3tkie z ma\u0142\u0105 ilo\u015bci\u0105 opad\u00f3w. Wszystko to sprawia, \u017ce w gminie Dziwn\u00f3w jest \u0142agodny klimat z du\u017c\u0105 liczb\u0105 dni s\u0142onecznych. Licz\u0105ca&nbsp;ponad 4000&nbsp;mieszka\u0144c\u00f3w gmina o powierzchni 3790 ha i niema\u0142ym bud\u017cecie bardzo dynamicznie si\u0119 rozwija. Od stycznia 2004 roku Dziwn\u00f3w uzyska\u0142 prawa miejskie, przez co sta\u0142 si\u0119 pierwszym najm\u0142odszym miastem w Unii Europejskiej. Okazuje si\u0119, \u017ce to, co przed laty by\u0142o niemo\u017cliwe, sta\u0142o si\u0119 faktem.<\/p>\n<p>&nbsp;<\/p>\n<p><br>Aby urozmaici\u0107 pobyt na terenie gminy organizowane s\u0105 r\u00f3\u017cne imprezy o charakterze rozrywkowym \u2013 wszystko dla wczasowicza, kt\u00f3ry po sko\u0144czonym urlopie wraca do domu wypocz\u0119ty, pe\u0142en wra\u017ce\u0144 i wspomnie\u0144. W roku 2006 Komisja Europejska zakwalifikowa\u0142a pla\u017ce wszystkich miejscowo\u015bci gminy Dziwn\u00f3w do pla\u017c spe\u0142niaj\u0105cych najwy\u017csze standardy. Po\u0142o\u017cenie przygraniczne sprawia, \u017ce wielu turyst\u00f3w z zagranicy wybiera gmin\u0119 Dziwn\u00f3w za miejsce wypoczynku. Mi\u0142o\u015bnicy pla\u017cowania znajd\u0105 tu czyste pla\u017ce nad czyst\u0105 wod\u0105, a bezpiecze\u0144stwa k\u0105pi\u0105cych strzeg\u0105 ratownicy na 6 pla\u017cach strze\u017conych, a jest czego strzec bo d\u0142ugo\u015b\u0107 linii brzegowej wynosi oko\u0142o 17,5 km. Zwolennicy relaksu wodnego i w\u0119dkowania znajd\u0105 pi\u0119kne zak\u0105tki nad rzek\u0105, jeziorem i zalewem. S\u0105 tu wspania\u0142e warunki do uprawiania \u017ceglarstwa, windsurfingu czy kajakarstwa. Dla wygodnych amator\u00f3w w\u0119dkarstwa istnieje mo\u017cliwo\u015b\u0107 zakupu \u015bwie\u017cej ryby prosto z kutra rybackiego. Dobrze chroniony falochronem port oraz mo\u017cliwo\u015b\u0107 bezpiecznego cumowania jacht\u00f3w przy nabrze\u017cu uj\u015bcia rzeki Dziwny zach\u0119caj\u0105 \u017ceglarzy do cz\u0119stych wizyt.<\/p>\n<\/div><\/div>\n\n\n<style>.kadence-column_63c127-6f > .kt-inside-inner-col{border-top-width:0px;border-right-width:0px;border-bottom-width:0px;border-left-width:0px;}.kadence-column_63c127-6f > .kt-inside-inner-col,.kadence-column_63c127-6f > .kt-inside-inner-col:before{border-top-left-radius:0px;border-top-right-radius:0px;border-bottom-right-radius:0px;border-bottom-left-radius:0px;}.kadence-column_63c127-6f > .kt-inside-inner-col{column-gap:var(--global-kb-gap-sm, 1rem);}.kadence-column_63c127-6f > .kt-inside-inner-col{flex-direction:column;}.kadence-column_63c127-6f > .kt-inside-inner-col > .aligncenter{width:100%;}.kadence-column_63c127-6f > .kt-inside-inner-col:before{opacity:0.3;}.kadence-column_63c127-6f{position:relative;}@media all and (max-width: 1024px){.kadence-column_63c127-6f > .kt-inside-inner-col{flex-direction:column;}}@media all and (max-width: 767px){.kadence-column_63c127-6f > .kt-inside-inner-col{flex-direction:column;}}<\/style>\n<div class=\"wp-block-kadence-column inner-column-2 kadence-column_63c127-6f\"><div class=\"kt-inside-inner-col\">\n<p><strong>Warto zobaczy\u0107 w Dziwnowie:<\/strong><\/p>\n<ul>\n<li>Statki pirackie \u201eKorsarz\u201d i \u201eVictoria\u201d cumuj\u0105ce przy Wybrze\u017cu Ko\u015bciuszkowskim w Dziwnowie, wyp\u0142ywaj\u0105ce w morze i do Kamienia Pomorskiego<\/li>\n<li>Most zwodzony w Dziwnowie, jeden z nielicznych w Europie, przep\u0142ywa pod nim statek \u201eKorsarz\u201d, udaj\u0105c si\u0119 w rejs w morze<\/li>\n<li>Hal\u0119 Sportowo \u2013 Widowiskow\u0105<\/li>\n<li>\u201eAlej\u0119 Gwiazd Sportu\u201d \u2013 ulica biegn\u0105ca wzd\u0142u\u017c hali sportowej, na kt\u00f3rej umieszczono marmurowe p\u0142yty z replikami mistrz\u00f3w sportu.<\/li>\n<\/ul>\n<p>\u00a0<\/p>\n<p><strong>Sta\u0142e imprezy rozrywkowe i okoliczno\u015bciowe:<\/strong><\/p>\n<ul>\n<li>Og\u00f3lnopolski S\u0142oneczny Turniej Ta\u0144ca Sportowego<\/li>\n<li>Regaty \u017beglarskie<\/li>\n<li>Festyn Morski po\u0142\u0105czony z Festynem Rybaka oraz Neptunalia<\/li>\n<li>Dzie\u0144 Grecki<\/li>\n<li>Morze Kolor\u00f3w<\/li>\n<li>Festiwal Gwiazd Sportu i Mi\u0119dzynarodowy Bieg IV Mile Jarka<\/li>\n<li>Festyn Komandosa<\/li>\n<li>Regaty \u017beglarskie \u201ePo\u017cegnanie Lata\u201d<\/li>\n<\/ul>\n<p>\u00a0<\/p>\n<p>Ponadto odbywaj\u0105 si\u0119 jeszcze inne imprezy rozrywkowe we wszystkich miejscowo\u015bciach Gminnych, kt\u00f3re s\u0105 skierowane przede wszystkim do turysty i wczasowicza.<\/p>\n<p>\u00a0<\/p>\n<p><strong>Aktualny kalendarz wydarze\u0144 dost\u0119pny jest na stronie www.dziwnow.pl<\/strong><\/p>\n<\/div><\/div>\n<\/div><\/div><\/div>\n\n\n<style>.wp-block-kadence-advancedgallery.kb-gallery-wrap-id-_9af590-c4{margin-top:0px;margin-right:0px;margin-bottom:0px;margin-left:0px;}.wp-block-kadence-advancedgallery.kb-gallery-wrap-id-_9af590-c4{overflow:hidden;}.kb-gallery-type-carousel.kb-gallery-id-_9af590-c4 .kt-blocks-carousel .kt-blocks-carousel-init{margin:0 -11px;}.kb-gallery-type-carousel.kb-gallery-id-_9af590-c4 .kt-blocks-carousel .kt-blocks-carousel-init .kb-slide-item{padding:4px 11px;}.kb-gallery-type-carousel.kb-gallery-id-_9af590-c4 .kt-blocks-carousel .kt-blocks-carousel-init .slick-prev{left:11px;}.kb-gallery-type-carousel.kb-gallery-id-_9af590-c4 .kt-blocks-carousel .kt-blocks-carousel-init .slick-next{right:11px;}.kb-gallery-id-_9af590-c4 .kadence-blocks-gallery-item .kb-gal-image-radius{border-radius:15px 15px 15px 15px;}<\/style>\n<div class=\"wp-block-kadence-advancedgallery kb-gallery-wrap-id-_9af590-c4\"><div class=\"kb-gallery-ul kb-gallery-type-carousel kb-gallery-id-_9af590-c4 kb-gallery-caption-style-bottom-hover kb-gallery-filter-none kb-gallery-magnific-init\" data-image-filter=\"none\" data-lightbox-caption=\"true\"><div class=\"kt-blocks-carousel kt-carousel-container-dotstyle-dark\"><div class=\"kt-blocks-carousel-init kb-gallery-carousel kt-carousel-arrowstyle-whiteondark kt-carousel-dotstyle-dark\" data-columns-xxl=\"2\" data-columns-xl=\"2\" data-columns-md=\"2\" data-columns-sm=\"2\" data-columns-xs=\"1\" data-columns-ss=\"1\" data-slider-anim-speed=\"400\" data-slider-scroll=\"1\" data-slider-arrows=\"true\" data-slider-dots=\"true\" data-slider-hover-pause=\"false\" data-slider-auto=\"false\" data-slider-speed=\"7000\"><div class=\"kb-slide-item kb-gallery-carousel-item\"><div class=\"kadence-blocks-gallery-item\"><div class=\"kadence-blocks-gallery-item-inner\"><figure class=\"kb-gallery-figure kb-gallery-item-has-link kadence-blocks-gallery-item-hide-caption kb-has-image-ratio-land43\"><a href=\"https:\/\/nawydmie.com.pl\/wp-content\/uploads\/2022\/11\/nawydmie_dziwnow_zlotu_2-min.jpg\" class=\"kb-gallery-item-link\"><div class=\"kb-gal-image-radius\"><div class=\"kb-gallery-image-contain kadence-blocks-gallery-intrinsic kb-gallery-image-ratio-land43\"><img loading=\"lazy\" decoding=\"async\" src=\"https:\/\/nawydmie.com.pl\/wp-content\/uploads\/2022\/11\/nawydmie_dziwnow_zlotu_2-min.jpg\" width=\"1500\" height=\"791\" alt=\"\" data-full-image=\"https:\/\/nawydmie.com.pl\/wp-content\/uploads\/2022\/11\/nawydmie_dziwnow_zlotu_2-min.jpg\" data-light-image=\"https:\/\/nawydmie.com.pl\/wp-content\/uploads\/2022\/11\/nawydmie_dziwnow_zlotu_2-min.jpg\" data-id=\"314\" data-link=\"https:\/\/nawydmie.com.pl\/dziwnow\/nawydmie_dziwnow_zlotu_2-min\/\" data-custom-link=\"\" data-custom-link-target=\"\" data-sponsored=\"\" class=\"wp-image-314 skip-lazy\"\/><\/div><\/div><\/a><\/figure><\/div><\/div><\/div><div class=\"kb-slide-item kb-gallery-carousel-item\"><div class=\"kadence-blocks-gallery-item\"><div class=\"kadence-blocks-gallery-item-inner\"><figure class=\"kb-gallery-figure kb-gallery-item-has-link kadence-blocks-gallery-item-hide-caption kb-has-image-ratio-land43\"><a href=\"https:\/\/nawydmie.com.pl\/wp-content\/uploads\/2022\/11\/nawydmie_dziwnow_zlotu_3-min.jpg\" class=\"kb-gallery-item-link\"><div class=\"kb-gal-image-radius\"><div class=\"kb-gallery-image-contain kadence-blocks-gallery-intrinsic kb-gallery-image-ratio-land43\"><img loading=\"lazy\" decoding=\"async\" src=\"https:\/\/nawydmie.com.pl\/wp-content\/uploads\/2022\/11\/nawydmie_dziwnow_zlotu_3-min.jpg\" width=\"1500\" height=\"791\" alt=\"\" data-full-image=\"https:\/\/nawydmie.com.pl\/wp-content\/uploads\/2022\/11\/nawydmie_dziwnow_zlotu_3-min.jpg\" data-light-image=\"https:\/\/nawydmie.com.pl\/wp-content\/uploads\/2022\/11\/nawydmie_dziwnow_zlotu_3-min.jpg\" data-id=\"315\" data-link=\"https:\/\/nawydmie.com.pl\/dziwnow\/nawydmie_dziwnow_zlotu_3-min\/\" data-custom-link=\"\" data-custom-link-target=\"\" data-sponsored=\"\" class=\"wp-image-315 skip-lazy\"\/><\/div><\/div><\/a><\/figure><\/div><\/div><\/div><div class=\"kb-slide-item kb-gallery-carousel-item\"><div class=\"kadence-blocks-gallery-item\"><div class=\"kadence-blocks-gallery-item-inner\"><figure class=\"kb-gallery-figure kb-gallery-item-has-link kadence-blocks-gallery-item-hide-caption kb-has-image-ratio-land43\"><a href=\"https:\/\/nawydmie.com.pl\/wp-content\/uploads\/2022\/11\/nawydmie_dziwnow_zlotu_4-min.jpg\" class=\"kb-gallery-item-link\"><div class=\"kb-gal-image-radius\"><div class=\"kb-gallery-image-contain kadence-blocks-gallery-intrinsic kb-gallery-image-ratio-land43\"><img loading=\"lazy\" decoding=\"async\" src=\"https:\/\/nawydmie.com.pl\/wp-content\/uploads\/2022\/11\/nawydmie_dziwnow_zlotu_4-min.jpg\" width=\"1500\" height=\"791\" alt=\"\" data-full-image=\"https:\/\/nawydmie.com.pl\/wp-content\/uploads\/2022\/11\/nawydmie_dziwnow_zlotu_4-min.jpg\" data-light-image=\"https:\/\/nawydmie.com.pl\/wp-content\/uploads\/2022\/11\/nawydmie_dziwnow_zlotu_4-min.jpg\" data-id=\"316\" data-link=\"https:\/\/nawydmie.com.pl\/dziwnow\/nawydmie_dziwnow_zlotu_4-min\/\" data-custom-link=\"\" data-custom-link-target=\"\" data-sponsored=\"\" class=\"wp-image-316 skip-lazy\"\/><\/div><\/div><\/a><\/figure><\/div><\/div><\/div><div class=\"kb-slide-item kb-gallery-carousel-item\"><div class=\"kadence-blocks-gallery-item\"><div class=\"kadence-blocks-gallery-item-inner\"><figure class=\"kb-gallery-figure kb-gallery-item-has-link kadence-blocks-gallery-item-hide-caption kb-has-image-ratio-land43\"><a href=\"https:\/\/nawydmie.com.pl\/wp-content\/uploads\/2022\/11\/nawydmie_dziwnow_zlotu_1-min.jpg\" class=\"kb-gallery-item-link\"><div class=\"kb-gal-image-radius\"><div class=\"kb-gallery-image-contain kadence-blocks-gallery-intrinsic kb-gallery-image-ratio-land43\"><img loading=\"lazy\" decoding=\"async\" src=\"https:\/\/nawydmie.com.pl\/wp-content\/uploads\/2022\/11\/nawydmie_dziwnow_zlotu_1-min.jpg\" width=\"1500\" height=\"791\" alt=\"\" data-full-image=\"https:\/\/nawydmie.com.pl\/wp-content\/uploads\/2022\/11\/nawydmie_dziwnow_zlotu_1-min.jpg\" data-light-image=\"https:\/\/nawydmie.com.pl\/wp-content\/uploads\/2022\/11\/nawydmie_dziwnow_zlotu_1-min.jpg\" data-id=\"317\" data-link=\"https:\/\/nawydmie.com.pl\/dziwnow\/nawydmie_dziwnow_zlotu_1-min\/\" data-custom-link=\"\" data-custom-link-target=\"\" data-sponsored=\"\" class=\"wp-image-317 skip-lazy\"\/><\/div><\/div><\/a><\/figure><\/div><\/div><\/div><\/div><\/div><\/div><\/div>","protected":false},"excerpt":{"rendered":"<p>Dziwn\u00f3w Gmina Dziwn\u00f3w po\u0142o\u017cona jest w p\u00f3\u0142nocno-zachodniej cz\u0119\u015bci wojew\u00f3dztwa zachodniopomorskiego, atrakcyjnie wkomponowana w wody Morza Ba\u0142tyckiego, Zalewu Kamie\u0144skiego i rzeki Dziwny. Bez w\u0105tpienia to wa\u017cny [&hellip;]<\/p>\n","protected":false},"author":2,"featured_media":388,"parent":0,"menu_order":0,"comment_status":"closed","ping_status":"closed","template":"","meta":{"_acf_changed":false,"footnotes":""},"class_list":["post-307","page","type-page","status-publish","has-post-thumbnail","hentry"],"acf":[],"yoast_head":"<!-- This site is optimized with the Yoast SEO plugin v22.4 - https:\/\/yoast.com\/wordpress\/plugins\/seo\/ -->\n<title>Dziwn\u00f3w - Na Wydmie<\/title>\n<meta name=\"robots\" content=\"index, follow, max-snippet:-1, max-image-preview:large, max-video-preview:-1\" \/>\n<link rel=\"canonical\" href=\"https:\/\/nawydmie.com.pl\/de\/dziwnow\/\" \/>\n<meta property=\"og:locale\" content=\"de_DE\" \/>\n<meta property=\"og:type\" content=\"article\" \/>\n<meta property=\"og:title\" content=\"Dziwn\u00f3w - Na Wydmie\" \/>\n<meta property=\"og:description\" content=\"Dziwn\u00f3w Gmina Dziwn\u00f3w po\u0142o\u017cona jest w p\u00f3\u0142nocno-zachodniej cz\u0119\u015bci wojew\u00f3dztwa zachodniopomorskiego, atrakcyjnie wkomponowana w wody Morza Ba\u0142tyckiego, Zalewu Kamie\u0144skiego i rzeki Dziwny. Bez w\u0105tpienia to wa\u017cny [&hellip;]\" \/>\n<meta property=\"og:url\" content=\"https:\/\/nawydmie.com.pl\/de\/dziwnow\/\" \/>\n<meta property=\"og:site_name\" content=\"Na Wydmie\" \/>\n<meta property=\"article:modified_time\" content=\"2022-12-20T13:49:24+00:00\" \/>\n<meta property=\"og:image\" content=\"https:\/\/nawydmie.com.pl\/wp-content\/uploads\/2022\/11\/dziwnow2-min.jpg\" \/>\n\t<meta property=\"og:image:width\" content=\"1920\" \/>\n\t<meta property=\"og:image:height\" content=\"300\" \/>\n\t<meta property=\"og:image:type\" content=\"image\/jpeg\" \/>\n<meta name=\"twitter:card\" content=\"summary_large_image\" \/>\n<meta name=\"twitter:label1\" content=\"Gesch\u00e4tzte Lesezeit\" \/>\n\t<meta name=\"twitter:data1\" content=\"7\u00a0Minuten\" \/>\n<script type=\"application\/ld+json\" class=\"yoast-schema-graph\">{\"@context\":\"https:\/\/schema.org\",\"@graph\":[{\"@type\":\"WebPage\",\"@id\":\"https:\/\/nawydmie.com.pl\/de\/dziwnow\/\",\"url\":\"https:\/\/nawydmie.com.pl\/de\/dziwnow\/\",\"name\":\"Dziwn\u00f3w - Na Wydmie\",\"isPartOf\":{\"@id\":\"https:\/\/nawydmie.com.pl\/de\/#website\"},\"primaryImageOfPage\":{\"@id\":\"https:\/\/nawydmie.com.pl\/de\/dziwnow\/#primaryimage\"},\"image\":{\"@id\":\"https:\/\/nawydmie.com.pl\/dziwnow\/#primaryimage\"},\"thumbnailUrl\":\"https:\/\/nawydmie.com.pl\/wp-content\/uploads\/2022\/11\/dziwnow2-min.jpg\",\"datePublished\":\"2022-11-28T12:07:37+00:00\",\"dateModified\":\"2022-12-20T13:49:24+00:00\",\"breadcrumb\":{\"@id\":\"https:\/\/nawydmie.com.pl\/de\/dziwnow\/#breadcrumb\"},\"inLanguage\":\"de\",\"potentialAction\":[{\"@type\":\"ReadAction\",\"target\":[[\"https:\/\/nawydmie.com.pl\/de\/dziwnow\/\"]]}]},{\"@type\":\"ImageObject\",\"inLanguage\":\"de\",\"@id\":\"https:\/\/nawydmie.com.pl\/de\/dziwnow\/#primaryimage\",\"url\":\"https:\/\/nawydmie.com.pl\/wp-content\/uploads\/2022\/11\/dziwnow2-min.jpg\",\"contentUrl\":\"https:\/\/nawydmie.com.pl\/wp-content\/uploads\/2022\/11\/dziwnow2-min.jpg\",\"width\":1920,\"height\":300},{\"@type\":\"BreadcrumbList\",\"@id\":\"https:\/\/nawydmie.com.pl\/de\/dziwnow\/#breadcrumb\",\"itemListElement\":[{\"@type\":\"ListItem\",\"position\":1,\"name\":\"Strona g\u0142\u00f3wna\",\"item\":\"https:\/\/nawydmie.com.pl\/de\/\"},{\"@type\":\"ListItem\",\"position\":2,\"name\":\"Dziwn\u00f3w\"}]},{\"@type\":\"WebSite\",\"@id\":\"https:\/\/nawydmie.com.pl\/de\/#website\",\"url\":\"https:\/\/nawydmie.com.pl\/de\/\",\"name\":\"Na Wydmie\",\"description\":\"Kolejna witryna oparta na WordPressie\",\"potentialAction\":[{\"@type\":\"SearchAction\",\"target\":{\"@type\":\"EntryPoint\",\"urlTemplate\":\"https:\/\/nawydmie.com.pl\/de\/?s={search_term_string}\"},\"query-input\":\"required name=search_term_string\"}],\"inLanguage\":\"de\"}]}<\/script>\n<!-- \/ Yoast SEO plugin. -->","yoast_head_json":{"title":"Dziwn\u00f3w - Na Wydmie","robots":{"index":"index","follow":"follow","max-snippet":"max-snippet:-1","max-image-preview":"max-image-preview:large","max-video-preview":"max-video-preview:-1"},"canonical":"https:\/\/nawydmie.com.pl\/de\/dziwnow\/","og_locale":"de_DE","og_type":"article","og_title":"Dziwn\u00f3w - Na Wydmie","og_description":"Dziwn\u00f3w Gmina Dziwn\u00f3w po\u0142o\u017cona jest w p\u00f3\u0142nocno-zachodniej cz\u0119\u015bci wojew\u00f3dztwa zachodniopomorskiego, atrakcyjnie wkomponowana w wody Morza Ba\u0142tyckiego, Zalewu Kamie\u0144skiego i rzeki Dziwny. Bez w\u0105tpienia to wa\u017cny [&hellip;]","og_url":"https:\/\/nawydmie.com.pl\/de\/dziwnow\/","og_site_name":"Na Wydmie","article_modified_time":"2022-12-20T13:49:24+00:00","og_image":[{"width":1920,"height":300,"url":"https:\/\/nawydmie.com.pl\/wp-content\/uploads\/2022\/11\/dziwnow2-min.jpg","type":"image\/jpeg"}],"twitter_card":"summary_large_image","twitter_misc":{"Gesch\u00e4tzte Lesezeit":"7\u00a0Minuten"},"schema":{"@context":"https:\/\/schema.org","@graph":[{"@type":"WebPage","@id":"https:\/\/nawydmie.com.pl\/de\/dziwnow\/","url":"https:\/\/nawydmie.com.pl\/de\/dziwnow\/","name":"Dziwn\u00f3w - Na Wydmie","isPartOf":{"@id":"https:\/\/nawydmie.com.pl\/de\/#website"},"primaryImageOfPage":{"@id":"https:\/\/nawydmie.com.pl\/de\/dziwnow\/#primaryimage"},"image":{"@id":"https:\/\/nawydmie.com.pl\/dziwnow\/#primaryimage"},"thumbnailUrl":"https:\/\/nawydmie.com.pl\/wp-content\/uploads\/2022\/11\/dziwnow2-min.jpg","datePublished":"2022-11-28T12:07:37+00:00","dateModified":"2022-12-20T13:49:24+00:00","breadcrumb":{"@id":"https:\/\/nawydmie.com.pl\/de\/dziwnow\/#breadcrumb"},"inLanguage":"de","potentialAction":[{"@type":"ReadAction","target":[["https:\/\/nawydmie.com.pl\/de\/dziwnow\/"]]}]},{"@type":"ImageObject","inLanguage":"de","@id":"https:\/\/nawydmie.com.pl\/de\/dziwnow\/#primaryimage","url":"https:\/\/nawydmie.com.pl\/wp-content\/uploads\/2022\/11\/dziwnow2-min.jpg","contentUrl":"https:\/\/nawydmie.com.pl\/wp-content\/uploads\/2022\/11\/dziwnow2-min.jpg","width":1920,"height":300},{"@type":"BreadcrumbList","@id":"https:\/\/nawydmie.com.pl\/de\/dziwnow\/#breadcrumb","itemListElement":[{"@type":"ListItem","position":1,"name":"Strona g\u0142\u00f3wna","item":"https:\/\/nawydmie.com.pl\/de\/"},{"@type":"ListItem","position":2,"name":"Dziwn\u00f3w"}]},{"@type":"WebSite","@id":"https:\/\/nawydmie.com.pl\/de\/#website","url":"https:\/\/nawydmie.com.pl\/de\/","name":"Na Wydmie","description":"Kolejna witryna oparta na WordPressie","potentialAction":[{"@type":"SearchAction","target":{"@type":"EntryPoint","urlTemplate":"https:\/\/nawydmie.com.pl\/de\/?s={search_term_string}"},"query-input":"required name=search_term_string"}],"inLanguage":"de"}]}},"_links":{"self":[{"href":"https:\/\/nawydmie.com.pl\/de\/wp-json\/wp\/v2\/pages\/307","targetHints":{"allow":["GET"]}}],"collection":[{"href":"https:\/\/nawydmie.com.pl\/de\/wp-json\/wp\/v2\/pages"}],"about":[{"href":"https:\/\/nawydmie.com.pl\/de\/wp-json\/wp\/v2\/types\/page"}],"author":[{"embeddable":true,"href":"https:\/\/nawydmie.com.pl\/de\/wp-json\/wp\/v2\/users\/2"}],"replies":[{"embeddable":true,"href":"https:\/\/nawydmie.com.pl\/de\/wp-json\/wp\/v2\/comments?post=307"}],"version-history":[{"count":15,"href":"https:\/\/nawydmie.com.pl\/de\/wp-json\/wp\/v2\/pages\/307\/revisions"}],"predecessor-version":[{"id":756,"href":"https:\/\/nawydmie.com.pl\/de\/wp-json\/wp\/v2\/pages\/307\/revisions\/756"}],"wp:featuredmedia":[{"embeddable":true,"href":"https:\/\/nawydmie.com.pl\/de\/wp-json\/wp\/v2\/media\/388"}],"wp:attachment":[{"href":"https:\/\/nawydmie.com.pl\/de\/wp-json\/wp\/v2\/media?parent=307"}],"curies":[{"name":"wp","href":"https:\/\/api.w.org\/{rel}","templated":true}]}}