{"id":415,"date":"2022-11-29T12:12:33","date_gmt":"2022-11-29T11:12:33","guid":{"rendered":"https:\/\/nawydmie.com.pl\/?page_id=415"},"modified":"2023-11-01T20:27:56","modified_gmt":"2023-11-01T19:27:56","slug":"oferty-pracy","status":"publish","type":"page","link":"https:\/\/nawydmie.com.pl\/de\/oferty-pracy\/","title":{"rendered":"Oferty pracy"},"content":{"rendered":"<h2><strong>Oferty pracy<\/strong><\/h2>\n\n\n<style>#kt-layout-id_468916-35 > .kt-row-column-wrap{align-content:start;}:where(#kt-layout-id_468916-35 > .kt-row-column-wrap) > .wp-block-kadence-column{justify-content:start;}#kt-layout-id_468916-35 > .kt-row-column-wrap{column-gap:40px;row-gap:var(--global-kb-gap-md, 2rem);padding-top:var( --global-kb-row-default-top, 25px );padding-bottom:var( --global-kb-row-default-bottom, 25px );padding-top:var(--global-kb-spacing-sm, 1.5rem);padding-bottom:var(--global-kb-spacing-sm, 1.5rem);grid-template-columns:minmax(0, calc(50% - ((40px * 1 )\/2))) minmax(0, calc(50% - ((40px * 1 )\/2)));}#kt-layout-id_468916-35 > .kt-row-layout-overlay{opacity:0.30;}@media all and (max-width: 1024px){#kt-layout-id_468916-35 > .kt-row-column-wrap{grid-template-columns:repeat(2, minmax(0, 1fr));}}@media all and (max-width: 767px){#kt-layout-id_468916-35 > .kt-row-column-wrap{grid-template-columns:minmax(0, 1fr);}}<\/style>\n<div class=\"wp-block-kadence-rowlayout alignnone\"><div id=\"kt-layout-id_468916-35\" class=\"kt-row-layout-inner kt-layout-id_468916-35\"><div class=\"kt-row-column-wrap kt-has-2-columns kt-gutter-wide kt-v-gutter-default kt-row-valign-top kt-row-layout-equal kt-tab-layout-inherit kt-m-colapse-left-to-right kt-mobile-layout-row  kt-custom-first-width-50  kt-custom-second-width-50\"><style>.kadence-column_b7796f-46 > .kt-inside-inner-col{border-top-width:0px;border-right-width:0px;border-bottom-width:0px;border-left-width:0px;}.kadence-column_b7796f-46 > .kt-inside-inner-col,.kadence-column_b7796f-46 > .kt-inside-inner-col:before{border-top-left-radius:0px;border-top-right-radius:0px;border-bottom-right-radius:0px;border-bottom-left-radius:0px;}.kadence-column_b7796f-46 > .kt-inside-inner-col{column-gap:var(--global-kb-gap-sm, 1rem);}.kadence-column_b7796f-46 > .kt-inside-inner-col{flex-direction:column;}.kadence-column_b7796f-46 > .kt-inside-inner-col > .aligncenter{width:100%;}.kadence-column_b7796f-46 > .kt-inside-inner-col:before{opacity:0.3;}.kadence-column_b7796f-46{position:relative;}@media all and (max-width: 1024px){.kadence-column_b7796f-46 > .kt-inside-inner-col{flex-direction:column;}}@media all and (max-width: 767px){.kadence-column_b7796f-46 > .kt-inside-inner-col{flex-direction:column;}}<\/style>\n<div class=\"wp-block-kadence-column inner-column-1 kadence-column_b7796f-46\"><div class=\"kt-inside-inner-col\">\n<p><strong>Recepcjonista<\/strong><\/p>\n<p>Poszukujemy energicznej, otwartej na Klienta, odpowiedzialnej i sympatycznej osoby na stanowisko Recepcjonisty.<\/p>\n<p><br \/><strong>Zakres obowi\u0105zk\u00f3w:<\/strong><\/p>\n<ul>\n<li>organizacja pracy Recepcji<\/li>\n<li>sprawna i \u017cyczliwa obs\u0142uga Go\u015bci O\u015brodka<\/li>\n<li>przyjmowanie rezerwacji telefonicznych i mailowych<\/li>\n<li>sporz\u0105dzanie dokumentacji formalnej zwi\u0105zanej z pobytem Go\u015bci w O\u015brodku<\/li>\n<li>sprawna obs\u0142uga komputera i innych urz\u0105dze\u0144 biurowych<\/li>\n<li>wsp\u00f3\u0142praca z zewn\u0119trznymi us\u0142ugodawcami<\/li>\n<\/ul>\n<\/div><\/div>\n\n\n<style>.kadence-column_e85f00-ab > .kt-inside-inner-col{border-top-width:0px;border-right-width:0px;border-bottom-width:0px;border-left-width:0px;}.kadence-column_e85f00-ab > .kt-inside-inner-col,.kadence-column_e85f00-ab > .kt-inside-inner-col:before{border-top-left-radius:0px;border-top-right-radius:0px;border-bottom-right-radius:0px;border-bottom-left-radius:0px;}.kadence-column_e85f00-ab > .kt-inside-inner-col{column-gap:var(--global-kb-gap-sm, 1rem);}.kadence-column_e85f00-ab > .kt-inside-inner-col{flex-direction:column;}.kadence-column_e85f00-ab > .kt-inside-inner-col > .aligncenter{width:100%;}.kadence-column_e85f00-ab > .kt-inside-inner-col:before{opacity:0.3;}.kadence-column_e85f00-ab{position:relative;}@media all and (max-width: 1024px){.kadence-column_e85f00-ab > .kt-inside-inner-col{flex-direction:column;}}@media all and (max-width: 767px){.kadence-column_e85f00-ab > .kt-inside-inner-col{flex-direction:column;}}<\/style>\n<div class=\"wp-block-kadence-column inner-column-2 kadence-column_e85f00-ab\"><div class=\"kt-inside-inner-col\">\n<p><strong>Oferujemy:<\/strong><\/p>\n<ul>\n<li>atrakcyjne wynagrodzenie + wynagrodzenie<\/li>\n<li>prac\u0119 w przyjaznej atmosferze<\/li>\n<li>szkolenie stanowiskowe i rozw\u00f3j zawodowy<\/li>\n<\/ul>\n<p><br \/><strong>Wymagania:<\/strong><\/p>\n<ul>\n<li>wykszta\u0142cenie min. \u015brednie (mile widziane kierunkowe)<\/li>\n<li>znajomo\u015b\u0107 j\u0119zyka angielskiego lub niemieckiego w stopniu komunikatywnym<\/li>\n<li>pe\u0142na dyspozycyjno\u015b\u0107 w sezonie letnim<\/li>\n<li>umiej\u0119tno\u015b\u0107 samodzielnego podejmowania dzia\u0142a\u0144<\/li>\n<li>wysoka kultura osobista, mi\u0142a aparycja<\/li>\n<li>dobra organizacja pracy<\/li>\n<\/ul>\n<\/div><\/div>\n<\/div><\/div><\/div>\n\n\n<style>.wp-block-kadence-spacer.kt-block-spacer-_7a518f-54 .kt-block-spacer{height:60px;}.wp-block-kadence-spacer.kt-block-spacer-_7a518f-54 .kt-divider{border-top-width:1px;height:1px;border-top-color:#eee;width:100%;border-top-style:solid;}<\/style>\n<div class=\"wp-block-kadence-spacer aligncenter kt-block-spacer-_7a518f-54\"><div class=\"kt-block-spacer kt-block-spacer-halign-center\"><hr class=\"kt-divider\"\/><\/div><\/div>\n\n\n\n<p style=\"text-align: left;\"><strong>Zainteresowanych ofert\u0105 prosimy przes\u0142anie aplikacji drog\u0105 elektroniczn\u0105 za\u0142\u0105czaj\u0105c CV na adres:\u00a0<br \/><span style=\"color: #fcac3c;\">biuro@nawydmie.com.pl<\/span><\/strong><\/p>\n<p style=\"text-align: left;\"><br \/><strong>W razie pyta\u0144 prosimy o kontakt telefoniczny pod nr:<span style=\"color: #fcac3c;\">\u00a0(+48) 510 100 406<\/span><\/strong><br \/><strong>Tylko w sezonie letnim:\u00a0<span style=\"color: #fcac3c;\">(+48) 91 38 130 83<\/span><\/strong><\/p>","protected":false},"excerpt":{"rendered":"<p>Oferty pracy Recepcjonista Poszukujemy energicznej, otwartej na Klienta, odpowiedzialnej i sympatycznej osoby na stanowisko Recepcjonisty. Zakres obowi\u0105zk\u00f3w: organizacja pracy Recepcji sprawna i \u017cyczliwa obs\u0142uga Go\u015bci [&hellip;]<\/p>\n","protected":false},"author":2,"featured_media":417,"parent":0,"menu_order":0,"comment_status":"closed","ping_status":"closed","template":"","meta":{"_acf_changed":false,"footnotes":""},"class_list":["post-415","page","type-page","status-publish","has-post-thumbnail","hentry"],"acf":[],"yoast_head":"<!-- This site is optimized with the Yoast SEO plugin v22.4 - https:\/\/yoast.com\/wordpress\/plugins\/seo\/ -->\n<title>Oferty pracy - Na Wydmie<\/title>\n<meta name=\"robots\" content=\"index, follow, max-snippet:-1, max-image-preview:large, max-video-preview:-1\" \/>\n<link rel=\"canonical\" href=\"https:\/\/nawydmie.com.pl\/de\/oferty-pracy\/\" \/>\n<meta property=\"og:locale\" content=\"de_DE\" \/>\n<meta property=\"og:type\" content=\"article\" \/>\n<meta property=\"og:title\" content=\"Oferty pracy - Na Wydmie\" \/>\n<meta property=\"og:description\" content=\"Oferty pracy Recepcjonista Poszukujemy energicznej, otwartej na Klienta, odpowiedzialnej i sympatycznej osoby na stanowisko Recepcjonisty. Zakres obowi\u0105zk\u00f3w: organizacja pracy Recepcji sprawna i \u017cyczliwa obs\u0142uga Go\u015bci [&hellip;]\" \/>\n<meta property=\"og:url\" content=\"https:\/\/nawydmie.com.pl\/de\/oferty-pracy\/\" \/>\n<meta property=\"og:site_name\" content=\"Na Wydmie\" \/>\n<meta property=\"article:modified_time\" content=\"2023-11-01T19:27:56+00:00\" \/>\n<meta property=\"og:image\" content=\"https:\/\/nawydmie.com.pl\/wp-content\/uploads\/2022\/11\/oferty_pracy-min.jpg\" \/>\n\t<meta property=\"og:image:width\" content=\"1920\" \/>\n\t<meta property=\"og:image:height\" content=\"300\" \/>\n\t<meta property=\"og:image:type\" content=\"image\/jpeg\" \/>\n<meta name=\"twitter:card\" content=\"summary_large_image\" \/>\n<meta name=\"twitter:label1\" content=\"Gesch\u00e4tzte Lesezeit\" \/>\n\t<meta name=\"twitter:data1\" content=\"2\u00a0Minuten\" \/>\n<script type=\"application\/ld+json\" class=\"yoast-schema-graph\">{\"@context\":\"https:\/\/schema.org\",\"@graph\":[{\"@type\":\"WebPage\",\"@id\":\"https:\/\/nawydmie.com.pl\/de\/oferty-pracy\/\",\"url\":\"https:\/\/nawydmie.com.pl\/de\/oferty-pracy\/\",\"name\":\"Oferty pracy - Na Wydmie\",\"isPartOf\":{\"@id\":\"https:\/\/nawydmie.com.pl\/de\/#website\"},\"primaryImageOfPage\":{\"@id\":\"https:\/\/nawydmie.com.pl\/de\/oferty-pracy\/#primaryimage\"},\"image\":{\"@id\":\"https:\/\/nawydmie.com.pl\/oferty-pracy\/#primaryimage\"},\"thumbnailUrl\":\"https:\/\/nawydmie.com.pl\/wp-content\/uploads\/2022\/11\/oferty_pracy-min.jpg\",\"datePublished\":\"2022-11-29T11:12:33+00:00\",\"dateModified\":\"2023-11-01T19:27:56+00:00\",\"breadcrumb\":{\"@id\":\"https:\/\/nawydmie.com.pl\/de\/oferty-pracy\/#breadcrumb\"},\"inLanguage\":\"de\",\"potentialAction\":[{\"@type\":\"ReadAction\",\"target\":[[\"https:\/\/nawydmie.com.pl\/de\/oferty-pracy\/\"]]}]},{\"@type\":\"ImageObject\",\"inLanguage\":\"de\",\"@id\":\"https:\/\/nawydmie.com.pl\/de\/oferty-pracy\/#primaryimage\",\"url\":\"https:\/\/nawydmie.com.pl\/wp-content\/uploads\/2022\/11\/oferty_pracy-min.jpg\",\"contentUrl\":\"https:\/\/nawydmie.com.pl\/wp-content\/uploads\/2022\/11\/oferty_pracy-min.jpg\",\"width\":1920,\"height\":300},{\"@type\":\"BreadcrumbList\",\"@id\":\"https:\/\/nawydmie.com.pl\/de\/oferty-pracy\/#breadcrumb\",\"itemListElement\":[{\"@type\":\"ListItem\",\"position\":1,\"name\":\"Strona g\u0142\u00f3wna\",\"item\":\"https:\/\/nawydmie.com.pl\/de\/\"},{\"@type\":\"ListItem\",\"position\":2,\"name\":\"Oferty pracy\"}]},{\"@type\":\"WebSite\",\"@id\":\"https:\/\/nawydmie.com.pl\/de\/#website\",\"url\":\"https:\/\/nawydmie.com.pl\/de\/\",\"name\":\"Na Wydmie\",\"description\":\"Kolejna witryna oparta na WordPressie\",\"potentialAction\":[{\"@type\":\"SearchAction\",\"target\":{\"@type\":\"EntryPoint\",\"urlTemplate\":\"https:\/\/nawydmie.com.pl\/de\/?s={search_term_string}\"},\"query-input\":\"required name=search_term_string\"}],\"inLanguage\":\"de\"}]}<\/script>\n<!-- \/ Yoast SEO plugin. -->","yoast_head_json":{"title":"Oferty pracy - Na Wydmie","robots":{"index":"index","follow":"follow","max-snippet":"max-snippet:-1","max-image-preview":"max-image-preview:large","max-video-preview":"max-video-preview:-1"},"canonical":"https:\/\/nawydmie.com.pl\/de\/oferty-pracy\/","og_locale":"de_DE","og_type":"article","og_title":"Oferty pracy - Na Wydmie","og_description":"Oferty pracy Recepcjonista Poszukujemy energicznej, otwartej na Klienta, odpowiedzialnej i sympatycznej osoby na stanowisko Recepcjonisty. Zakres obowi\u0105zk\u00f3w: organizacja pracy Recepcji sprawna i \u017cyczliwa obs\u0142uga Go\u015bci [&hellip;]","og_url":"https:\/\/nawydmie.com.pl\/de\/oferty-pracy\/","og_site_name":"Na Wydmie","article_modified_time":"2023-11-01T19:27:56+00:00","og_image":[{"width":1920,"height":300,"url":"https:\/\/nawydmie.com.pl\/wp-content\/uploads\/2022\/11\/oferty_pracy-min.jpg","type":"image\/jpeg"}],"twitter_card":"summary_large_image","twitter_misc":{"Gesch\u00e4tzte Lesezeit":"2\u00a0Minuten"},"schema":{"@context":"https:\/\/schema.org","@graph":[{"@type":"WebPage","@id":"https:\/\/nawydmie.com.pl\/de\/oferty-pracy\/","url":"https:\/\/nawydmie.com.pl\/de\/oferty-pracy\/","name":"Oferty pracy - Na Wydmie","isPartOf":{"@id":"https:\/\/nawydmie.com.pl\/de\/#website"},"primaryImageOfPage":{"@id":"https:\/\/nawydmie.com.pl\/de\/oferty-pracy\/#primaryimage"},"image":{"@id":"https:\/\/nawydmie.com.pl\/oferty-pracy\/#primaryimage"},"thumbnailUrl":"https:\/\/nawydmie.com.pl\/wp-content\/uploads\/2022\/11\/oferty_pracy-min.jpg","datePublished":"2022-11-29T11:12:33+00:00","dateModified":"2023-11-01T19:27:56+00:00","breadcrumb":{"@id":"https:\/\/nawydmie.com.pl\/de\/oferty-pracy\/#breadcrumb"},"inLanguage":"de","potentialAction":[{"@type":"ReadAction","target":[["https:\/\/nawydmie.com.pl\/de\/oferty-pracy\/"]]}]},{"@type":"ImageObject","inLanguage":"de","@id":"https:\/\/nawydmie.com.pl\/de\/oferty-pracy\/#primaryimage","url":"https:\/\/nawydmie.com.pl\/wp-content\/uploads\/2022\/11\/oferty_pracy-min.jpg","contentUrl":"https:\/\/nawydmie.com.pl\/wp-content\/uploads\/2022\/11\/oferty_pracy-min.jpg","width":1920,"height":300},{"@type":"BreadcrumbList","@id":"https:\/\/nawydmie.com.pl\/de\/oferty-pracy\/#breadcrumb","itemListElement":[{"@type":"ListItem","position":1,"name":"Strona g\u0142\u00f3wna","item":"https:\/\/nawydmie.com.pl\/de\/"},{"@type":"ListItem","position":2,"name":"Oferty pracy"}]},{"@type":"WebSite","@id":"https:\/\/nawydmie.com.pl\/de\/#website","url":"https:\/\/nawydmie.com.pl\/de\/","name":"Na Wydmie","description":"Kolejna witryna oparta na WordPressie","potentialAction":[{"@type":"SearchAction","target":{"@type":"EntryPoint","urlTemplate":"https:\/\/nawydmie.com.pl\/de\/?s={search_term_string}"},"query-input":"required name=search_term_string"}],"inLanguage":"de"}]}},"_links":{"self":[{"href":"https:\/\/nawydmie.com.pl\/de\/wp-json\/wp\/v2\/pages\/415","targetHints":{"allow":["GET"]}}],"collection":[{"href":"https:\/\/nawydmie.com.pl\/de\/wp-json\/wp\/v2\/pages"}],"about":[{"href":"https:\/\/nawydmie.com.pl\/de\/wp-json\/wp\/v2\/types\/page"}],"author":[{"embeddable":true,"href":"https:\/\/nawydmie.com.pl\/de\/wp-json\/wp\/v2\/users\/2"}],"replies":[{"embeddable":true,"href":"https:\/\/nawydmie.com.pl\/de\/wp-json\/wp\/v2\/comments?post=415"}],"version-history":[{"count":10,"href":"https:\/\/nawydmie.com.pl\/de\/wp-json\/wp\/v2\/pages\/415\/revisions"}],"predecessor-version":[{"id":1562,"href":"https:\/\/nawydmie.com.pl\/de\/wp-json\/wp\/v2\/pages\/415\/revisions\/1562"}],"wp:featuredmedia":[{"embeddable":true,"href":"https:\/\/nawydmie.com.pl\/de\/wp-json\/wp\/v2\/media\/417"}],"wp:attachment":[{"href":"https:\/\/nawydmie.com.pl\/de\/wp-json\/wp\/v2\/media?parent=415"}],"curies":[{"name":"wp","href":"https:\/\/api.w.org\/{rel}","templated":true}]}}