{"id":307,"date":"2022-11-28T13:07:37","date_gmt":"2022-11-28T12:07:37","guid":{"rendered":"https:\/\/nawydmie.com.pl\/?page_id=307"},"modified":"2022-12-20T14:49:24","modified_gmt":"2022-12-20T13:49:24","slug":"dziwnow","status":"publish","type":"page","link":"https:\/\/nawydmie.com.pl\/en\/dziwnow\/","title":{"rendered":"Dziwn\u00f3w"},"content":{"rendered":"<h2><strong>Dziwn\u00f3w<\/strong><\/h2>\n\n\n<style>#kt-layout-id_04f54f-85 > .kt-row-column-wrap{align-content:start;}:where(#kt-layout-id_04f54f-85 > .kt-row-column-wrap) > .wp-block-kadence-column{justify-content:start;}#kt-layout-id_04f54f-85 > .kt-row-column-wrap{column-gap:var(--global-kb-gap-md, 2rem);row-gap:var(--global-kb-gap-md, 2rem);padding-top:var( --global-kb-row-default-top, 25px );padding-bottom:var( --global-kb-row-default-bottom, 25px );padding-bottom:44px;grid-template-columns:repeat(2, minmax(0, 1fr));}#kt-layout-id_04f54f-85 > .kt-row-layout-overlay{opacity:0.30;}@media all and (max-width: 1024px){#kt-layout-id_04f54f-85 > .kt-row-column-wrap{grid-template-columns:repeat(2, minmax(0, 1fr));}}@media all and (max-width: 767px){#kt-layout-id_04f54f-85 > .kt-row-column-wrap{grid-template-columns:minmax(0, 1fr);}}<\/style>\n<div class=\"wp-block-kadence-rowlayout alignnone\"><div id=\"kt-layout-id_04f54f-85\" class=\"kt-row-layout-inner kt-layout-id_04f54f-85\"><div class=\"kt-row-column-wrap kt-has-2-columns kt-gutter-default kt-v-gutter-default kt-row-valign-top kt-row-layout-equal kt-tab-layout-inherit kt-m-colapse-left-to-right kt-mobile-layout-row\"><style>.kadence-column_4aa72c-9d > .kt-inside-inner-col{border-top-width:0px;border-right-width:0px;border-bottom-width:0px;border-left-width:0px;}.kadence-column_4aa72c-9d > .kt-inside-inner-col,.kadence-column_4aa72c-9d > .kt-inside-inner-col:before{border-top-left-radius:0px;border-top-right-radius:0px;border-bottom-right-radius:0px;border-bottom-left-radius:0px;}.kadence-column_4aa72c-9d > .kt-inside-inner-col{column-gap:var(--global-kb-gap-sm, 1rem);}.kadence-column_4aa72c-9d > .kt-inside-inner-col{flex-direction:column;}.kadence-column_4aa72c-9d > .kt-inside-inner-col > .aligncenter{width:100%;}.kadence-column_4aa72c-9d > .kt-inside-inner-col:before{opacity:0.3;}.kadence-column_4aa72c-9d{position:relative;}@media all and (max-width: 1024px){.kadence-column_4aa72c-9d > .kt-inside-inner-col{flex-direction:column;}}@media all and (max-width: 767px){.kadence-column_4aa72c-9d > .kt-inside-inner-col{flex-direction:column;}}<\/style>\n<div class=\"wp-block-kadence-column inner-column-1 kadence-column_4aa72c-9d\"><div class=\"kt-inside-inner-col\">\n<p><strong>The Dziwn\u00f3w commune<\/strong> is located in the north-western part of the West Pomeranian Voivodeship, attractively integrated into the waters of the Baltic Sea, the Kamie\u0144ski Lagoon and the Dziwna River. Undoubtedly, this is an important asset in choosing a holiday destination. There is a favorable climate here, the smallest temperature amplitudes in a year, short winters with a small amount of rainfall. All this makes the Dziwn\u00f3w commune a mild climate with a large number of sunny days. The municipality with an area of over 4,000 inhabitants covers 3790 ha and the budget is developing very dynamically. From January 2004, Dziwnow received city rights, which made it the first youngest city in the European Union. It turns out that what was impossible before was a fact.<\/p>\n<p>\u00a0<\/p>\n<p>To spice up the stay in the commune, various entertainment events are organized \u2013 everything for a holidaymaker who, after finishing his holiday, returns home rested, full of impressions and memories. In 2006, the European Commission qualified the beaches of all villages of the Dziwn\u00f3w commune to beaches that meet the highest standards. The border location makes many tourists from abroad choose the Dziwn\u00f3w commune as a place of rest. Lovers of sunbathing will find here clean beaches over clean water, and the safety of the bathers is guarded by lifeguards on 6 guarded beaches, which is something to guard because the length of the shoreline is about 17.5 km. Supporters of water relaxation and fishing will find beautiful corners on the river, lake and lagoon. There are great conditions for sailing, windsurfing and canoeing. For comfortable fishing enthusiasts, you can buy fresh fish straight from the fishing boat. A well-protected breakwater port and the possibility of safe mooring at the quay of the Dziwna estuary encourage sailors to frequent visits.<\/p>\n<\/div><\/div>\n\n\n<style>.kadence-column_63c127-6f > .kt-inside-inner-col{border-top-width:0px;border-right-width:0px;border-bottom-width:0px;border-left-width:0px;}.kadence-column_63c127-6f > .kt-inside-inner-col,.kadence-column_63c127-6f > .kt-inside-inner-col:before{border-top-left-radius:0px;border-top-right-radius:0px;border-bottom-right-radius:0px;border-bottom-left-radius:0px;}.kadence-column_63c127-6f > .kt-inside-inner-col{column-gap:var(--global-kb-gap-sm, 1rem);}.kadence-column_63c127-6f > .kt-inside-inner-col{flex-direction:column;}.kadence-column_63c127-6f > .kt-inside-inner-col > .aligncenter{width:100%;}.kadence-column_63c127-6f > .kt-inside-inner-col:before{opacity:0.3;}.kadence-column_63c127-6f{position:relative;}@media all and (max-width: 1024px){.kadence-column_63c127-6f > .kt-inside-inner-col{flex-direction:column;}}@media all and (max-width: 767px){.kadence-column_63c127-6f > .kt-inside-inner-col{flex-direction:column;}}<\/style>\n<div class=\"wp-block-kadence-column inner-column-2 kadence-column_63c127-6f\"><div class=\"kt-inside-inner-col\">\n<p><strong>Worth seeing in Dziwn\u00f3w:<\/strong><\/p>\n<ul>\n<li>Sailing into the sea and to Kamie\u0144 Pomorski<\/li>\n<li>Drawbridge in Dziwn\u00f3w, one of the few in Europe, the \u201cKorsarz\u201d ship passes under it, going on a cruise into the sea<\/li>\n<li>The Sports and Performance Hall<\/li>\n<li>\u201cSport Stars\u2019 Avenue\u201d \u2013 a street running along the sports hall, where marble slabs with replicas of sport champions were placed.<\/li>\n<\/ul>\n<p>\u00a0<\/p>\n<p><strong>Permanent entertainment and occasional events:<\/strong><\/p>\n<ul>\n<li>Nationwide Sunny Sport Dance Tournament<\/li>\n<li>Sailing Regatta<\/li>\n<li>Sea festival connected to the Fisherman\u2019s<\/li>\n<li>Festivities and Neptunalia<\/li>\n<li>Greek Day<\/li>\n<li>Sea of Colors<\/li>\n<li>Festival of Sport Stars and International Run IV Mile Jarka<\/li>\n<li>Commando Party<\/li>\n<li>Sailing Regatta \u201cPo\u017cegnanie Lata\u201d<\/li>\n<\/ul>\n<p>\u00a0<\/p>\n<p>In addition, there are also other entertainment events in all Commune towns, which are aimed primarily at tourists and holidaymakers.<\/p>\n<p>\u00a0<\/p>\n<p><strong>The current calendar of events is available on the website www.dziwnow.pl<\/strong><\/p>\n<p>\u00a0<\/p>\n<p><strong>\u00a0<\/strong><\/p>\n<\/div><\/div>\n<\/div><\/div><\/div>\n\n\n<style>.wp-block-kadence-advancedgallery.kb-gallery-wrap-id-_9af590-c4{margin-top:0px;margin-right:0px;margin-bottom:0px;margin-left:0px;}.wp-block-kadence-advancedgallery.kb-gallery-wrap-id-_9af590-c4{overflow:hidden;}.kb-gallery-type-carousel.kb-gallery-id-_9af590-c4 .kt-blocks-carousel .kt-blocks-carousel-init{margin:0 -11px;}.kb-gallery-type-carousel.kb-gallery-id-_9af590-c4 .kt-blocks-carousel .kt-blocks-carousel-init .kb-slide-item{padding:4px 11px;}.kb-gallery-type-carousel.kb-gallery-id-_9af590-c4 .kt-blocks-carousel .kt-blocks-carousel-init .slick-prev{left:11px;}.kb-gallery-type-carousel.kb-gallery-id-_9af590-c4 .kt-blocks-carousel .kt-blocks-carousel-init .slick-next{right:11px;}.kb-gallery-id-_9af590-c4 .kadence-blocks-gallery-item .kb-gal-image-radius{border-radius:15px 15px 15px 15px;}<\/style>\n<div class=\"wp-block-kadence-advancedgallery kb-gallery-wrap-id-_9af590-c4\"><div class=\"kb-gallery-ul kb-gallery-type-carousel kb-gallery-id-_9af590-c4 kb-gallery-caption-style-bottom-hover kb-gallery-filter-none kb-gallery-magnific-init\" data-image-filter=\"none\" data-lightbox-caption=\"true\"><div class=\"kt-blocks-carousel kt-carousel-container-dotstyle-dark\"><div class=\"kt-blocks-carousel-init kb-gallery-carousel kt-carousel-arrowstyle-whiteondark kt-carousel-dotstyle-dark\" data-columns-xxl=\"2\" data-columns-xl=\"2\" data-columns-md=\"2\" data-columns-sm=\"2\" data-columns-xs=\"1\" data-columns-ss=\"1\" data-slider-anim-speed=\"400\" data-slider-scroll=\"1\" data-slider-arrows=\"true\" data-slider-dots=\"true\" data-slider-hover-pause=\"false\" data-slider-auto=\"false\" data-slider-speed=\"7000\"><div class=\"kb-slide-item kb-gallery-carousel-item\"><div class=\"kadence-blocks-gallery-item\"><div class=\"kadence-blocks-gallery-item-inner\"><figure class=\"kb-gallery-figure kb-gallery-item-has-link kadence-blocks-gallery-item-hide-caption kb-has-image-ratio-land43\"><a href=\"https:\/\/nawydmie.com.pl\/wp-content\/uploads\/2022\/11\/nawydmie_dziwnow_zlotu_2-min.jpg\" class=\"kb-gallery-item-link\"><div class=\"kb-gal-image-radius\"><div class=\"kb-gallery-image-contain kadence-blocks-gallery-intrinsic kb-gallery-image-ratio-land43\"><img loading=\"lazy\" decoding=\"async\" src=\"https:\/\/nawydmie.com.pl\/wp-content\/uploads\/2022\/11\/nawydmie_dziwnow_zlotu_2-min.jpg\" width=\"1500\" height=\"791\" alt=\"\" data-full-image=\"https:\/\/nawydmie.com.pl\/wp-content\/uploads\/2022\/11\/nawydmie_dziwnow_zlotu_2-min.jpg\" data-light-image=\"https:\/\/nawydmie.com.pl\/wp-content\/uploads\/2022\/11\/nawydmie_dziwnow_zlotu_2-min.jpg\" data-id=\"314\" data-link=\"https:\/\/nawydmie.com.pl\/dziwnow\/nawydmie_dziwnow_zlotu_2-min\/\" data-custom-link=\"\" data-custom-link-target=\"\" data-sponsored=\"\" class=\"wp-image-314 skip-lazy\"\/><\/div><\/div><\/a><\/figure><\/div><\/div><\/div><div class=\"kb-slide-item kb-gallery-carousel-item\"><div class=\"kadence-blocks-gallery-item\"><div class=\"kadence-blocks-gallery-item-inner\"><figure class=\"kb-gallery-figure kb-gallery-item-has-link kadence-blocks-gallery-item-hide-caption kb-has-image-ratio-land43\"><a href=\"https:\/\/nawydmie.com.pl\/wp-content\/uploads\/2022\/11\/nawydmie_dziwnow_zlotu_3-min.jpg\" class=\"kb-gallery-item-link\"><div class=\"kb-gal-image-radius\"><div class=\"kb-gallery-image-contain kadence-blocks-gallery-intrinsic kb-gallery-image-ratio-land43\"><img loading=\"lazy\" decoding=\"async\" src=\"https:\/\/nawydmie.com.pl\/wp-content\/uploads\/2022\/11\/nawydmie_dziwnow_zlotu_3-min.jpg\" width=\"1500\" height=\"791\" alt=\"\" data-full-image=\"https:\/\/nawydmie.com.pl\/wp-content\/uploads\/2022\/11\/nawydmie_dziwnow_zlotu_3-min.jpg\" data-light-image=\"https:\/\/nawydmie.com.pl\/wp-content\/uploads\/2022\/11\/nawydmie_dziwnow_zlotu_3-min.jpg\" data-id=\"315\" data-link=\"https:\/\/nawydmie.com.pl\/dziwnow\/nawydmie_dziwnow_zlotu_3-min\/\" data-custom-link=\"\" data-custom-link-target=\"\" data-sponsored=\"\" class=\"wp-image-315 skip-lazy\"\/><\/div><\/div><\/a><\/figure><\/div><\/div><\/div><div class=\"kb-slide-item kb-gallery-carousel-item\"><div class=\"kadence-blocks-gallery-item\"><div class=\"kadence-blocks-gallery-item-inner\"><figure class=\"kb-gallery-figure kb-gallery-item-has-link kadence-blocks-gallery-item-hide-caption kb-has-image-ratio-land43\"><a href=\"https:\/\/nawydmie.com.pl\/wp-content\/uploads\/2022\/11\/nawydmie_dziwnow_zlotu_4-min.jpg\" class=\"kb-gallery-item-link\"><div class=\"kb-gal-image-radius\"><div class=\"kb-gallery-image-contain kadence-blocks-gallery-intrinsic kb-gallery-image-ratio-land43\"><img loading=\"lazy\" decoding=\"async\" src=\"https:\/\/nawydmie.com.pl\/wp-content\/uploads\/2022\/11\/nawydmie_dziwnow_zlotu_4-min.jpg\" width=\"1500\" height=\"791\" alt=\"\" data-full-image=\"https:\/\/nawydmie.com.pl\/wp-content\/uploads\/2022\/11\/nawydmie_dziwnow_zlotu_4-min.jpg\" data-light-image=\"https:\/\/nawydmie.com.pl\/wp-content\/uploads\/2022\/11\/nawydmie_dziwnow_zlotu_4-min.jpg\" data-id=\"316\" data-link=\"https:\/\/nawydmie.com.pl\/dziwnow\/nawydmie_dziwnow_zlotu_4-min\/\" data-custom-link=\"\" data-custom-link-target=\"\" data-sponsored=\"\" class=\"wp-image-316 skip-lazy\"\/><\/div><\/div><\/a><\/figure><\/div><\/div><\/div><div class=\"kb-slide-item kb-gallery-carousel-item\"><div class=\"kadence-blocks-gallery-item\"><div class=\"kadence-blocks-gallery-item-inner\"><figure class=\"kb-gallery-figure kb-gallery-item-has-link kadence-blocks-gallery-item-hide-caption kb-has-image-ratio-land43\"><a href=\"https:\/\/nawydmie.com.pl\/wp-content\/uploads\/2022\/11\/nawydmie_dziwnow_zlotu_1-min.jpg\" class=\"kb-gallery-item-link\"><div class=\"kb-gal-image-radius\"><div class=\"kb-gallery-image-contain kadence-blocks-gallery-intrinsic kb-gallery-image-ratio-land43\"><img loading=\"lazy\" decoding=\"async\" src=\"https:\/\/nawydmie.com.pl\/wp-content\/uploads\/2022\/11\/nawydmie_dziwnow_zlotu_1-min.jpg\" width=\"1500\" height=\"791\" alt=\"\" data-full-image=\"https:\/\/nawydmie.com.pl\/wp-content\/uploads\/2022\/11\/nawydmie_dziwnow_zlotu_1-min.jpg\" data-light-image=\"https:\/\/nawydmie.com.pl\/wp-content\/uploads\/2022\/11\/nawydmie_dziwnow_zlotu_1-min.jpg\" data-id=\"317\" data-link=\"https:\/\/nawydmie.com.pl\/dziwnow\/nawydmie_dziwnow_zlotu_1-min\/\" data-custom-link=\"\" data-custom-link-target=\"\" data-sponsored=\"\" class=\"wp-image-317 skip-lazy\"\/><\/div><\/div><\/a><\/figure><\/div><\/div><\/div><\/div><\/div><\/div><\/div>","protected":false},"excerpt":{"rendered":"<p>Dziwn\u00f3w The Dziwn\u00f3w commune is located in the north-western part of the West Pomeranian Voivodeship, attractively integrated into the waters of the Baltic Sea, the [&hellip;]<\/p>\n","protected":false},"author":2,"featured_media":388,"parent":0,"menu_order":0,"comment_status":"closed","ping_status":"closed","template":"","meta":{"_acf_changed":false,"footnotes":""},"class_list":["post-307","page","type-page","status-publish","has-post-thumbnail","hentry"],"acf":[],"yoast_head":"<!-- This site is optimized with the Yoast SEO plugin v22.4 - https:\/\/yoast.com\/wordpress\/plugins\/seo\/ -->\n<title>Dziwn\u00f3w - Na Wydmie<\/title>\n<meta name=\"robots\" content=\"index, follow, max-snippet:-1, max-image-preview:large, max-video-preview:-1\" \/>\n<link rel=\"canonical\" href=\"https:\/\/nawydmie.com.pl\/en\/dziwnow\/\" \/>\n<meta property=\"og:locale\" content=\"en_US\" \/>\n<meta property=\"og:type\" content=\"article\" \/>\n<meta property=\"og:title\" content=\"Dziwn\u00f3w - Na Wydmie\" \/>\n<meta property=\"og:description\" content=\"Dziwn\u00f3w The Dziwn\u00f3w commune is located in the north-western part of the West Pomeranian Voivodeship, attractively integrated into the waters of the Baltic Sea, the [&hellip;]\" \/>\n<meta property=\"og:url\" content=\"https:\/\/nawydmie.com.pl\/en\/dziwnow\/\" \/>\n<meta property=\"og:site_name\" content=\"Na Wydmie\" \/>\n<meta property=\"article:modified_time\" content=\"2022-12-20T13:49:24+00:00\" \/>\n<meta property=\"og:image\" content=\"https:\/\/nawydmie.com.pl\/wp-content\/uploads\/2022\/11\/dziwnow2-min.jpg\" \/>\n\t<meta property=\"og:image:width\" content=\"1920\" \/>\n\t<meta property=\"og:image:height\" content=\"300\" \/>\n\t<meta property=\"og:image:type\" content=\"image\/jpeg\" \/>\n<meta name=\"twitter:card\" content=\"summary_large_image\" \/>\n<meta name=\"twitter:label1\" content=\"Est. reading time\" \/>\n\t<meta name=\"twitter:data1\" content=\"7 minutes\" \/>\n<script type=\"application\/ld+json\" class=\"yoast-schema-graph\">{\"@context\":\"https:\/\/schema.org\",\"@graph\":[{\"@type\":\"WebPage\",\"@id\":\"https:\/\/nawydmie.com.pl\/en\/dziwnow\/\",\"url\":\"https:\/\/nawydmie.com.pl\/en\/dziwnow\/\",\"name\":\"Dziwn\u00f3w - Na Wydmie\",\"isPartOf\":{\"@id\":\"https:\/\/nawydmie.com.pl\/en\/#website\"},\"primaryImageOfPage\":{\"@id\":\"https:\/\/nawydmie.com.pl\/en\/dziwnow\/#primaryimage\"},\"image\":{\"@id\":\"https:\/\/nawydmie.com.pl\/dziwnow\/#primaryimage\"},\"thumbnailUrl\":\"https:\/\/nawydmie.com.pl\/wp-content\/uploads\/2022\/11\/dziwnow2-min.jpg\",\"datePublished\":\"2022-11-28T12:07:37+00:00\",\"dateModified\":\"2022-12-20T13:49:24+00:00\",\"breadcrumb\":{\"@id\":\"https:\/\/nawydmie.com.pl\/en\/dziwnow\/#breadcrumb\"},\"inLanguage\":\"en-US\",\"potentialAction\":[{\"@type\":\"ReadAction\",\"target\":[[\"https:\/\/nawydmie.com.pl\/en\/dziwnow\/\"]]}]},{\"@type\":\"ImageObject\",\"inLanguage\":\"en-US\",\"@id\":\"https:\/\/nawydmie.com.pl\/en\/dziwnow\/#primaryimage\",\"url\":\"https:\/\/nawydmie.com.pl\/wp-content\/uploads\/2022\/11\/dziwnow2-min.jpg\",\"contentUrl\":\"https:\/\/nawydmie.com.pl\/wp-content\/uploads\/2022\/11\/dziwnow2-min.jpg\",\"width\":1920,\"height\":300},{\"@type\":\"BreadcrumbList\",\"@id\":\"https:\/\/nawydmie.com.pl\/en\/dziwnow\/#breadcrumb\",\"itemListElement\":[{\"@type\":\"ListItem\",\"position\":1,\"name\":\"Strona g\u0142\u00f3wna\",\"item\":\"https:\/\/nawydmie.com.pl\/en\/\"},{\"@type\":\"ListItem\",\"position\":2,\"name\":\"Dziwn\u00f3w\"}]},{\"@type\":\"WebSite\",\"@id\":\"https:\/\/nawydmie.com.pl\/en\/#website\",\"url\":\"https:\/\/nawydmie.com.pl\/en\/\",\"name\":\"Na Wydmie\",\"description\":\"Kolejna witryna oparta na WordPressie\",\"potentialAction\":[{\"@type\":\"SearchAction\",\"target\":{\"@type\":\"EntryPoint\",\"urlTemplate\":\"https:\/\/nawydmie.com.pl\/en\/?s={search_term_string}\"},\"query-input\":\"required name=search_term_string\"}],\"inLanguage\":\"en-US\"}]}<\/script>\n<!-- \/ Yoast SEO plugin. -->","yoast_head_json":{"title":"Dziwn\u00f3w - Na Wydmie","robots":{"index":"index","follow":"follow","max-snippet":"max-snippet:-1","max-image-preview":"max-image-preview:large","max-video-preview":"max-video-preview:-1"},"canonical":"https:\/\/nawydmie.com.pl\/en\/dziwnow\/","og_locale":"en_US","og_type":"article","og_title":"Dziwn\u00f3w - Na Wydmie","og_description":"Dziwn\u00f3w The Dziwn\u00f3w commune is located in the north-western part of the West Pomeranian Voivodeship, attractively integrated into the waters of the Baltic Sea, the [&hellip;]","og_url":"https:\/\/nawydmie.com.pl\/en\/dziwnow\/","og_site_name":"Na Wydmie","article_modified_time":"2022-12-20T13:49:24+00:00","og_image":[{"width":1920,"height":300,"url":"https:\/\/nawydmie.com.pl\/wp-content\/uploads\/2022\/11\/dziwnow2-min.jpg","type":"image\/jpeg"}],"twitter_card":"summary_large_image","twitter_misc":{"Est. reading time":"7 minutes"},"schema":{"@context":"https:\/\/schema.org","@graph":[{"@type":"WebPage","@id":"https:\/\/nawydmie.com.pl\/en\/dziwnow\/","url":"https:\/\/nawydmie.com.pl\/en\/dziwnow\/","name":"Dziwn\u00f3w - Na Wydmie","isPartOf":{"@id":"https:\/\/nawydmie.com.pl\/en\/#website"},"primaryImageOfPage":{"@id":"https:\/\/nawydmie.com.pl\/en\/dziwnow\/#primaryimage"},"image":{"@id":"https:\/\/nawydmie.com.pl\/dziwnow\/#primaryimage"},"thumbnailUrl":"https:\/\/nawydmie.com.pl\/wp-content\/uploads\/2022\/11\/dziwnow2-min.jpg","datePublished":"2022-11-28T12:07:37+00:00","dateModified":"2022-12-20T13:49:24+00:00","breadcrumb":{"@id":"https:\/\/nawydmie.com.pl\/en\/dziwnow\/#breadcrumb"},"inLanguage":"en-US","potentialAction":[{"@type":"ReadAction","target":[["https:\/\/nawydmie.com.pl\/en\/dziwnow\/"]]}]},{"@type":"ImageObject","inLanguage":"en-US","@id":"https:\/\/nawydmie.com.pl\/en\/dziwnow\/#primaryimage","url":"https:\/\/nawydmie.com.pl\/wp-content\/uploads\/2022\/11\/dziwnow2-min.jpg","contentUrl":"https:\/\/nawydmie.com.pl\/wp-content\/uploads\/2022\/11\/dziwnow2-min.jpg","width":1920,"height":300},{"@type":"BreadcrumbList","@id":"https:\/\/nawydmie.com.pl\/en\/dziwnow\/#breadcrumb","itemListElement":[{"@type":"ListItem","position":1,"name":"Strona g\u0142\u00f3wna","item":"https:\/\/nawydmie.com.pl\/en\/"},{"@type":"ListItem","position":2,"name":"Dziwn\u00f3w"}]},{"@type":"WebSite","@id":"https:\/\/nawydmie.com.pl\/en\/#website","url":"https:\/\/nawydmie.com.pl\/en\/","name":"Na Wydmie","description":"Kolejna witryna oparta na WordPressie","potentialAction":[{"@type":"SearchAction","target":{"@type":"EntryPoint","urlTemplate":"https:\/\/nawydmie.com.pl\/en\/?s={search_term_string}"},"query-input":"required name=search_term_string"}],"inLanguage":"en-US"}]}},"_links":{"self":[{"href":"https:\/\/nawydmie.com.pl\/en\/wp-json\/wp\/v2\/pages\/307","targetHints":{"allow":["GET"]}}],"collection":[{"href":"https:\/\/nawydmie.com.pl\/en\/wp-json\/wp\/v2\/pages"}],"about":[{"href":"https:\/\/nawydmie.com.pl\/en\/wp-json\/wp\/v2\/types\/page"}],"author":[{"embeddable":true,"href":"https:\/\/nawydmie.com.pl\/en\/wp-json\/wp\/v2\/users\/2"}],"replies":[{"embeddable":true,"href":"https:\/\/nawydmie.com.pl\/en\/wp-json\/wp\/v2\/comments?post=307"}],"version-history":[{"count":15,"href":"https:\/\/nawydmie.com.pl\/en\/wp-json\/wp\/v2\/pages\/307\/revisions"}],"predecessor-version":[{"id":756,"href":"https:\/\/nawydmie.com.pl\/en\/wp-json\/wp\/v2\/pages\/307\/revisions\/756"}],"wp:featuredmedia":[{"embeddable":true,"href":"https:\/\/nawydmie.com.pl\/en\/wp-json\/wp\/v2\/media\/388"}],"wp:attachment":[{"href":"https:\/\/nawydmie.com.pl\/en\/wp-json\/wp\/v2\/media?parent=307"}],"curies":[{"name":"wp","href":"https:\/\/api.w.org\/{rel}","templated":true}]}}