{"id":492,"date":"2022-12-09T09:52:33","date_gmt":"2022-12-09T08:52:33","guid":{"rendered":"https:\/\/nawydmie.com.pl\/?page_id=492"},"modified":"2023-03-02T20:42:03","modified_gmt":"2023-03-02T19:42:03","slug":"kontakt","status":"publish","type":"page","link":"https:\/\/nawydmie.com.pl\/en\/kontakt\/","title":{"rendered":"Contact"},"content":{"rendered":"<h1><strong>Contact <\/strong>us at<strong><br><\/strong><\/h1>\n\n\n<style>#kt-layout-id_5380f8-b0 > .kt-row-column-wrap{align-content:start;}:where(#kt-layout-id_5380f8-b0 > .kt-row-column-wrap) > .wp-block-kadence-column{justify-content:start;}#kt-layout-id_5380f8-b0 > .kt-row-column-wrap{column-gap:var(--global-kb-gap-md, 2rem);row-gap:var(--global-kb-gap-md, 2rem);padding-top:var( --global-kb-row-default-top, 25px );padding-bottom:var( --global-kb-row-default-bottom, 25px );padding-top:var(--global-kb-spacing-sm, 1.5rem);padding-bottom:var(--global-kb-spacing-sm, 1.5rem);grid-template-columns:repeat(2, minmax(0, 1fr));}#kt-layout-id_5380f8-b0 > .kt-row-layout-overlay{opacity:0.30;}@media all and (max-width: 1024px){#kt-layout-id_5380f8-b0 > .kt-row-column-wrap{grid-template-columns:repeat(2, minmax(0, 1fr));}}@media all and (max-width: 767px){#kt-layout-id_5380f8-b0 > .kt-row-column-wrap{grid-template-columns:minmax(0, 1fr);}}<\/style>\n<div class=\"wp-block-kadence-rowlayout alignnone\"><div id=\"kt-layout-id_5380f8-b0\" class=\"kt-row-layout-inner kt-layout-id_5380f8-b0\"><div class=\"kt-row-column-wrap kt-has-2-columns kt-gutter-default kt-v-gutter-default kt-row-valign-top kt-row-layout-equal kt-tab-layout-inherit kt-m-colapse-left-to-right kt-mobile-layout-row\"><style>.kadence-column_30180c-b5 > .kt-inside-inner-col{border-top-width:0px;border-right-width:0px;border-bottom-width:0px;border-left-width:0px;}.kadence-column_30180c-b5 > .kt-inside-inner-col,.kadence-column_30180c-b5 > .kt-inside-inner-col:before{border-top-left-radius:0px;border-top-right-radius:0px;border-bottom-right-radius:0px;border-bottom-left-radius:0px;}.kadence-column_30180c-b5 > .kt-inside-inner-col{column-gap:var(--global-kb-gap-sm, 1rem);}.kadence-column_30180c-b5 > .kt-inside-inner-col{flex-direction:column;}.kadence-column_30180c-b5 > .kt-inside-inner-col > .aligncenter{width:100%;}.kadence-column_30180c-b5 > .kt-inside-inner-col:before{opacity:0.3;}.kadence-column_30180c-b5{position:relative;}@media all and (max-width: 1024px){.kadence-column_30180c-b5 > .kt-inside-inner-col{flex-direction:column;}}@media all and (max-width: 767px){.kadence-column_30180c-b5 > .kt-inside-inner-col{flex-direction:column;}}<\/style>\n<div class=\"wp-block-kadence-column inner-column-1 kadence-column_30180c-b5\"><div class=\"kt-inside-inner-col\">\n<p><strong>Address of the Center:<\/strong><\/p>\n<p>Recreation Center \u201cNa Wydmie\u201d<br \/>ul. Ko\u015bcielna 12<br \/>72-420 Dziwn\u00f3w<\/p>\n<p>\u00a0<\/p>\n<p><strong>Contact in the summer season<\/strong><br \/>From May to the end of September<br \/>Reception of the Center<br \/>mobile (+48) 510 100 406<br \/>mobile (+48) 510 100 407<br \/>tel. (+48) 91 38 130 83<br \/>biuro@nawydmie.com.pl<\/p>\n<p>\u00a0<\/p>\n<p><strong>Contact outside the summer season<\/strong><\/p>\n<p>mobile (+48) 510 100 406<br \/>mobile (+48) 510 100 407<br \/>biuro@nawydmie.com.pl<\/p>\n<\/div><\/div>\n\n\n<style>.kadence-column_30bc73-46 > .kt-inside-inner-col{border-top-width:0px;border-right-width:0px;border-bottom-width:0px;border-left-width:0px;}.kadence-column_30bc73-46 > .kt-inside-inner-col,.kadence-column_30bc73-46 > .kt-inside-inner-col:before{border-top-left-radius:0px;border-top-right-radius:0px;border-bottom-right-radius:0px;border-bottom-left-radius:0px;}.kadence-column_30bc73-46 > .kt-inside-inner-col{column-gap:var(--global-kb-gap-sm, 1rem);}.kadence-column_30bc73-46 > .kt-inside-inner-col{flex-direction:column;}.kadence-column_30bc73-46 > .kt-inside-inner-col > .aligncenter{width:100%;}.kadence-column_30bc73-46 > .kt-inside-inner-col:before{opacity:0.3;}.kadence-column_30bc73-46{position:relative;}@media all and (max-width: 1024px){.kadence-column_30bc73-46 > .kt-inside-inner-col{flex-direction:column;}}@media all and (max-width: 767px){.kadence-column_30bc73-46 > .kt-inside-inner-col{flex-direction:column;}}<\/style>\n<div class=\"wp-block-kadence-column inner-column-2 kadence-column_30bc73-46\"><div class=\"kt-inside-inner-col\">\n<div class=\"wpcf7 no-js\" id=\"wpcf7-f5-o2\" lang=\"pl-PL\" dir=\"ltr\">\n<div class=\"screen-reader-response\"><p role=\"status\" aria-live=\"polite\" aria-atomic=\"true\"><\/p> <ul><\/ul><\/div>\n<form action=\"\/en\/wp-json\/wp\/v2\/pages\/492#wpcf7-f5-o2\" method=\"post\" class=\"wpcf7-form init\" aria-label=\"Formularz kontaktowy\" novalidate=\"novalidate\" data-status=\"init\">\n<div style=\"display: none;\">\n<input type=\"hidden\" name=\"_wpcf7\" value=\"5\" \/>\n<input type=\"hidden\" name=\"_wpcf7_version\" value=\"5.9.3\" \/>\n<input type=\"hidden\" name=\"_wpcf7_locale\" value=\"pl_PL\" \/>\n<input type=\"hidden\" name=\"_wpcf7_unit_tag\" value=\"wpcf7-f5-o2\" \/>\n<input type=\"hidden\" name=\"_wpcf7_container_post\" value=\"0\" \/>\n<input type=\"hidden\" name=\"_wpcf7_posted_data_hash\" value=\"\" \/>\n<input type=\"hidden\" name=\"_wpcf7_recaptcha_response\" value=\"\" \/>\n<\/div>\n<p><label> Twoje imi\u0119 i nazwisko<br \/>\n<span class=\"wpcf7-form-control-wrap\" data-name=\"your-name\"><input size=\"40\" class=\"wpcf7-form-control wpcf7-text wpcf7-validates-as-required\" aria-required=\"true\" aria-invalid=\"false\" value=\"\" type=\"text\" name=\"your-name\" \/><\/span> <\/label>\n<\/p>\n<p><label> Tw\u00f3j adres e-mail<br \/>\n<span class=\"wpcf7-form-control-wrap\" data-name=\"your-email\"><input size=\"40\" class=\"wpcf7-form-control wpcf7-email wpcf7-validates-as-required wpcf7-text wpcf7-validates-as-email\" aria-required=\"true\" aria-invalid=\"false\" value=\"\" type=\"email\" name=\"your-email\" \/><\/span> <\/label>\n<\/p>\n<p><label> Temat<br \/>\n<span class=\"wpcf7-form-control-wrap\" data-name=\"your-subject\"><input size=\"40\" class=\"wpcf7-form-control wpcf7-text wpcf7-validates-as-required\" aria-required=\"true\" aria-invalid=\"false\" value=\"\" type=\"text\" name=\"your-subject\" \/><\/span> <\/label>\n<\/p>\n<p><label> Twoja wiadomo\u015b\u0107 (opcjonalne)<br \/>\n<span class=\"wpcf7-form-control-wrap\" data-name=\"your-message\"><textarea cols=\"40\" rows=\"10\" class=\"wpcf7-form-control wpcf7-textarea\" aria-invalid=\"false\" name=\"your-message\"><\/textarea><\/span> <\/label>\n<\/p>\n<p><label class=\"rodoinfo\"> <span class=\"wpcf7-form-control-wrap\" data-name=\"acceptance-775\"><span class=\"wpcf7-form-control wpcf7-acceptance\"><span class=\"wpcf7-list-item\"><input type=\"checkbox\" name=\"acceptance-775\" value=\"1\" aria-invalid=\"false\" \/><\/span><\/span><\/span> Wyra\u017cam zgod\u0119 na przetwarzanie przez firm\u0119 O\u015brodek Wypoczynkowy NA WYDMIE, ul. Ko\u015bcielna 12, 72-420 Dziwn\u00f3w, NIP 9551222356, moich danych osobowych w celu i w zakresie niezb\u0119dnym do podj\u0119cia dzia\u0142a\u0144 prowadz\u0105cych do zawarcia umowy w tym do przesy\u0142ania informacji technicznych i ofert handlowych.<br \/>\n<\/label>\n<\/p>\n\n<p><input class=\"wpcf7-form-control wpcf7-submit has-spinner\" type=\"submit\" value=\"Wy\u015blij\" \/>\n<\/p><input type='hidden' class='wpcf7-pum' value='{\"closepopup\":false,\"closedelay\":0,\"openpopup\":false,\"openpopup_id\":0}' \/><div class=\"wpcf7-response-output\" aria-hidden=\"true\"><\/div>\n<\/form>\n<\/div>\n\n<\/div><\/div>\n<\/div><\/div><\/div>\n\n\n\n<iframe src=\"https:\/\/www.google.com\/maps\/embed?pb=!1m14!1m8!1m3!1d9374.323954307427!2d14.7611457!3d54.0279589!3m2!1i1024!2i768!4f13.1!3m3!1m2!1s0x0%3A0xb5de245b1febf8d3!2sO%C5%9Brodek%20Wypoczynkowy%20NA%20WYDMIE!5e0!3m2!1spl!2spl!4v1670595835251!5m2!1spl!2spl\" style=\"border:0;\" allowfullscreen=\"\" loading=\"lazy\" referrerpolicy=\"no-referrer-when-downgrade\" width=\"100%\" height=\"500\"><\/iframe>","protected":false},"excerpt":{"rendered":"<p>Contact us at Address of the Center: Recreation Center \u201cNa Wydmie\u201dul. Ko\u015bcielna 1272-420 Dziwn\u00f3w \u00a0 Contact in the summer seasonFrom May to the end of [&hellip;]<\/p>\n","protected":false},"author":1,"featured_media":0,"parent":0,"menu_order":0,"comment_status":"closed","ping_status":"closed","template":"","meta":{"_acf_changed":false,"footnotes":""},"class_list":["post-492","page","type-page","status-publish","hentry"],"acf":[],"yoast_head":"<!-- This site is optimized with the Yoast SEO plugin v22.4 - https:\/\/yoast.com\/wordpress\/plugins\/seo\/ -->\n<title>Contact - Na Wydmie<\/title>\n<meta name=\"robots\" content=\"index, follow, max-snippet:-1, max-image-preview:large, max-video-preview:-1\" \/>\n<link rel=\"canonical\" href=\"https:\/\/nawydmie.com.pl\/en\/kontakt\/\" \/>\n<meta property=\"og:locale\" content=\"en_US\" \/>\n<meta property=\"og:type\" content=\"article\" \/>\n<meta property=\"og:title\" content=\"Contact - Na Wydmie\" \/>\n<meta property=\"og:description\" content=\"Contact us at Address of the Center: Recreation Center \u201cNa Wydmie\u201dul. Ko\u015bcielna 1272-420 Dziwn\u00f3w \u00a0 Contact in the summer seasonFrom May to the end of [&hellip;]\" \/>\n<meta property=\"og:url\" content=\"https:\/\/nawydmie.com.pl\/en\/kontakt\/\" \/>\n<meta property=\"og:site_name\" content=\"Na Wydmie\" \/>\n<meta property=\"article:modified_time\" content=\"2023-03-02T19:42:03+00:00\" \/>\n<meta name=\"twitter:card\" content=\"summary_large_image\" \/>\n<meta name=\"twitter:label1\" content=\"Est. reading time\" \/>\n\t<meta name=\"twitter:data1\" content=\"1 minute\" \/>\n<script type=\"application\/ld+json\" class=\"yoast-schema-graph\">{\"@context\":\"https:\/\/schema.org\",\"@graph\":[{\"@type\":\"WebPage\",\"@id\":\"https:\/\/nawydmie.com.pl\/en\/kontakt\/\",\"url\":\"https:\/\/nawydmie.com.pl\/en\/kontakt\/\",\"name\":\"Contact - Na Wydmie\",\"isPartOf\":{\"@id\":\"https:\/\/nawydmie.com.pl\/en\/#website\"},\"datePublished\":\"2022-12-09T08:52:33+00:00\",\"dateModified\":\"2023-03-02T19:42:03+00:00\",\"breadcrumb\":{\"@id\":\"https:\/\/nawydmie.com.pl\/en\/kontakt\/#breadcrumb\"},\"inLanguage\":\"en-US\",\"potentialAction\":[{\"@type\":\"ReadAction\",\"target\":[[\"https:\/\/nawydmie.com.pl\/en\/kontakt\/\"]]}]},{\"@type\":\"BreadcrumbList\",\"@id\":\"https:\/\/nawydmie.com.pl\/en\/kontakt\/#breadcrumb\",\"itemListElement\":[{\"@type\":\"ListItem\",\"position\":1,\"name\":\"Strona g\u0142\u00f3wna\",\"item\":\"https:\/\/nawydmie.com.pl\/en\/\"},{\"@type\":\"ListItem\",\"position\":2,\"name\":\"Kontakt\"}]},{\"@type\":\"WebSite\",\"@id\":\"https:\/\/nawydmie.com.pl\/en\/#website\",\"url\":\"https:\/\/nawydmie.com.pl\/en\/\",\"name\":\"Na Wydmie\",\"description\":\"Kolejna witryna oparta na WordPressie\",\"potentialAction\":[{\"@type\":\"SearchAction\",\"target\":{\"@type\":\"EntryPoint\",\"urlTemplate\":\"https:\/\/nawydmie.com.pl\/en\/?s={search_term_string}\"},\"query-input\":\"required name=search_term_string\"}],\"inLanguage\":\"en-US\"}]}<\/script>\n<!-- \/ Yoast SEO plugin. -->","yoast_head_json":{"title":"Contact - Na Wydmie","robots":{"index":"index","follow":"follow","max-snippet":"max-snippet:-1","max-image-preview":"max-image-preview:large","max-video-preview":"max-video-preview:-1"},"canonical":"https:\/\/nawydmie.com.pl\/en\/kontakt\/","og_locale":"en_US","og_type":"article","og_title":"Contact - Na Wydmie","og_description":"Contact us at Address of the Center: Recreation Center \u201cNa Wydmie\u201dul. Ko\u015bcielna 1272-420 Dziwn\u00f3w \u00a0 Contact in the summer seasonFrom May to the end of [&hellip;]","og_url":"https:\/\/nawydmie.com.pl\/en\/kontakt\/","og_site_name":"Na Wydmie","article_modified_time":"2023-03-02T19:42:03+00:00","twitter_card":"summary_large_image","twitter_misc":{"Est. reading time":"1 minute"},"schema":{"@context":"https:\/\/schema.org","@graph":[{"@type":"WebPage","@id":"https:\/\/nawydmie.com.pl\/en\/kontakt\/","url":"https:\/\/nawydmie.com.pl\/en\/kontakt\/","name":"Contact - Na Wydmie","isPartOf":{"@id":"https:\/\/nawydmie.com.pl\/en\/#website"},"datePublished":"2022-12-09T08:52:33+00:00","dateModified":"2023-03-02T19:42:03+00:00","breadcrumb":{"@id":"https:\/\/nawydmie.com.pl\/en\/kontakt\/#breadcrumb"},"inLanguage":"en-US","potentialAction":[{"@type":"ReadAction","target":[["https:\/\/nawydmie.com.pl\/en\/kontakt\/"]]}]},{"@type":"BreadcrumbList","@id":"https:\/\/nawydmie.com.pl\/en\/kontakt\/#breadcrumb","itemListElement":[{"@type":"ListItem","position":1,"name":"Strona g\u0142\u00f3wna","item":"https:\/\/nawydmie.com.pl\/en\/"},{"@type":"ListItem","position":2,"name":"Kontakt"}]},{"@type":"WebSite","@id":"https:\/\/nawydmie.com.pl\/en\/#website","url":"https:\/\/nawydmie.com.pl\/en\/","name":"Na Wydmie","description":"Kolejna witryna oparta na WordPressie","potentialAction":[{"@type":"SearchAction","target":{"@type":"EntryPoint","urlTemplate":"https:\/\/nawydmie.com.pl\/en\/?s={search_term_string}"},"query-input":"required name=search_term_string"}],"inLanguage":"en-US"}]}},"_links":{"self":[{"href":"https:\/\/nawydmie.com.pl\/en\/wp-json\/wp\/v2\/pages\/492","targetHints":{"allow":["GET"]}}],"collection":[{"href":"https:\/\/nawydmie.com.pl\/en\/wp-json\/wp\/v2\/pages"}],"about":[{"href":"https:\/\/nawydmie.com.pl\/en\/wp-json\/wp\/v2\/types\/page"}],"author":[{"embeddable":true,"href":"https:\/\/nawydmie.com.pl\/en\/wp-json\/wp\/v2\/users\/1"}],"replies":[{"embeddable":true,"href":"https:\/\/nawydmie.com.pl\/en\/wp-json\/wp\/v2\/comments?post=492"}],"version-history":[{"count":11,"href":"https:\/\/nawydmie.com.pl\/en\/wp-json\/wp\/v2\/pages\/492\/revisions"}],"predecessor-version":[{"id":1205,"href":"https:\/\/nawydmie.com.pl\/en\/wp-json\/wp\/v2\/pages\/492\/revisions\/1205"}],"wp:attachment":[{"href":"https:\/\/nawydmie.com.pl\/en\/wp-json\/wp\/v2\/media?parent=492"}],"curies":[{"name":"wp","href":"https:\/\/api.w.org\/{rel}","templated":true}]}}