{"id":495,"date":"2022-12-09T10:22:41","date_gmt":"2022-12-09T09:22:41","guid":{"rendered":"https:\/\/nawydmie.com.pl\/?page_id=495"},"modified":"2025-11-12T10:56:38","modified_gmt":"2025-11-12T09:56:38","slug":"cennik-pokoje","status":"publish","type":"page","link":"https:\/\/nawydmie.com.pl\/en\/cennik-pokoje\/","title":{"rendered":"Price list 2023 \u2013\u00a0<strong>Rooms<\/strong>"},"content":{"rendered":"<h1>Price list 2023<strong> \u2013\u00a0Rooms<br \/><\/strong><\/h1>\n<p>\u00a0<\/p>\n<p style=\"text-align: center;\">Prices for one day per person, prices per day for studio and apartment. Prices in PLN with VAT.<\/p>\n<table style=\"border-collapse: collapse; width: 100%; height: 302px;\">\n<tbody>\n<tr style=\"height: 23px;\">\n<td style=\"width: 20%; height: 23px; text-align: center;\">Type of accommodation<\/td>\n<td style=\"width: 20%; height: 23px; text-align: center;\">Season A<br \/>08.07 &#8211; 20.08<\/td>\n<td style=\"width: 20%; height: 23px; text-align: center;\">Season B<br \/>24.06 &#8211; 08.07<br \/>20.08 &#8211; 27.08<\/td>\n<td style=\"width: 20%; height: 23px; text-align: center;\">Season C<br \/>03.06 &#8211; 24.06<br \/>27.08 &#8211; 03.09<\/td>\n<td style=\"width: 20%; height: 23px; text-align: center;\">Season D<br \/>28.04 &#8211; 03.06<br \/>03.09 &#8211; 30.09<\/td>\n<\/tr>\n<tr style=\"height: 70px;\">\n<td style=\"width: 20%; height: 70px; text-align: center;\"><strong>Standard room \u2013 building A<\/strong><br \/>(2-3 persons)<\/td>\n<td style=\"width: 20%; height: 70px; text-align: center;\">140,00\/150,00*<\/td>\n<td style=\"width: 20%; height: 70px; text-align: center;\">120,00\/130,00*<\/td>\n<td style=\"width: 20%; height: 70px; text-align: center;\">100,00<\/td>\n<td style=\"width: 20%; height: 70px; text-align: center;\">80,00<\/td>\n<\/tr>\n<tr style=\"height: 70px;\">\n<td style=\"width: 20%; height: 70px; text-align: center;\"><strong>Family room \u2013 building A and B<\/strong><br \/>(2-4 persons)<\/td>\n<td style=\"width: 20%; height: 70px; text-align: center;\"><strong>150,00\/160,00*<\/strong><\/td>\n<td style=\"width: 20%; height: 70px; text-align: center;\">130,00\/140,00*<\/td>\n<td style=\"width: 20%; height: 70px; text-align: center;\">110,00<\/td>\n<td style=\"width: 20%; height: 70px; text-align: center;\">85,00<\/td>\n<\/tr>\n<tr style=\"height: 23px;\">\n<td style=\"width: 20%; height: 23px; text-align: center;\"><strong>Family Plus room \u2013 building A<br \/><\/strong>(2-6 persons)<\/td>\n<td style=\"width: 20%; height: 23px; text-align: center;\">160,00\/170,00*<\/td>\n<td style=\"width: 20%; height: 23px; text-align: center;\">150,00\/160,00*<\/td>\n<td style=\"width: 20%; height: 23px; text-align: center;\">120,00<\/td>\n<td style=\"width: 20%; height: 23px; text-align: center;\">100,00<\/td>\n<\/tr>\n<tr style=\"height: 23px;\">\n<td style=\"width: 20%; height: 23px; text-align: center;\"><strong>Studio 2-rooms \u2013 building B<br \/><\/strong>(max. 6 people, 2 bathrooms)<\/td>\n<td style=\"width: 20%; height: 23px; text-align: center;\">640,00\/700,00*<\/td>\n<td style=\"width: 20%; height: 23px; text-align: center;\">580,00\/640,00*<\/td>\n<td style=\"width: 20%; height: 23px; text-align: center;\">480,00<\/td>\n<td style=\"width: 20%; height: 23px; text-align: center;\">380,00<\/td>\n<\/tr>\n<tr style=\"height: 93px;\">\n<td style=\"width: 20%; text-align: center; height: 93px;\"><strong>Apartment 3-rooms \u2013 building A<br \/><\/strong>(max. 8 people, kitchen, air conditioner)<\/td>\n<td style=\"width: 20%; text-align: center; height: 93px;\">800,00<\/td>\n<td style=\"width: 20%; text-align: center; height: 93px;\">750,00<\/td>\n<td style=\"width: 20%; text-align: center; height: 93px;\">580,00<\/td>\n<td style=\"width: 20%; text-align: center; height: 93px;\">480,00<\/td>\n<\/tr>\n<\/tbody>\n<\/table>\n<p>\u00a0<\/p>\n<table style=\"border-collapse: collapse; width: 100%; height: 69px;\">\n<tbody>\n<tr style=\"height: 23px;\">\n<td style=\"width: 20%; text-align: center; height: 23px;\"><strong>Meals tariff<\/strong><\/td>\n<td style=\"width: 20%; text-align: center; height: 23px;\">Kids 0-1<\/td>\n<td style=\"width: 20%; text-align: center; height: 23px;\">Kids 1-3 <\/td>\n<td style=\"width: 20%; text-align: center; height: 23px;\">Kids 3-12 <\/td>\n<td style=\"width: 20%; text-align: center; height: 23px;\">Adults<\/td>\n<\/tr>\n<tr style=\"height: 23px;\">\n<td style=\"width: 20%; text-align: center; height: 23px;\">Breakfast<\/td>\n<td style=\"width: 20%; text-align: center; height: 23px;\">free<\/td>\n<td style=\"width: 20%; text-align: center; height: 23px;\">free<\/td>\n<td style=\"width: 20%; text-align: center; height: 23px;\">32,00 PLN<\/td>\n<td style=\"width: 20%; text-align: center; height: 23px;\">42,00 PLN<\/td>\n<\/tr>\n<tr style=\"height: 23px;\">\n<td style=\"width: 20%; text-align: center; height: 23px;\">Dinner<\/td>\n<td style=\"width: 20%; text-align: center; height: 23px;\">no service<\/td>\n<td style=\"width: 20%; text-align: center; height: 23px;\">no service<\/td>\n<td style=\"width: 20%; text-align: center; height: 23px;\">32,00 PLN<\/td>\n<td style=\"width: 20%; text-align: center; height: 23px;\">42,00 PLN<\/td>\n<\/tr>\n<\/tbody>\n<\/table>\n\n\n\n<p>\u00a0<\/p>\n<p><strong>Fees for a small child in the parents\u2019 room:<\/strong><br \/>&#8211; zni\u017cka dla dzieci przys\u0142uguje przy dw\u00f3ch osobach pe\u0142nop\u0142atnych<\/p>\n<ul>\n<li>0-1 years \u2013 free of charge ( no benefit)<\/li>\n<li>1-3 years \u2013\u00a0 30,00\u00a0PLN \/ day in season A<\/li>\n<li>1-3 years \u2013\u00a0 20,00 PLN \/ day in season B and C\u00a0<\/li>\n<\/ul>\n<p>\u00a0<\/p>\n<p><strong>Discounts for children are entitled to:<\/strong><\/p>\n<ul>\n<li>with two full-paying persons in the rooms: Standard, Family and Family Plus<\/li>\n<\/ul>\n<p>\u00a0<\/p>\n<p><strong>Additional information:<\/strong><\/p>\n<ul>\n<li>In season A and B, the amount of the obligatory meal (breakfast or dinner) should be added to the accommodation price.<br \/>In the case od a stay without board the price marked with the symbol * applies.<\/li>\n<li>Breakfasts are served between 8.00-10.00 in the form of a Swedish counter, and\u00a0dinners<br \/>between 14:00 and 16:00 (soup in a vase, main course and compote).<\/li>\n<li>In season A and B for the price of staying we provide animation activities for the youngest.<\/li>\n<li>The fee for a dog, cat is 30 PLN\/day in season C and D for stays longer than 5 days.<br \/>For a shorter stay, the fee is\u00a040 PLN\/day. We do not accept dogs in season A and B.<\/li>\n<li>The owner is responsible for any damage caused by the animal.<\/li>\n<li>There is one free parking space in the car park for each house or room.<br \/>For each additional car, the additional fee is 15 PLN\/day (second parking space available only after prior notice).<\/li>\n<li>When booking holidays, an advance payment of approx. 30% of the total stay price is charged.<br \/>The remaining amount must be paid in cash on arrival or by bank transfer<br \/>at the latest one day before the start of services.<br \/>In the event of cancellation within less than\u00a030 days before the planned arrival, paid<br \/>the advance is forfeited in full for: NET-LINE Tomasz Dudek.<\/li>\n<li>The local tax will be subject to an additional fee in accordance with the Resolution of the Commune Council in Dziwn\u00f3w.<br \/>In 2021, the fee was PLN 2,00 per day per person.<\/li>\n<li>The prices given are valid for a minimum stay of 7 days in the season A and B, 5 days in the C and D seasons.<\/li>\n<li>The hotel day starts at 16.00 and ends at 10.00.<\/li>\n<li>The payment of the advance is equivalent to the acceptance of the regulations of the center, which is placed on the website.<\/li>\n<\/ul>\n<p>\u00a0<\/p>\n\n\n<style>.wp-block-kadence-advancedbtn.kb-btns_3b10f0-3a{gap:var(--global-kb-gap-xs, 0.5rem );justify-content:center;align-items:center;}.kt-btns_3b10f0-3a .kt-button{font-weight:normal;font-style:normal;}.kt-btns_3b10f0-3a .kt-btn-wrap-0{margin-right:5px;}.wp-block-kadence-advancedbtn.kt-btns_3b10f0-3a .kt-btn-wrap-0 .kt-button{color:#555555;border-color:#555555;}.wp-block-kadence-advancedbtn.kt-btns_3b10f0-3a .kt-btn-wrap-0 .kt-button:hover, .wp-block-kadence-advancedbtn.kt-btns_3b10f0-3a .kt-btn-wrap-0 .kt-button:focus{color:#ffffff;border-color:#444444;}.wp-block-kadence-advancedbtn.kt-btns_3b10f0-3a .kt-btn-wrap-0 .kt-button::before{display:none;}.wp-block-kadence-advancedbtn.kt-btns_3b10f0-3a .kt-btn-wrap-0 .kt-button:hover, .wp-block-kadence-advancedbtn.kt-btns_3b10f0-3a .kt-btn-wrap-0 .kt-button:focus{background:#444444;}<\/style>\n<div class=\"wp-block-kadence-advancedbtn kt-btn-align-center kt-btn-tablet-align-inherit kt-btn-mobile-align-inherit kt-btns-wrap kt-btns_3b10f0-3a\"><div class=\"kt-btn-wrap kt-btn-wrap-0\"><a class=\"kt-button button kt-btn-0-action kt-btn-size-standard kt-btn-style-basic kt-btn-svg-show-always kt-btn-has-text-true kt-btn-has-svg-false\" href=\"https:\/\/nawydmie.com.pl\/en\/regulamin\/\"><span class=\"kt-btn-inner-text\">Statute<\/span><\/a><\/div><\/div>","protected":false},"excerpt":{"rendered":"<p>Price list 2023 \u2013\u00a0Rooms \u00a0 Prices for one day per person, prices per day for studio and apartment. Prices in PLN with VAT. Type of [&hellip;]<\/p>\n","protected":false},"author":1,"featured_media":0,"parent":0,"menu_order":0,"comment_status":"closed","ping_status":"closed","template":"","meta":{"_acf_changed":false,"footnotes":""},"class_list":["post-495","page","type-page","status-publish","hentry"],"acf":[],"yoast_head":"<!-- This site is optimized with the Yoast SEO plugin v22.4 - https:\/\/yoast.com\/wordpress\/plugins\/seo\/ -->\n<title>Price list 2023 \u2013\u00a0Rooms - Na Wydmie<\/title>\n<meta name=\"robots\" content=\"index, follow, max-snippet:-1, max-image-preview:large, max-video-preview:-1\" \/>\n<link rel=\"canonical\" href=\"https:\/\/nawydmie.com.pl\/en\/cennik-pokoje\/\" \/>\n<meta property=\"og:locale\" content=\"en_US\" \/>\n<meta property=\"og:type\" content=\"article\" \/>\n<meta property=\"og:title\" content=\"Price list 2023 \u2013\u00a0Rooms - Na Wydmie\" \/>\n<meta property=\"og:description\" content=\"Price list 2023 \u2013\u00a0Rooms \u00a0 Prices for one day per person, prices per day for studio and apartment. Prices in PLN with VAT. Type of [&hellip;]\" \/>\n<meta property=\"og:url\" content=\"https:\/\/nawydmie.com.pl\/en\/cennik-pokoje\/\" \/>\n<meta property=\"og:site_name\" content=\"Na Wydmie\" \/>\n<meta property=\"article:modified_time\" content=\"2025-11-12T09:56:38+00:00\" \/>\n<meta name=\"twitter:card\" content=\"summary_large_image\" \/>\n<meta name=\"twitter:label1\" content=\"Est. reading time\" \/>\n\t<meta name=\"twitter:data1\" content=\"6 minutes\" \/>\n<script type=\"application\/ld+json\" class=\"yoast-schema-graph\">{\"@context\":\"https:\/\/schema.org\",\"@graph\":[{\"@type\":\"WebPage\",\"@id\":\"https:\/\/nawydmie.com.pl\/en\/cennik-pokoje\/\",\"url\":\"https:\/\/nawydmie.com.pl\/en\/cennik-pokoje\/\",\"name\":\"Price list 2023 \u2013\u00a0Rooms - Na Wydmie\",\"isPartOf\":{\"@id\":\"https:\/\/nawydmie.com.pl\/en\/#website\"},\"datePublished\":\"2022-12-09T09:22:41+00:00\",\"dateModified\":\"2025-11-12T09:56:38+00:00\",\"breadcrumb\":{\"@id\":\"https:\/\/nawydmie.com.pl\/en\/cennik-pokoje\/#breadcrumb\"},\"inLanguage\":\"en-US\",\"potentialAction\":[{\"@type\":\"ReadAction\",\"target\":[[\"https:\/\/nawydmie.com.pl\/en\/cennik-pokoje\/\"]]}]},{\"@type\":\"BreadcrumbList\",\"@id\":\"https:\/\/nawydmie.com.pl\/en\/cennik-pokoje\/#breadcrumb\",\"itemListElement\":[{\"@type\":\"ListItem\",\"position\":1,\"name\":\"Strona g\u0142\u00f3wna\",\"item\":\"https:\/\/nawydmie.com.pl\/en\/\"},{\"@type\":\"ListItem\",\"position\":2,\"name\":\"Cennik pokoje\"}]},{\"@type\":\"WebSite\",\"@id\":\"https:\/\/nawydmie.com.pl\/en\/#website\",\"url\":\"https:\/\/nawydmie.com.pl\/en\/\",\"name\":\"Na Wydmie\",\"description\":\"Kolejna witryna oparta na WordPressie\",\"potentialAction\":[{\"@type\":\"SearchAction\",\"target\":{\"@type\":\"EntryPoint\",\"urlTemplate\":\"https:\/\/nawydmie.com.pl\/en\/?s={search_term_string}\"},\"query-input\":\"required name=search_term_string\"}],\"inLanguage\":\"en-US\"}]}<\/script>\n<!-- \/ Yoast SEO plugin. -->","yoast_head_json":{"title":"Price list 2023 \u2013\u00a0Rooms - Na Wydmie","robots":{"index":"index","follow":"follow","max-snippet":"max-snippet:-1","max-image-preview":"max-image-preview:large","max-video-preview":"max-video-preview:-1"},"canonical":"https:\/\/nawydmie.com.pl\/en\/cennik-pokoje\/","og_locale":"en_US","og_type":"article","og_title":"Price list 2023 \u2013\u00a0Rooms - Na Wydmie","og_description":"Price list 2023 \u2013\u00a0Rooms \u00a0 Prices for one day per person, prices per day for studio and apartment. Prices in PLN with VAT. Type of [&hellip;]","og_url":"https:\/\/nawydmie.com.pl\/en\/cennik-pokoje\/","og_site_name":"Na Wydmie","article_modified_time":"2025-11-12T09:56:38+00:00","twitter_card":"summary_large_image","twitter_misc":{"Est. reading time":"6 minutes"},"schema":{"@context":"https:\/\/schema.org","@graph":[{"@type":"WebPage","@id":"https:\/\/nawydmie.com.pl\/en\/cennik-pokoje\/","url":"https:\/\/nawydmie.com.pl\/en\/cennik-pokoje\/","name":"Price list 2023 \u2013\u00a0Rooms - Na Wydmie","isPartOf":{"@id":"https:\/\/nawydmie.com.pl\/en\/#website"},"datePublished":"2022-12-09T09:22:41+00:00","dateModified":"2025-11-12T09:56:38+00:00","breadcrumb":{"@id":"https:\/\/nawydmie.com.pl\/en\/cennik-pokoje\/#breadcrumb"},"inLanguage":"en-US","potentialAction":[{"@type":"ReadAction","target":[["https:\/\/nawydmie.com.pl\/en\/cennik-pokoje\/"]]}]},{"@type":"BreadcrumbList","@id":"https:\/\/nawydmie.com.pl\/en\/cennik-pokoje\/#breadcrumb","itemListElement":[{"@type":"ListItem","position":1,"name":"Strona g\u0142\u00f3wna","item":"https:\/\/nawydmie.com.pl\/en\/"},{"@type":"ListItem","position":2,"name":"Cennik pokoje"}]},{"@type":"WebSite","@id":"https:\/\/nawydmie.com.pl\/en\/#website","url":"https:\/\/nawydmie.com.pl\/en\/","name":"Na Wydmie","description":"Kolejna witryna oparta na WordPressie","potentialAction":[{"@type":"SearchAction","target":{"@type":"EntryPoint","urlTemplate":"https:\/\/nawydmie.com.pl\/en\/?s={search_term_string}"},"query-input":"required name=search_term_string"}],"inLanguage":"en-US"}]}},"_links":{"self":[{"href":"https:\/\/nawydmie.com.pl\/en\/wp-json\/wp\/v2\/pages\/495","targetHints":{"allow":["GET"]}}],"collection":[{"href":"https:\/\/nawydmie.com.pl\/en\/wp-json\/wp\/v2\/pages"}],"about":[{"href":"https:\/\/nawydmie.com.pl\/en\/wp-json\/wp\/v2\/types\/page"}],"author":[{"embeddable":true,"href":"https:\/\/nawydmie.com.pl\/en\/wp-json\/wp\/v2\/users\/1"}],"replies":[{"embeddable":true,"href":"https:\/\/nawydmie.com.pl\/en\/wp-json\/wp\/v2\/comments?post=495"}],"version-history":[{"count":85,"href":"https:\/\/nawydmie.com.pl\/en\/wp-json\/wp\/v2\/pages\/495\/revisions"}],"predecessor-version":[{"id":2364,"href":"https:\/\/nawydmie.com.pl\/en\/wp-json\/wp\/v2\/pages\/495\/revisions\/2364"}],"wp:attachment":[{"href":"https:\/\/nawydmie.com.pl\/en\/wp-json\/wp\/v2\/media?parent=495"}],"curies":[{"name":"wp","href":"https:\/\/api.w.org\/{rel}","templated":true}]}}